{"id":22960,"date":"2023-05-14T21:11:40","date_gmt":"2023-05-14T21:11:40","guid":{"rendered":"https:\/\/www.tornum.com\/product\/buhler-tas-laab\/"},"modified":"2025-07-30T08:36:52","modified_gmt":"2025-07-30T08:36:52","slug":"buhler-tas-laab","status":"publish","type":"product","link":"https:\/\/www.tornum.com\/hu\/termek\/buhler-tas-laab\/","title":{"rendered":"B\u00dcHLER TAS\u2122 \u2013 LAAB"},"content":{"rendered":"<div class=\"wpb-content-wrapper\"><p>[vc_row][vc_column width=&#8221;2\/3&#8243;][vc_column_text]A TAS\u2122 univerz\u00e1lis magtiszt\u00edt\u00f3 els\u0151dleges rendeltet\u00e9se a gabona \u00e9s egy\u00e9b szemcs\u00e9s anyagok el\u0151tiszt\u00edt\u00e1sa, de haszn\u00e1lhat\u00f3 oszt\u00e1lyoz\u00f3 tiszt\u00edt\u00e1sra is. A robusztus fel\u00e9p\u00edt\u00e9s hossz\u00fa \u00e9lettartamot \u00e9s megb\u00edzhat\u00f3 m\u0171k\u00f6d\u00e9st garant\u00e1l. A TAS\u2122 k\u00fcl\u00f6nb\u00f6z\u0151 c\u00e9lokra alkalmas 8 modellv\u00e1ltozatban \u00e9rhet\u0151 el, amelyek kapacit\u00e1sa 60-t\u00f3l 250 t\/h \u00e9rt\u00e9kig terjed.[\/vc_column_text][\/vc_column][vc_column width=&#8221;1\/3&#8243;][vc_column_text]<strong>JELLEMZ\u0150K<\/strong><br \/>\n\u2022 Oszcill\u00e1l\u00f3 rostaszekr\u00e9ny egyenletes, r\u00e1zk\u00f3d\u00e1smentes m\u0171k\u00f6d\u00e9ssel<br \/>\n\u2022 A konstrukci\u00f3 csak minim\u00e1lis alapoz\u00e1st ig\u00e9nyel<br \/>\n\u2022 Ac\u00e9l rostakazett\u00e1k goly\u00f3s tiszt\u00edt\u00e1ssal<br \/>\n\u2022 A teljesen z\u00e1rt rostaszekr\u00e9ny pormentes k\u00f6rnyezetet biztos\u00edt<br \/>\n\u2022 A g\u00e9pek alapfelszerelts\u00e9gk\u00e9nt el\u0151- \u00e9s ut\u00f3elsz\u00edv\u00f3 csatorn\u00e1t is tartalmaznak<br \/>\n\u2022 Bet\u00f6lt\u0151 szakasz l\u00e9gelsz\u00edv\u00f3val \u00e9s adagol\u00f3g\u00f6rg\u0151vel<br \/>\n\u2022 Kimeneti szakasz emelked\u0151 l\u00e9gcsatorn\u00e1val<\/p>\n<p><strong>KIEG\u00c9SZ\u00cdT\u0150K<\/strong><br \/>\n\u2022 Rostav\u00e1lt\u00f3 terel\u0151lap a kett\u0151s tiszt\u00edt\u00e1shoz<br \/>\n\u2022 Ventil\u00e1tor<br \/>\n\u2022 Ciklon<br \/>\n\u2022 Sz\u0171r\u0151[\/vc_column_text][\/vc_column][\/vc_row]<\/p>\n<\/div>","protected":false},"excerpt":{"rendered":"<p>A TAS\u2122 univerz\u00e1lis tiszt\u00edt\u00f3g\u00e9pet els\u0151sorban gabona \u00e9s szemcs\u00e9s anyagok el\u0151tiszt\u00edt\u00e1s\u00e1ra tervezt\u00e9k, de sz\u00fcks\u00e9g eset\u00e9n oszt\u00e1lyoz\u00f3 tiszt\u00edt\u00e1sra is alkalmazhat\u00f3.<\/p>\n","protected":false},"featured_media":21847,"comment_status":"open","ping_status":"closed","template":"","meta":{"_acf_changed":false},"product_brand":[],"product_cat":[420,427,428,435,461],"product_tag":[462,463,438,439],"class_list":{"0":"post-22960","1":"product","2":"type-product","3":"status-publish","4":"has-post-thumbnail","6":"product_cat-minden-termek-hu","7":"product_cat-elelmiszer-hu","8":"product_cat-gabona-hu","9":"product_cat-anyagmozgatas","10":"product_cat-tisztitogepek-hu","11":"product_tag-cleaning-hu","12":"product_tag-dc-remover-hu","13":"product_tag-dust-hu","14":"product_tag-separation-hu","15":"description-off","17":"first","18":"instock","19":"shipping-taxable","20":"product-type-simple"},"acf":[],"_links":{"self":[{"href":"https:\/\/www.tornum.com\/hu\/wp-json\/wp\/v2\/product\/22960","targetHints":{"allow":["GET"]}}],"collection":[{"href":"https:\/\/www.tornum.com\/hu\/wp-json\/wp\/v2\/product"}],"about":[{"href":"https:\/\/www.tornum.com\/hu\/wp-json\/wp\/v2\/types\/product"}],"replies":[{"embeddable":true,"href":"https:\/\/www.tornum.com\/hu\/wp-json\/wp\/v2\/comments?post=22960"}],"version-history":[{"count":3,"href":"https:\/\/www.tornum.com\/hu\/wp-json\/wp\/v2\/product\/22960\/revisions"}],"predecessor-version":[{"id":50498,"href":"https:\/\/www.tornum.com\/hu\/wp-json\/wp\/v2\/product\/22960\/revisions\/50498"}],"wp:featuredmedia":[{"embeddable":true,"href":"https:\/\/www.tornum.com\/hu\/wp-json\/wp\/v2\/media\/21847"}],"wp:attachment":[{"href":"https:\/\/www.tornum.com\/hu\/wp-json\/wp\/v2\/media?parent=22960"}],"wp:term":[{"taxonomy":"product_brand","embeddable":true,"href":"https:\/\/www.tornum.com\/hu\/wp-json\/wp\/v2\/product_brand?post=22960"},{"taxonomy":"product_cat","embeddable":true,"href":"https:\/\/www.tornum.com\/hu\/wp-json\/wp\/v2\/product_cat?post=22960"},{"taxonomy":"product_tag","embeddable":true,"href":"https:\/\/www.tornum.com\/hu\/wp-json\/wp\/v2\/product_tag?post=22960"}],"curies":[{"name":"wp","href":"https:\/\/api.w.org\/{rel}","templated":true}]}}