{"id":22966,"date":"2023-05-14T21:55:41","date_gmt":"2023-05-14T21:55:41","guid":{"rendered":"https:\/\/www.tornum.com\/product\/buildings\/"},"modified":"2025-07-30T08:46:48","modified_gmt":"2025-07-30T08:46:48","slug":"epuletek","status":"publish","type":"product","link":"https:\/\/www.tornum.com\/hu\/termek\/epuletek\/","title":{"rendered":"\u00c9P\u00dcLETEK"},"content":{"rendered":"<p>Az \u00e9szaki orsz\u00e1gokban hagyom\u00e1ny, hogy a gabonasz\u00e1r\u00edt\u00f3kat \u00e9s a t\u00e1rol\u00f3t z\u00e1rt t\u00e9rben tartj\u00e1k. A Tornum egyedi sz\u00e1r\u00edt\u00f3h\u00e1zak \u00e9p\u00edt\u00e9s\u00e9re specializ\u00e1l\u00f3dott, \u00e9s minden egyes sz\u00e1r\u00edt\u00f3h\u00e1zat az \u00fcgyfelek egyedi ig\u00e9nyeihez \u00e9s preferenci\u00e1ihoz igaz\u00edt.<\/p>\n<p>R\u00e1ad\u00e1sul az uni\u00f3s el\u0151\u00edr\u00e1sok \u00e9rtelm\u00e9ben 2014. j\u00falius 1. \u00f3ta minden, az uni\u00f3s piacon \u00e9rt\u00e9kes\u00edtett \u00e9p\u00edt\u00e9si term\u00e9knek CE-jel\u00f6l\u00e9ssel kell rendelkeznie. A Tornum gondoskodik ezen el\u0151\u00edr\u00e1s betart\u00e1s\u00e1r\u00f3l, biztos\u00edtva, hogy sz\u00e1r\u00edt\u00f3h\u00e1zaik megfeleljenek az uni\u00f3s k\u00f6vetelm\u00e9nyeknek.<\/p>\n","protected":false},"excerpt":{"rendered":"<p>Az \u00e9szaki \u00e1llamokban a gabonasz\u00e1r\u00edt\u00f3t \u00e9s -t\u00e1rol\u00f3t hagyom\u00e1nyosan belt\u00e9rben helyezik el. A Tornum az \u00fcgyf\u00e9l elk\u00e9pzel\u00e9se \u00e9s \u00f6tletei szerint \u00e9p\u00edt sz\u00e1r\u00edt\u00f3h\u00e1zakat, \u00edgy mindegyik \u00e9p\u00fclet egyedi lehet.<\/p>\n","protected":false},"featured_media":21413,"comment_status":"open","ping_status":"closed","template":"","meta":{"_acf_changed":false},"product_brand":[],"product_cat":[420,434,427,428,465,466],"product_tag":[467,453,431,468],"class_list":{"0":"post-22966","1":"product","2":"type-product","3":"status-publish","4":"has-post-thumbnail","6":"product_cat-minden-termek-hu","7":"product_cat-takarmanyok-hu","8":"product_cat-elelmiszer-hu","9":"product_cat-gabona-hu","10":"product_cat-tarolas","11":"product_cat-tarolo-epuletek-hu","12":"product_tag-bins-hu","13":"product_tag-conveyor-hu","14":"product_tag-dryer-hu","15":"product_tag-storage-hu","16":"description-off","18":"first","19":"instock","20":"shipping-taxable","21":"product-type-simple"},"acf":[],"_links":{"self":[{"href":"https:\/\/www.tornum.com\/hu\/wp-json\/wp\/v2\/product\/22966","targetHints":{"allow":["GET"]}}],"collection":[{"href":"https:\/\/www.tornum.com\/hu\/wp-json\/wp\/v2\/product"}],"about":[{"href":"https:\/\/www.tornum.com\/hu\/wp-json\/wp\/v2\/types\/product"}],"replies":[{"embeddable":true,"href":"https:\/\/www.tornum.com\/hu\/wp-json\/wp\/v2\/comments?post=22966"}],"version-history":[{"count":2,"href":"https:\/\/www.tornum.com\/hu\/wp-json\/wp\/v2\/product\/22966\/revisions"}],"predecessor-version":[{"id":22970,"href":"https:\/\/www.tornum.com\/hu\/wp-json\/wp\/v2\/product\/22966\/revisions\/22970"}],"wp:featuredmedia":[{"embeddable":true,"href":"https:\/\/www.tornum.com\/hu\/wp-json\/wp\/v2\/media\/21413"}],"wp:attachment":[{"href":"https:\/\/www.tornum.com\/hu\/wp-json\/wp\/v2\/media?parent=22966"}],"wp:term":[{"taxonomy":"product_brand","embeddable":true,"href":"https:\/\/www.tornum.com\/hu\/wp-json\/wp\/v2\/product_brand?post=22966"},{"taxonomy":"product_cat","embeddable":true,"href":"https:\/\/www.tornum.com\/hu\/wp-json\/wp\/v2\/product_cat?post=22966"},{"taxonomy":"product_tag","embeddable":true,"href":"https:\/\/www.tornum.com\/hu\/wp-json\/wp\/v2\/product_tag?post=22966"}],"curies":[{"name":"wp","href":"https:\/\/api.w.org\/{rel}","templated":true}]}}