{"id":22972,"date":"2023-05-04T11:17:37","date_gmt":"2023-05-04T11:17:37","guid":{"rendered":"https:\/\/www.tornum.com\/product\/bulk-loading-bin-ut\/"},"modified":"2025-07-14T07:15:07","modified_gmt":"2025-07-14T07:15:07","slug":"ut-tranzittartaly","status":"publish","type":"product","link":"https:\/\/www.tornum.com\/hu\/termek\/ut-tranzittartaly\/","title":{"rendered":"UT TRANZITTART\u00c1LY"},"content":{"rendered":"<div class=\"wpb-content-wrapper\"><p>[vc_row gap=&#8221;35&#8243;][vc_column width=&#8221;2\/3&#8243;][vc_column_text]A Tornum tranzittart\u00e1ly gyors \u00e9s hat\u00e9kony felt\u00f6lt\u00e9st biztos\u00edt. Magass\u00e1ga \u00e9s sz\u00e9less\u00e9ge a nagy m\u00e9ret\u0171 j\u00e1rm\u0171vekhez alkalmazkodik, amelyek \u00edgy \u00e1thajt\u00e1s k\u00f6zben k\u00f6nnyen rakodhat\u00f3k. A tart\u00e1ly n\u00e9gysz\u00f6gszelv\u00e9ny\u0171 r\u00e1csos kerettel kialak\u00edtott szerkezete rendk\u00edv\u00fcl szil\u00e1rd. A tranzittart\u00e1ly telep\u00edt\u00e9se rendk\u00edv\u00fcl egyszer\u0171, csavarokkal \u00e9s any\u00e1kkal \u00f6sszeszerelhet\u0151. [\/vc_column_text][\/vc_column][vc_column width=&#8221;1\/3&#8243;][vc_column_text]<strong>Jellemz\u0151k<\/strong><br \/>\n\u2022 Anyaga t\u0171zihorganyzott ac\u00e9llemez<br \/>\n\u2022 A t\u00e1rol\u00f3szekci\u00f3k 505 mm magasak, \u00e9s a k\u00edv\u00e1nt t\u00e1rol\u00f3kapacit\u00e1sra b\u0151v\u00edthet\u0151k<br \/>\n\u2022 A sima bels\u0151 fel\u00fcleteknek k\u00f6sz\u00f6nhet\u0151en tiszt\u00edt\u00e1sa egyszer\u0171<br \/>\n\u2022 A szerkezet sz\u00e1mos telep\u00edt\u00e9si m\u00f3dra ad lehet\u0151s\u00e9get, ami \u00e1ltal id\u0151 takar\u00edthat\u00f3 meg.<br \/>\n\u2022 A tart\u00e1ly kimenete 300 x 300mm m\u00e9ret\u0171 \u00e9s olyan tol\u00f3z\u00e1rral rendelkezik, amely talajszintr\u0151l m\u0171k\u00f6dtethet\u0151<br \/>\n\u2022 A tol\u00f3z\u00e1r alatti szabv\u00e1nyos t\u00e1vols\u00e1g 4620 mm<\/p>\n<p><strong>Kieg\u00e9sz\u00edt\u0151k<\/strong><br \/>\n\u2022 Szintjelz\u0151<br \/>\n\u2022 Ellen\u0151rz\u0151 ny\u00edl\u00e1s padl\u00f3ra szerelt biztons\u00e1gi r\u00e1ccsal<br \/>\n\u2022 V\u00e1laszfal<br \/>\n\u2022 Tol\u00f3z\u00e1r vez\u00e9rl\u0151elemekkel<br \/>\n\u2022 Motoros tol\u00f3z\u00e1r<br \/>\n\u2022 L\u00e9tra<br \/>\n\u2022 Kapaszkod\u00f3 korl\u00e1tok<br \/>\n[\/vc_column_text][\/vc_column][\/vc_row]<\/p>\n<\/div>","protected":false},"excerpt":{"rendered":"<p>A Tornum tranzittart\u00e1lya robusztus, n\u00e9gyzetr\u00e1csos kerete lehet\u0151v\u00e9 teszi a nagym\u00e9ret\u0171 j\u00e1rm\u0171vek hat\u00e9kony rakod\u00e1s\u00e1t. Csavarok \u00e9s any\u00e1k seg\u00edts\u00e9g\u00e9vel k\u00f6nnyen felszerelhet\u0151.<\/p>\n","protected":false},"featured_media":21422,"comment_status":"open","ping_status":"closed","template":"","meta":{"_acf_changed":false},"product_brand":[],"product_cat":[420,434,427,428,465,469],"product_tag":[452,470,426,468],"class_list":{"0":"post-22972","1":"product","2":"type-product","3":"status-publish","4":"has-post-thumbnail","6":"product_cat-minden-termek-hu","7":"product_cat-takarmanyok-hu","8":"product_cat-elelmiszer-hu","9":"product_cat-gabona-hu","10":"product_cat-tarolas","11":"product_cat-tranzittartaly-hu","12":"product_tag-bin-hu","13":"product_tag-building-hu","14":"product_tag-silo-hu","15":"product_tag-storage-hu","16":"description-off","18":"first","19":"instock","20":"shipping-taxable","21":"product-type-simple"},"acf":[],"_links":{"self":[{"href":"https:\/\/www.tornum.com\/hu\/wp-json\/wp\/v2\/product\/22972","targetHints":{"allow":["GET"]}}],"collection":[{"href":"https:\/\/www.tornum.com\/hu\/wp-json\/wp\/v2\/product"}],"about":[{"href":"https:\/\/www.tornum.com\/hu\/wp-json\/wp\/v2\/types\/product"}],"replies":[{"embeddable":true,"href":"https:\/\/www.tornum.com\/hu\/wp-json\/wp\/v2\/comments?post=22972"}],"version-history":[{"count":3,"href":"https:\/\/www.tornum.com\/hu\/wp-json\/wp\/v2\/product\/22972\/revisions"}],"predecessor-version":[{"id":45693,"href":"https:\/\/www.tornum.com\/hu\/wp-json\/wp\/v2\/product\/22972\/revisions\/45693"}],"wp:featuredmedia":[{"embeddable":true,"href":"https:\/\/www.tornum.com\/hu\/wp-json\/wp\/v2\/media\/21422"}],"wp:attachment":[{"href":"https:\/\/www.tornum.com\/hu\/wp-json\/wp\/v2\/media?parent=22972"}],"wp:term":[{"taxonomy":"product_brand","embeddable":true,"href":"https:\/\/www.tornum.com\/hu\/wp-json\/wp\/v2\/product_brand?post=22972"},{"taxonomy":"product_cat","embeddable":true,"href":"https:\/\/www.tornum.com\/hu\/wp-json\/wp\/v2\/product_cat?post=22972"},{"taxonomy":"product_tag","embeddable":true,"href":"https:\/\/www.tornum.com\/hu\/wp-json\/wp\/v2\/product_tag?post=22972"}],"curies":[{"name":"wp","href":"https:\/\/api.w.org\/{rel}","templated":true}]}}