{"id":22980,"date":"2023-05-14T20:51:26","date_gmt":"2023-05-14T20:51:26","guid":{"rendered":"https:\/\/www.tornum.com\/product\/centrifugal-fans\/"},"modified":"2025-07-30T08:53:45","modified_gmt":"2025-07-30T08:53:45","slug":"radialventilatorok","status":"publish","type":"product","link":"https:\/\/www.tornum.com\/hu\/termek\/radialventilatorok\/","title":{"rendered":"RADI\u00c1LVENTIL\u00c1TOROK"},"content":{"rendered":"<div class=\"wpb-content-wrapper\"><p>[vc_row][vc_column width=&#8221;2\/3&#8243;][vc_column_text]A Tornum radi\u00e1lventil\u00e1torai gabona kondicion\u00e1l\u00e1s\u00e1ra, h\u0171t\u00e9s\u00e9re \u00e9s sz\u00e1r\u00edt\u00e1s\u00e1ra k\u00e9sz\u00fcltek. A ventil\u00e1torok rendk\u00edv\u00fcl hat\u00e9konyak, a zajszintj\u00fck pedig alacsony. A radi\u00e1lventil\u00e1torokat nagy nyom\u00e1skapacit\u00e1suk teszi ide\u00e1liss\u00e1 a nedves gabona kondicion\u00e1l\u00e1s\u00e1ra. A t\u00f6bbf\u00e9le r\u00f6gz\u00edt\u00e9si lehet\u0151s\u00e9g megk\u00f6nny\u00edti a ventil\u00e1torok elhelyez\u00e9s\u00e9t.[\/vc_column_text][\/vc_column][vc_column width=&#8221;1\/3&#8243;][vc_column_text]<strong>JELLEMZ\u0150K<\/strong><br \/>\n\u2022 Tiszta, robusztus konstrukci\u00f3<br \/>\n\u2022 T\u0171zihorganyzott ac\u00e9lb\u00f3l k\u00e9sz\u00fclt, mostoha k\u00f6rnyezetekhez hegesztett, festett kivitelben<br \/>\n\u2022 V\u00e1laszthat\u00f3 l\u00e9gkimeneti cs\u0151ir\u00e1nnyal<br \/>\n\u2022 Kapacit\u00e1s: ak\u00e1r 120 000m\u00b3\/\u00f3ra, nyom\u00e1startom\u00e1ny: 10\u20131300mmH2O<\/p>\n<p><strong>KIEG\u00c9SZ\u00cdT\u0150K<\/strong><br \/>\n\u2022 Bemeneti \u00e9s kimeneti csatlakoz\u00f3idom spir\u00e1lis l\u00e9gcs\u00f6vekhez[\/vc_column_text][\/vc_column][\/vc_row]<\/p>\n<\/div>","protected":false},"excerpt":{"rendered":"<p>A Tornum radi\u00e1lventil\u00e1torai gabonaf\u00e9l\u00e9k kondicion\u00e1l\u00e1s\u00e1ra, h\u0171t\u00e9s\u00e9re \u00e9s sz\u00e1r\u00edt\u00e1s\u00e1ra k\u00e9sz\u00fcltek Kiv\u00e9teles hat\u00e9konys\u00e1ggal \u00e9s alacsony zajkibocs\u00e1t\u00e1ssal rendelkeznek.<\/p>\n","protected":false},"featured_media":50238,"comment_status":"open","ping_status":"closed","template":"","meta":{"_acf_changed":false},"product_brand":[],"product_cat":[420,421,471],"product_tag":[423,467,437,426],"class_list":{"0":"post-22980","1":"product","2":"type-product","3":"status-publish","4":"has-post-thumbnail","6":"product_cat-minden-termek-hu","7":"product_cat-kondicionalas","8":"product_cat-radialventilator-hu","9":"product_tag-axial-hu","10":"product_tag-bins-hu","11":"product_tag-conditioning-hu","12":"product_tag-silo-hu","13":"description-off","15":"first","16":"instock","17":"shipping-taxable","18":"product-type-simple"},"acf":[],"_links":{"self":[{"href":"https:\/\/www.tornum.com\/hu\/wp-json\/wp\/v2\/product\/22980","targetHints":{"allow":["GET"]}}],"collection":[{"href":"https:\/\/www.tornum.com\/hu\/wp-json\/wp\/v2\/product"}],"about":[{"href":"https:\/\/www.tornum.com\/hu\/wp-json\/wp\/v2\/types\/product"}],"replies":[{"embeddable":true,"href":"https:\/\/www.tornum.com\/hu\/wp-json\/wp\/v2\/comments?post=22980"}],"version-history":[{"count":3,"href":"https:\/\/www.tornum.com\/hu\/wp-json\/wp\/v2\/product\/22980\/revisions"}],"predecessor-version":[{"id":40304,"href":"https:\/\/www.tornum.com\/hu\/wp-json\/wp\/v2\/product\/22980\/revisions\/40304"}],"wp:featuredmedia":[{"embeddable":true,"href":"https:\/\/www.tornum.com\/hu\/wp-json\/wp\/v2\/media\/50238"}],"wp:attachment":[{"href":"https:\/\/www.tornum.com\/hu\/wp-json\/wp\/v2\/media?parent=22980"}],"wp:term":[{"taxonomy":"product_brand","embeddable":true,"href":"https:\/\/www.tornum.com\/hu\/wp-json\/wp\/v2\/product_brand?post=22980"},{"taxonomy":"product_cat","embeddable":true,"href":"https:\/\/www.tornum.com\/hu\/wp-json\/wp\/v2\/product_cat?post=22980"},{"taxonomy":"product_tag","embeddable":true,"href":"https:\/\/www.tornum.com\/hu\/wp-json\/wp\/v2\/product_tag?post=22980"}],"curies":[{"name":"wp","href":"https:\/\/api.w.org\/{rel}","templated":true}]}}