{"id":22982,"date":"2023-05-14T21:46:04","date_gmt":"2023-05-14T21:46:04","guid":{"rendered":"https:\/\/www.tornum.com\/product\/centriklon-dust-separator\/"},"modified":"2025-07-15T09:52:10","modified_gmt":"2025-07-15T09:52:10","slug":"centriklon-porlevalaszto","status":"publish","type":"product","link":"https:\/\/www.tornum.com\/hu\/termek\/centriklon-porlevalaszto\/","title":{"rendered":"CENTRIKLON PORLEV\u00c1LASZT\u00d3"},"content":{"rendered":"<p>A Tornum Centriklon egy gabonasz\u00e1r\u00edt\u00f3khoz tervezett, rendk\u00edv\u00fcl hat\u00e9kony porlev\u00e1laszt\u00f3. Nagyon nagy kapacit\u00e1st k\u00edn\u00e1l kis helyen, \u00e9s figyelemre m\u00e9lt\u00f3 megb\u00edzhat\u00f3s\u00e1got ny\u00fajt, minim\u00e1lis karbantart\u00e1si ig\u00e9ny mellett, mivel nem tartalmaz mozg\u00f3 alkatr\u00e9szeket. A Centriklon t\u00f6bbf\u00e9le m\u00e9retben kaphat\u00f3, \u00e9s az adott l\u00e9gmennyis\u00e9g- \u00e9s kapacit\u00e1sig\u00e9nyeknek megfelel\u0151en m\u00e9retezhet\u0151. Ez a megold\u00e1s kiv\u00e1l\u00f3 v\u00e1laszt\u00e1s azok sz\u00e1m\u00e1ra, akik hat\u00e9kony por- \u00e9s pelyvaelt\u00e1vol\u00edt\u00e1st keresnek a gabonasz\u00e1r\u00edt\u00e1si folyamatokban.<\/p>\n","protected":false},"excerpt":{"rendered":"<p>A Tornum Centriklon egy kompakt \u00e9s megb\u00edzhat\u00f3 porlev\u00e1laszt\u00f3 gabonasz\u00e1r\u00edt\u00f3khoz, amely nagy kapacit\u00e1s\u00e1r\u00f3l \u00e9s alacsony karbantart\u00e1si ig\u00e9ny\u00e9r\u0151l ismert. K\u00fcl\u00f6nb\u00f6z\u0151 m\u00e9retekben kaphat\u00f3, hogy megfeleljen az adott l\u00e9gmennyis\u00e9g- \u00e9s kapacit\u00e1sig\u00e9nyeknek, \u00edgy ide\u00e1lis a hat\u00e9kony por- \u00e9s pelyvaelt\u00e1vol\u00edt\u00e1shoz a gabonasz\u00e1r\u00edt\u00e1s sor\u00e1n.<\/p>\n","protected":false},"featured_media":21263,"comment_status":"open","ping_status":"closed","template":"","meta":{"_acf_changed":false},"product_brand":[],"product_cat":[420,435,436],"product_tag":[438,425,472,439],"class_list":{"0":"post-22982","1":"product","2":"type-product","3":"status-publish","4":"has-post-thumbnail","6":"product_cat-minden-termek-hu","7":"product_cat-anyagmozgatas","8":"product_cat-porlevalasztas-hu","9":"product_tag-dust-hu","10":"product_tag-fan-hu","11":"product_tag-radial-fan-hu","12":"product_tag-separation-hu","13":"description-off","15":"first","16":"instock","17":"shipping-taxable","18":"product-type-simple"},"acf":[],"_links":{"self":[{"href":"https:\/\/www.tornum.com\/hu\/wp-json\/wp\/v2\/product\/22982","targetHints":{"allow":["GET"]}}],"collection":[{"href":"https:\/\/www.tornum.com\/hu\/wp-json\/wp\/v2\/product"}],"about":[{"href":"https:\/\/www.tornum.com\/hu\/wp-json\/wp\/v2\/types\/product"}],"replies":[{"embeddable":true,"href":"https:\/\/www.tornum.com\/hu\/wp-json\/wp\/v2\/comments?post=22982"}],"version-history":[{"count":2,"href":"https:\/\/www.tornum.com\/hu\/wp-json\/wp\/v2\/product\/22982\/revisions"}],"predecessor-version":[{"id":22992,"href":"https:\/\/www.tornum.com\/hu\/wp-json\/wp\/v2\/product\/22982\/revisions\/22992"}],"wp:featuredmedia":[{"embeddable":true,"href":"https:\/\/www.tornum.com\/hu\/wp-json\/wp\/v2\/media\/21263"}],"wp:attachment":[{"href":"https:\/\/www.tornum.com\/hu\/wp-json\/wp\/v2\/media?parent=22982"}],"wp:term":[{"taxonomy":"product_brand","embeddable":true,"href":"https:\/\/www.tornum.com\/hu\/wp-json\/wp\/v2\/product_brand?post=22982"},{"taxonomy":"product_cat","embeddable":true,"href":"https:\/\/www.tornum.com\/hu\/wp-json\/wp\/v2\/product_cat?post=22982"},{"taxonomy":"product_tag","embeddable":true,"href":"https:\/\/www.tornum.com\/hu\/wp-json\/wp\/v2\/product_tag?post=22982"}],"curies":[{"name":"wp","href":"https:\/\/api.w.org\/{rel}","templated":true}]}}