{"id":22983,"date":"2023-05-14T21:41:21","date_gmt":"2023-05-14T21:41:21","guid":{"rendered":"https:\/\/www.tornum.com\/product\/clean-air-control\/"},"modified":"2025-07-11T09:05:45","modified_gmt":"2025-07-11T09:05:45","slug":"clean-air-control","status":"publish","type":"product","link":"https:\/\/www.tornum.com\/hu\/termek\/clean-air-control\/","title":{"rendered":"CLEAN AIR CONTROL"},"content":{"rendered":"<div class=\"wpb-content-wrapper\"><p>[vc_row][vc_column width=&#8221;2\/3&#8243;][vc_column_text]A Tornum Clean Air Control term\u00e9ke az energiahat\u00e9konys\u00e1g jav\u00edt\u00e1sa \u00e9rdek\u00e9ben speci\u00e1lisan kialak\u00edtott ventil\u00e1torh\u00e1zzal \u00e9s lap\u00e1ttal van ell\u00e1tva, tov\u00e1bb\u00e1 a kor\u00e1bbi modellekhez k\u00e9pest v\u00e1ltozatlan ellennyom\u00e1s eset\u00e9n is nagyobb energiahat\u00e9konys\u00e1got \u00e9s jobb l\u00e9g\u00e1raml\u00e1st biztos\u00edt. A gabonapor \u00e9s pelyva 95%-\u00e1t elt\u00e1vol\u00edtja, \u00e9s a hagyom\u00e1nyos, sz\u00e9tv\u00e1laszt\u00e1st nem biztos\u00edt\u00f3 ventil\u00e1torhoz k\u00e9pest kisebb porkibocs\u00e1t\u00e1st eredm\u00e9nyez.[\/vc_column_text][\/vc_column][vc_column width=&#8221;1\/3&#8243;][vc_column_text]<strong>JELLEMZ\u0150K<\/strong><br \/>\n\u2022 T\u0171zihorganyzott v\u00e1z, amely hosszan tart\u00f3 korr\u00f3zi\u00f3v\u00e9delmet biztos\u00edt.<br \/>\n\u2022 V\u00edzszintesen \u00e9s f\u00fcgg\u0151legesen felszerelhet\u0151 kivitelben is kaphat\u00f3.<br \/>\n\u2022 A ventil\u00e1tort \u00e1ll\u00edthat\u00f3 zsaluzattal is el lehet l\u00e1tni, a l\u00e9g\u00e1raml\u00e1s be\u00e1ll\u00edt\u00e1sa \u00e9rdek\u00e9ben.<br \/>\n\u2022 A k\u00fcl\u00f6nf\u00e9le t\u00e1pfesz\u00fclts\u00e9ghez kaphat\u00f3 ventil\u00e1tormotorok h\u0151v\u00e9delemmel vannak ell\u00e1tva.<br \/>\n\u2022 A ventil\u00e1torh\u00e1zon b\u00fav\u00f3ny\u00edl\u00e1s \u00e9s tiszt\u00edt\u00f3ny\u00edl\u00e1sok tal\u00e1lhat\u00f3k a karbantart\u00e1s \u00e9s ellen\u0151rz\u00e9s megk\u00f6nny\u00edt\u00e9s\u00e9re.<br \/>\n\u2022 A k\u00fcl\u00f6nleges kialak\u00edt\u00e1s\u00fa j\u00e1r\u00f3ker\u00e9k optim\u00e1lis l\u00e9g\u00e1raml\u00e1st \u00e9s minim\u00e1lis zajszintet biztos\u00edt.<\/p>\n<p><strong>KIEG\u00c9SZ\u00cdT\u0150K<\/strong><br \/>\n\u2022 Portart\u00e1ly<br \/>\n\u2022 Hangtomp\u00edt\u00f3<br \/>\n\u2022 \u00dct\u00e9sv\u00e9delem<br \/>\n\u2022 Es\u0151v\u00e9delem<br \/>\n[\/vc_column_text][\/vc_column][\/vc_row]<\/p>\n<\/div>","protected":false},"excerpt":{"rendered":"<p>A Tornum Clean Air Control egyedi kialak\u00edt\u00e1s\u00fa ventil\u00e1torh\u00e1zzal \u00e9s j\u00e1r\u00f3ker\u00e9kkel rendelkezik, ami n\u00f6veli az energiahat\u00e9konys\u00e1got, \u00e9s a kor\u00e1bbi modellekhez k\u00e9pest nagyobb l\u00e9g\u00e1raml\u00e1st \u00e9r el azonos ellennyom\u00e1s mellett.<\/p>\n","protected":false},"featured_media":21261,"comment_status":"open","ping_status":"closed","template":"","meta":{"_acf_changed":false},"product_brand":[],"product_cat":[420,435,436],"product_tag":[423,431,449,432],"class_list":{"0":"post-22983","1":"product","2":"type-product","3":"status-publish","4":"has-post-thumbnail","6":"product_cat-minden-termek-hu","7":"product_cat-anyagmozgatas","8":"product_cat-porlevalasztas-hu","9":"product_tag-axial-hu","10":"product_tag-dryer-hu","11":"product_tag-dryer-tk-hu","12":"product_tag-dryer-tkr-hu","13":"description-off","15":"first","16":"instock","17":"shipping-taxable","18":"product-type-simple"},"acf":[],"_links":{"self":[{"href":"https:\/\/www.tornum.com\/hu\/wp-json\/wp\/v2\/product\/22983","targetHints":{"allow":["GET"]}}],"collection":[{"href":"https:\/\/www.tornum.com\/hu\/wp-json\/wp\/v2\/product"}],"about":[{"href":"https:\/\/www.tornum.com\/hu\/wp-json\/wp\/v2\/types\/product"}],"replies":[{"embeddable":true,"href":"https:\/\/www.tornum.com\/hu\/wp-json\/wp\/v2\/comments?post=22983"}],"version-history":[{"count":2,"href":"https:\/\/www.tornum.com\/hu\/wp-json\/wp\/v2\/product\/22983\/revisions"}],"predecessor-version":[{"id":22996,"href":"https:\/\/www.tornum.com\/hu\/wp-json\/wp\/v2\/product\/22983\/revisions\/22996"}],"wp:featuredmedia":[{"embeddable":true,"href":"https:\/\/www.tornum.com\/hu\/wp-json\/wp\/v2\/media\/21261"}],"wp:attachment":[{"href":"https:\/\/www.tornum.com\/hu\/wp-json\/wp\/v2\/media?parent=22983"}],"wp:term":[{"taxonomy":"product_brand","embeddable":true,"href":"https:\/\/www.tornum.com\/hu\/wp-json\/wp\/v2\/product_brand?post=22983"},{"taxonomy":"product_cat","embeddable":true,"href":"https:\/\/www.tornum.com\/hu\/wp-json\/wp\/v2\/product_cat?post=22983"},{"taxonomy":"product_tag","embeddable":true,"href":"https:\/\/www.tornum.com\/hu\/wp-json\/wp\/v2\/product_tag?post=22983"}],"curies":[{"name":"wp","href":"https:\/\/api.w.org\/{rel}","templated":true}]}}