{"id":22984,"date":"2023-05-14T20:11:38","date_gmt":"2023-05-14T20:11:38","guid":{"rendered":"https:\/\/www.tornum.com\/product\/combi-sweep\/"},"modified":"2024-05-15T11:02:46","modified_gmt":"2024-05-15T11:02:46","slug":"kombi-sweep","status":"publish","type":"product","link":"https:\/\/www.tornum.com\/hu\/termek\/kombi-sweep\/","title":{"rendered":"KOMBI SWEEP"},"content":{"rendered":"<div class=\"wpb-content-wrapper\"><p>[vc_row][vc_column width=&#8221;2\/3&#8243;][vc_column_text]<\/p>\n<h3><strong>TORNUM KOMBI SWEEP<\/strong><\/h3>\n<p>A Tornum Kombi Sweep egy kombin\u00e1lt kihord\u00f3 felvon\u00f3, amelynek \u00fcr\u00edt\u0151csig\u00e1ja a sil\u00f3b\u00f3l teheraut\u00f3ra t\u00f6rt\u00e9n\u0151 k\u00f6zvetlen ki\u00fcr\u00edt\u00e9st is lehet\u0151v\u00e9 teszi. A Kombi Sweep egy egym\u00e1shoz kapcsolt v\u00edzszintes \u00e9s f\u00fcgg\u0151leges csig\u00e1t tartalmaz, valamint egy \u00e1lland\u00f3 csig\u00e1t a gabonat\u00e1rol\u00f3 sil\u00f3k v\u00e9gleges ki\u00fcr\u00edt\u00e9s\u00e9re. Mindegyik csiga saj\u00e1t meghajt\u00f3rendszerrel rendelkezik. A kihord\u00f3 elev\u00e1tor t\u00f6bb szabv\u00e1nyos hossz\u00fas\u00e1gban kaphat\u00f3, de egy\u00e9ni hossz\u00fas\u00e1gban is el\u00e9rhet\u0151 maximum 11,6 m-ig \u00e9s 4,7 m-es maxim\u00e1lis magass\u00e1gig. Maxim\u00e1lis kapacit\u00e1s: 80 tonna\/\u00f3ra.[\/vc_column_text][\/vc_column][vc_column width=&#8221;1\/3&#8243;][vc_column_text]<strong>JELLEMZ\u0150K<\/strong><br \/>\n\u2022 A cs\u00f6vek \u00e9s a meghajt\u00f3rendszer horganyzott ac\u00e9l, a t\u00f6bbi elem porfestett<br \/>\n\u2022 A hajt\u00f3m\u0171vek automatikus l\u00e1ncfesz\u00edt\u00e9s\u0171ek<br \/>\n\u2022 K\u00e9t v\u00e1ltozat kaphat\u00f3: v\u00edzszintes \u00e9s f\u00fcgg\u0151leges az \u00e1br\u00e1n l\u00e1that\u00f3 m\u00f3don, vagy csak v\u00edzszintes<br \/>\n[\/vc_column_text][\/vc_column][\/vc_row]<\/p>\n<\/div>","protected":false},"excerpt":{"rendered":"<p>A Tornum Kombi Sweep egy olyan integr\u00e1lt rendszer, amely egy ki\u00fcr\u00edt\u0151 csig\u00e1t \u00e9s egy s\u00f6pr\u0151csig\u00e1t kombin\u00e1l, lehet\u0151v\u00e9 t\u00e9ve az anyagok k\u00f6zvetlen \u00e1trak\u00e1s\u00e1t a sil\u00f3b\u00f3l a teheraut\u00f3ra.<\/p>\n","protected":false},"featured_media":21155,"comment_status":"open","ping_status":"closed","template":"","meta":{"_acf_changed":false},"product_brand":[],"product_cat":[420,428,435,473,474],"product_tag":[453,426,468,454],"class_list":{"0":"post-22984","1":"product","2":"type-product","3":"status-publish","4":"has-post-thumbnail","6":"product_cat-minden-termek-hu","7":"product_cat-gabona-hu","8":"product_cat-anyagmozgatas","9":"product_cat-silokiereszto-hu","10":"product_cat-szallitocsiga-hu","11":"product_tag-conveyor-hu","12":"product_tag-silo-hu","13":"product_tag-storage-hu","14":"product_tag-transport-hu","15":"description-off","17":"first","18":"instock","19":"shipping-taxable","20":"product-type-simple"},"acf":[],"_links":{"self":[{"href":"https:\/\/www.tornum.com\/hu\/wp-json\/wp\/v2\/product\/22984","targetHints":{"allow":["GET"]}}],"collection":[{"href":"https:\/\/www.tornum.com\/hu\/wp-json\/wp\/v2\/product"}],"about":[{"href":"https:\/\/www.tornum.com\/hu\/wp-json\/wp\/v2\/types\/product"}],"replies":[{"embeddable":true,"href":"https:\/\/www.tornum.com\/hu\/wp-json\/wp\/v2\/comments?post=22984"}],"version-history":[{"count":2,"href":"https:\/\/www.tornum.com\/hu\/wp-json\/wp\/v2\/product\/22984\/revisions"}],"predecessor-version":[{"id":23000,"href":"https:\/\/www.tornum.com\/hu\/wp-json\/wp\/v2\/product\/22984\/revisions\/23000"}],"wp:featuredmedia":[{"embeddable":true,"href":"https:\/\/www.tornum.com\/hu\/wp-json\/wp\/v2\/media\/21155"}],"wp:attachment":[{"href":"https:\/\/www.tornum.com\/hu\/wp-json\/wp\/v2\/media?parent=22984"}],"wp:term":[{"taxonomy":"product_brand","embeddable":true,"href":"https:\/\/www.tornum.com\/hu\/wp-json\/wp\/v2\/product_brand?post=22984"},{"taxonomy":"product_cat","embeddable":true,"href":"https:\/\/www.tornum.com\/hu\/wp-json\/wp\/v2\/product_cat?post=22984"},{"taxonomy":"product_tag","embeddable":true,"href":"https:\/\/www.tornum.com\/hu\/wp-json\/wp\/v2\/product_tag?post=22984"}],"curies":[{"name":"wp","href":"https:\/\/api.w.org\/{rel}","templated":true}]}}