{"id":23004,"date":"2023-05-04T11:22:01","date_gmt":"2023-05-04T11:22:01","guid":{"rendered":"https:\/\/www.tornum.com\/product\/conditioning-bin-lt-2\/"},"modified":"2025-07-30T09:11:07","modified_gmt":"2025-07-30T09:11:07","slug":"lt-kondicionalo-tartaly","status":"publish","type":"product","link":"https:\/\/www.tornum.com\/hu\/termek\/lt-kondicionalo-tartaly\/","title":{"rendered":"LT KONDICION\u00c1L\u00d3 TART\u00c1LY"},"content":{"rendered":"<div class=\"wpb-content-wrapper\"><p>[vc_row gap=&#8221;35&#8243;][vc_column width=&#8221;2\/3&#8243;][vc_column_text]Az LT kondicion\u00e1l\u00f3 tart\u00e1lyt sz\u00e1r\u00edt\u00e1s el\u0151tti h\u0171t\u00e9sre \u00e9s puffert\u00e1rol\u00e1sra, valamint a gabona v\u00e9gleges t\u00e1rol\u00e1s\u00e1ra tervezt\u00e9k. V\u00e1laszul a nagyobb le\u00fcr\u00edt\u00e9si kapacit\u00e1sra \u00e9s kisebb ventil\u00e1torokra ir\u00e1nyul\u00f3 piaci ig\u00e9nyekre a TORNUM egy teljesen \u00faj kondicion\u00e1l\u00f3 megold\u00e1st alak\u00edtott ki, a leggyorsabb le\u00fcr\u00edt\u00e9ssel a piacon.<br \/>\nAz oldals\u00f3 \u00e9s a f\u0151csatorn\u00e1k kevesebb helyet foglalnak el, \u00edgy nagyobb l\u00e9gmennyis\u00e9g haladhat \u00e1t a padl\u00f3lemezen, ami lehet\u0151v\u00e9 teszi a gyors v\u00e9gs\u0151 ki\u00fcr\u00edt\u00e9st. A szell\u0151z\u0151padozat sima bels\u0151vel kombin\u00e1lva ide\u00e1liss\u00e1 teszi a tart\u00e1lyt a k\u00fcl\u00f6nb\u00f6z\u0151 magok kezel\u00e9s\u00e9re. A kondicion\u00e1l\u00f3 tart\u00e1ly als\u00f3 r\u00e9sze be\u00e9p\u00edtett tol\u00f3z\u00e1ras f\u0151csatorn\u00e1val rendelkezik, mely t\u00f6bb tart\u00e1ly \u00f6sszekapcsol\u00e1s\u00e1t is lehet\u0151v\u00e9 teszi.<\/p>\n<p><strong>SZERKEZET \u00c9S FUNKCI\u00d3<\/strong><br \/>\n\u2022 Anyaga t\u0171zihorganyzott ac\u00e9llemez<br \/>\n\u2022 Az als\u00f3 r\u00e9szre szerelt szekci\u00f3k magass\u00e1ga 505 mm<br \/>\n\u2022 K\u00f6nny\u0171 tiszt\u00edt\u00e1st biztos\u00edt\u00f3 sima bels\u0151 r\u00e9sz<br \/>\n\u2022 A szerkezet sz\u00e1mos \u00f6sszeszerel\u00e9si m\u00f3dra ad lehet\u0151s\u00e9get, amellyel id\u0151 takar\u00edthat\u00f3 meg<br \/>\n\u2022 A tart\u00e1ly k\u00f6z\u00e9ps\u0151 vagy oldals\u00f3 \u00fcr\u00edt\u0151 kimenettel kaphat\u00f3<br \/>\n\u2022 Szekci\u00f3ba szerelt kiereszt\u0151 tol\u00f3z\u00e1rral \u00e9s b\u00fav\u00f3ny\u00edl\u00e1ssal rendelkezik<br \/>\n\u2022 A piacon el\u00e9rhet\u0151 leggyorsabb le\u00fcr\u00edt\u00e9s<br \/>\n[\/vc_column_text][\/vc_column][vc_column width=&#8221;1\/3&#8243;][vc_column_text]<strong>KIEG\u00c9SZ\u00cdT\u0150K<\/strong><br \/>\n\u2022 Szintjelz\u0151<br \/>\n\u2022 H\u0151m\u00e9rs\u00e9klet-figyel\u00e9s<br \/>\n\u2022 Ellen\u0151rz\u0151 ny\u00edl\u00e1s padl\u00f3ra szerelt biztons\u00e1gi r\u00e1ccsal<br \/>\n\u2022 Kimeneti csatlakoz\u00f3<br \/>\n[\/vc_column_text][\/vc_column][\/vc_row]<\/p>\n<\/div>","protected":false},"excerpt":{"rendered":"<div class=\"flex flex-grow flex-col gap-3 max-w-full\">\n<div class=\"min-h-[20px] flex flex-col items-start gap-3 overflow-x-auto whitespace-pre-wrap break-words\">\n<div class=\"markdown prose w-full break-words dark:prose-invert light\">\n<p>Az LT kondicion\u00e1l\u00f3 tart\u00e1ly sokoldal\u00fa megold\u00e1sk\u00e9nt szolg\u00e1l a h\u0171t\u00e9shez, a sz\u00e1r\u00edt\u00e1s el\u0151tti pufferel\u00e9shez \u00e9s a gabona v\u00e9gleges t\u00e1rol\u00e1s\u00e1hoz. A Tornum egy \u00faj kondicion\u00e1l\u00f3 alapot fejlesztett ki, hogy megfeleljen a kisebb ventil\u00e1torokkal t\u00f6rt\u00e9n\u0151 nagyobb le\u00fcr\u00edt\u00e9si kapacit\u00e1s ir\u00e1nti piaci ig\u00e9nyeknek, \u00e9s a lehet\u0151 leggyorsabb v\u00e9gs\u0151 \u00fcr\u00edt\u00e9si sebess\u00e9get k\u00edn\u00e1lja.<\/p>\n<\/div>\n<\/div>\n<\/div>\n<div class=\"flex justify-between lg:block\">\n<div class=\"text-gray-400 flex self-end lg:self-center justify-center mt-2 gap-2 md:gap-3 lg:gap-1 lg:absolute lg:top-0 lg:translate-x-full lg:right-0 lg:mt-0 lg:pl-2 visible\"><\/div>\n<\/div>\n<div class=\"flex-1 overflow-hidden\">\n<div class=\"react-scroll-to-bottom--css-zcyaj-79elbk h-full dark:bg-gray-800\">\n<div class=\"react-scroll-to-bottom--css-zcyaj-1n7m0yu\">\n<div class=\"flex flex-col text-sm dark:bg-gray-800\">\n<div class=\"h-32 md:h-48 flex-shrink-0\"><\/div>\n<\/div>\n<\/div>\n<\/div>\n<\/div>\n<div class=\"absolute bottom-0 left-0 w-full border-t md:border-t-0 dark:border-white\/20 md:border-transparent md:dark:border-transparent md:bg-vert-light-gradient bg-white dark:bg-gray-800 md:!bg-transparent dark:md:bg-vert-dark-gradient pt-2 md:pl-2 md:w-[calc(100%-.5rem)]\">\n<form class=\"stretch mx-2 flex flex-row gap-3 last:mb-2 md:mx-4 md:last:mb-6 lg:mx-auto lg:max-w-2xl xl:max-w-3xl\">\n<div class=\"relative flex h-full flex-1 items-stretch md:flex-col\">\n<div>\n<div class=\"h-full flex ml-1 md:w-full md:m-auto md:mb-4 gap-0 md:gap-2 justify-center\">\n<div class=\"grow\"><\/div>\n<\/div>\n<\/div>\n<\/div>\n<\/form>\n<\/div>\n","protected":false},"featured_media":21362,"comment_status":"open","ping_status":"closed","template":"","meta":{"_acf_changed":false},"product_brand":[],"product_cat":[420,434,427,428,465,475],"product_tag":[452,467,426,468],"class_list":{"0":"post-23004","1":"product","2":"type-product","3":"status-publish","4":"has-post-thumbnail","6":"product_cat-minden-termek-hu","7":"product_cat-takarmanyok-hu","8":"product_cat-elelmiszer-hu","9":"product_cat-gabona-hu","10":"product_cat-tarolas","11":"product_cat-kondicionalo-tartaly-hu","12":"product_tag-bin-hu","13":"product_tag-bins-hu","14":"product_tag-silo-hu","15":"product_tag-storage-hu","16":"description-off","18":"first","19":"instock","20":"shipping-taxable","21":"product-type-simple"},"acf":[],"_links":{"self":[{"href":"https:\/\/www.tornum.com\/hu\/wp-json\/wp\/v2\/product\/23004","targetHints":{"allow":["GET"]}}],"collection":[{"href":"https:\/\/www.tornum.com\/hu\/wp-json\/wp\/v2\/product"}],"about":[{"href":"https:\/\/www.tornum.com\/hu\/wp-json\/wp\/v2\/types\/product"}],"replies":[{"embeddable":true,"href":"https:\/\/www.tornum.com\/hu\/wp-json\/wp\/v2\/comments?post=23004"}],"version-history":[{"count":2,"href":"https:\/\/www.tornum.com\/hu\/wp-json\/wp\/v2\/product\/23004\/revisions"}],"predecessor-version":[{"id":23013,"href":"https:\/\/www.tornum.com\/hu\/wp-json\/wp\/v2\/product\/23004\/revisions\/23013"}],"wp:featuredmedia":[{"embeddable":true,"href":"https:\/\/www.tornum.com\/hu\/wp-json\/wp\/v2\/media\/21362"}],"wp:attachment":[{"href":"https:\/\/www.tornum.com\/hu\/wp-json\/wp\/v2\/media?parent=23004"}],"wp:term":[{"taxonomy":"product_brand","embeddable":true,"href":"https:\/\/www.tornum.com\/hu\/wp-json\/wp\/v2\/product_brand?post=23004"},{"taxonomy":"product_cat","embeddable":true,"href":"https:\/\/www.tornum.com\/hu\/wp-json\/wp\/v2\/product_cat?post=23004"},{"taxonomy":"product_tag","embeddable":true,"href":"https:\/\/www.tornum.com\/hu\/wp-json\/wp\/v2\/product_tag?post=23004"}],"curies":[{"name":"wp","href":"https:\/\/api.w.org\/{rel}","templated":true}]}}