{"id":23005,"date":"2023-01-29T22:13:53","date_gmt":"2023-01-29T22:13:53","guid":{"rendered":"https:\/\/www.tornum.com\/product\/continuous-grain-dryer-hr\/"},"modified":"2025-07-14T06:56:02","modified_gmt":"2025-07-14T06:56:02","slug":"hr-folyamatos-termenyszarito","status":"publish","type":"product","link":"https:\/\/www.tornum.com\/hu\/termek\/hr-folyamatos-termenyszarito\/","title":{"rendered":"HR FOLYAMATOS TERM\u00c9NYSZ\u00c1R\u00cdT\u00d3"},"content":{"rendered":"<div class=\"wpb-content-wrapper\"><p>[vc_row gap=&#8221;35&#8243;][vc_column width=&#8221;2\/3&#8243;][vc_column_text]A Tornum HR (h\u0151visszanyer\u0151) term\u00e9nysz\u00e1r\u00edt\u00f3 a term\u00e9ksk\u00e1l\u00e1nk b\u0151v\u00edt\u00e9s\u00e9t \u2013 valamint a sz\u00e1r\u00edt\u00f3ink energiafogyaszt\u00e1s\u00e1nak, ez\u00e1ltal pedig a k\u00f6rnyezetre gyakorolt hat\u00e1s\u00e1nak cs\u00f6kkent\u00e9s\u00e9t \u2013 c\u00e9lz\u00f3 folyamatos er\u0151fesz\u00edt\u00e9seink eredm\u00e9nye. A HR term\u00e9nysz\u00e1r\u00edt\u00f3 azt az energi\u00e1t hasznos\u00edtja, amely egy hagyom\u00e1nyos term\u00e9nysz\u00e1r\u00edt\u00f3ban elveszne. Rendszerint a h\u0151 ak\u00e1r 30%-a is visszanyerhet\u0151. Egyedi HR-konstrukci\u00f3nak k\u00f6sz\u00f6nhet\u0151en csendesebb \u00e9s tiszt\u00e1bb munkak\u00f6rnyezetet is biztos\u00edt. Mint minden Tornum term\u00e9nysz\u00e1r\u00edt\u00f3, a HR-sorozat is t\u0171zihorganyzott ac\u00e9llemezb\u0151l k\u00e9sz\u00fcl.<\/p>\n<p><b><\/b><strong>ALAPTARTOZ\u00c9KOK<\/strong><br \/>\n\u2022 Szintjelz\u0151<br \/>\n\u2022 Nedves leveg\u0151vel tel\u00edtett t\u00e9r<br \/>\n\u2022 Ki\u00fcr\u00edt\u0151 r\u00e9sz \u2013 impulzusos<br \/>\n\u2022 Szint\u00e9rz\u00e9kel\u0151<br \/>\n\u2022 Pufferz\u00f3na<br \/>\n\u2022 T\u0171z\u00e9rz\u00e9kel\u0151 rendszer<br \/>\n\u2022 L\u00e9tr\u00e1k \u00e9s erk\u00e9lyek<br \/>\n\u2022 H\u0151visszanyer\u0151 z\u00f3na<br \/>\n\u2022 Nedvess\u00e9gtartalom-szab\u00e1lyoz\u00e1s<br \/>\n\u2022 Nyom\u00e1sm\u00e9r\u00e9s az ind\u00edt\u00e1s be\u00e1ll\u00edt\u00e1s\u00e1hoz<br \/>\n[\/vc_column_text][\/vc_column][vc_column width=&#8221;1\/3&#8243;][vc_column_text]<strong>Ak\u00e1r 30 sz\u00e1zal\u00e9kkal is cs\u00f6kkentheti az energiafogyaszt\u00e1st<\/strong><br \/>\nA HR term\u00e9nysz\u00e1r\u00edt\u00f3ban a legforr\u00f3bb leveg\u0151nek k\u00f6r\u00fclbel\u00fcl a negyede visszaforgathat\u00f3. A visszanyert leveg\u0151 \u00e1thalad a visszaforgat\u00f3 z\u00f3n\u00e1n, majd keveredik a meleg\u00edtett h\u0171t\u0151leveg\u0151vel. Mivel a visszaforgatott leveg\u0151 melegebb, mint a k\u00f6rnyezeti leveg\u0151, (a csak friss leveg\u0151 haszn\u00e1lat\u00e1hoz k\u00e9pest) a g\u00e1z\u00e9g\u0151t kevesebb g\u00e1zzal ell\u00e1tva is el\u00e9rhet\u0151 a k\u00edv\u00e1nt sz\u00e1r\u00edt\u00e1si h\u0151m\u00e9rs\u00e9klet. A HR sz\u00e1r\u00edt\u00f3 konstrukci\u00f3j\u00e1nak k\u00f6sz\u00f6nhet\u0151en a tetej\u00e9n tal\u00e1lhat\u00f3 elsz\u00edv\u00f3ventil\u00e1torok is kevesebb energi\u00e1t ig\u00e9nyelnek.\u00a0\u00a0<strong>N\u00e9zze meg a vide\u00f3t a <a href=\"https:\/\/www.youtube.com\/watch?v=HOoipzpGT4w\">Youtube<\/a>-on, ami bemutatja a l\u00e9g\u00e1raml\u00e1st a sz\u00e1r\u00edt\u00f3ban.<\/strong><\/p>\n<p>&nbsp;<\/p>\n<p><strong>KIEG\u00c9SZ\u00cdT\u0150K<\/strong><br \/>\n\u2022 Megn\u00f6velt pufferz\u00f3na<br \/>\n\u2022 Porlev\u00e1laszt\u00e1s \u00fcr\u00edt\u0151csig\u00e1val<br \/>\n\u2022 Hangtomp\u00edt\u00f3<br \/>\n[\/vc_column_text][\/vc_column][\/vc_row]<\/p>\n<\/div>","protected":false},"excerpt":{"rendered":"<p>A Tornum HR (Heat Recovery) folyamatos term\u00e9nysz\u00e1r\u00edt\u00f3ja egy energiahat\u00e9kony innov\u00e1ci\u00f3, amely a hagyom\u00e1nyos gabonasz\u00e1r\u00edt\u00f3kban jellemz\u0151en elvesz\u0151 h\u0151 ak\u00e1r 30%-\u00e1t felfogja \u00e9s hasznos\u00edtja, hozz\u00e1j\u00e1rulva ezzel az energiafogyaszt\u00e1s \u00e9s a k\u00f6rnyezetterhel\u00e9s cs\u00f6kkent\u00e9s\u00e9hez.<\/p>\n","protected":false},"featured_media":20701,"comment_status":"open","ping_status":"closed","template":"","meta":{"_acf_changed":false},"product_brand":[],"product_cat":[420,434,427,428,421,448],"product_tag":[430,431,449,432],"class_list":{"0":"post-23005","1":"product","2":"type-product","3":"status-publish","4":"has-post-thumbnail","6":"product_cat-minden-termek-hu","7":"product_cat-takarmanyok-hu","8":"product_cat-elelmiszer-hu","9":"product_cat-gabona-hu","10":"product_cat-kondicionalas","11":"product_cat-gabonaszaritok-hu","12":"product_tag-burner-hu","13":"product_tag-dryer-hu","14":"product_tag-dryer-tk-hu","15":"product_tag-dryer-tkr-hu","16":"pa_products-type-all-products-hu","17":"pa_products-type-grain-hu","18":"description-off","20":"first","21":"instock","22":"shipping-taxable","23":"product-type-simple"},"acf":[],"_links":{"self":[{"href":"https:\/\/www.tornum.com\/hu\/wp-json\/wp\/v2\/product\/23005","targetHints":{"allow":["GET"]}}],"collection":[{"href":"https:\/\/www.tornum.com\/hu\/wp-json\/wp\/v2\/product"}],"about":[{"href":"https:\/\/www.tornum.com\/hu\/wp-json\/wp\/v2\/types\/product"}],"replies":[{"embeddable":true,"href":"https:\/\/www.tornum.com\/hu\/wp-json\/wp\/v2\/comments?post=23005"}],"version-history":[{"count":2,"href":"https:\/\/www.tornum.com\/hu\/wp-json\/wp\/v2\/product\/23005\/revisions"}],"predecessor-version":[{"id":23025,"href":"https:\/\/www.tornum.com\/hu\/wp-json\/wp\/v2\/product\/23005\/revisions\/23025"}],"wp:featuredmedia":[{"embeddable":true,"href":"https:\/\/www.tornum.com\/hu\/wp-json\/wp\/v2\/media\/20701"}],"wp:attachment":[{"href":"https:\/\/www.tornum.com\/hu\/wp-json\/wp\/v2\/media?parent=23005"}],"wp:term":[{"taxonomy":"product_brand","embeddable":true,"href":"https:\/\/www.tornum.com\/hu\/wp-json\/wp\/v2\/product_brand?post=23005"},{"taxonomy":"product_cat","embeddable":true,"href":"https:\/\/www.tornum.com\/hu\/wp-json\/wp\/v2\/product_cat?post=23005"},{"taxonomy":"product_tag","embeddable":true,"href":"https:\/\/www.tornum.com\/hu\/wp-json\/wp\/v2\/product_tag?post=23005"}],"curies":[{"name":"wp","href":"https:\/\/api.w.org\/{rel}","templated":true}]}}