{"id":23006,"date":"2023-01-29T22:13:35","date_gmt":"2023-01-29T22:13:35","guid":{"rendered":"https:\/\/www.tornum.com\/product\/continuous-grain-dryer-rex\/"},"modified":"2025-07-30T09:29:09","modified_gmt":"2025-07-30T09:29:09","slug":"rex-folyamatos-gabonaszarito","status":"publish","type":"product","link":"https:\/\/www.tornum.com\/hu\/termek\/rex-folyamatos-gabonaszarito\/","title":{"rendered":"REX FOLYAMATOS GABONASZ\u00c1R\u00cdT\u00d3"},"content":{"rendered":"<div class=\"wpb-content-wrapper\"><p>[vc_row][vc_column width=&#8221;2\/3&#8243;][vc_column_text]TORNUM REX, a gabonasz\u00e1r\u00edt\u00f3k k\u00f6vetkez\u0151 gener\u00e1ci\u00f3ja.<br \/>\nAz elm\u00falt \u00e9vtizedek sor\u00e1n folyamatos kever\u0151\u00e1ram\u00fa sz\u00e1r\u00edt\u00f3ink kiv\u00e1l\u00f3 teljes\u00edtm\u00e9ny\u00fck \u00e9s min\u0151s\u00e9g\u00fck r\u00e9v\u00e9n h\u00edrnevet szereztek szerte a vil\u00e1gon. Mi pedig \u00f3ri\u00e1si l\u00e9p\u00e9st tett\u00fcnk a sz\u00e1r\u00edt\u00e1s j\u00f6v\u0151je fel\u00e9 a Tornum Rex sorozattal. \u00c9vekig tart\u00f3 fejleszt\u00e9si munka eredm\u00e9nyek\u00e9nt l\u00e9trej\u00f6tt egy jelent\u0151sen tov\u00e1bbfejlesztett koncepci\u00f3, amely \u00e9rt\u00e9kes \u00faj funkci\u00f3kat k\u00edn\u00e1l: k\u00edm\u00e9letesebb \u00e9s hat\u00e9konyabb sz\u00e1r\u00edt\u00e1st, k\u00f6nnyebb tiszt\u00edt\u00e1st, alacsonyabb energiafogyaszt\u00e1st \u00e9s kiemelked\u0151 k\u00f6rnyezetv\u00e9delmi jellemz\u0151ket.<br \/>\nR\u00f6viden: a leg\u00fajabb sz\u00e1r\u00edt\u00f3 gener\u00e1ci\u00f3, amely t\u00f6bb \u00e9vtizedes tapasztalatra \u00e9p\u00fcl.[\/vc_column_text][\/vc_column][vc_column width=&#8221;1\/3&#8243;][vc_column_text]<\/p>\n<ul>\n<li>A szigetel\u00e9s \u00e9s az el\u0151meleg\u00edt\u00e9s jav\u00edtja a sz\u00e1r\u00edt\u00e1st<\/li>\n<li>Kevesebb zaj \u00e9s tiszt\u00e1bb leveg\u0151<\/li>\n<li>Ak\u00e1r 30%-kal alacsonyabb \u00fczemanyag-fogyaszt\u00e1s HR \u00fczemm\u00f3dban<\/li>\n<li>Sima bels\u0151 fel\u00fclet a k\u00f6nny\u0171 tiszt\u00edt\u00e1s \u00e9rdek\u00e9ben<\/li>\n<li>Hat\u00e9kony akt\u00edv porszab\u00e1lyoz\u00e1s<\/li>\n<li>Ide\u00e1lis fagyos k\u00f6r\u00fclm\u00e9nyek k\u00f6z\u00f6tt t\u00f6rt\u00e9n\u0151 sz\u00e1r\u00edt\u00e1shoz<\/li>\n<\/ul>\n<p>[\/vc_column_text][\/vc_column][\/vc_row]<\/p>\n<\/div>","protected":false},"excerpt":{"rendered":"<p>A Tornum Rex sorozat a k\u00f6vetkez\u0151 gener\u00e1ci\u00f3t k\u00e9pviseli a gabonasz\u00e1r\u00edt\u00f3k ter\u00e9n. Korszer\u0171bb jellemz\u0151kkel b\u00fcszk\u00e9lkedik, melyek l\u00e1gyabb, hat\u00e9konyabb sz\u00e1r\u00edt\u00e1st, k\u00f6nnyebb tiszt\u00edt\u00e1st, alacsonyabb energiafogyaszt\u00e1st \u00e9s kiemelked\u0151 k\u00f6rnyezetv\u00e9delmi jellemz\u0151ket eredm\u00e9nyeznek.<br \/>\nA Tornum Rex h\u00edrneve \u00e9s tud\u00e1sa a kiv\u00e1l\u00f3 teljes\u00edtm\u00e9nyt ny\u00fajt\u00f3 rendszereink \u00e9vtizedes tapasztalataira \u00e9p\u00fcl.<\/p>\n","protected":false},"featured_media":20703,"comment_status":"open","ping_status":"closed","template":"","meta":{"_acf_changed":false},"product_brand":[],"product_cat":[420,434,427,428,421,448],"product_tag":[430,431,449,432],"class_list":{"0":"post-23006","1":"product","2":"type-product","3":"status-publish","4":"has-post-thumbnail","6":"product_cat-minden-termek-hu","7":"product_cat-takarmanyok-hu","8":"product_cat-elelmiszer-hu","9":"product_cat-gabona-hu","10":"product_cat-kondicionalas","11":"product_cat-gabonaszaritok-hu","12":"product_tag-burner-hu","13":"product_tag-dryer-hu","14":"product_tag-dryer-tk-hu","15":"product_tag-dryer-tkr-hu","17":"first","18":"instock","19":"shipping-taxable","20":"product-type-simple"},"acf":[],"_links":{"self":[{"href":"https:\/\/www.tornum.com\/hu\/wp-json\/wp\/v2\/product\/23006","targetHints":{"allow":["GET"]}}],"collection":[{"href":"https:\/\/www.tornum.com\/hu\/wp-json\/wp\/v2\/product"}],"about":[{"href":"https:\/\/www.tornum.com\/hu\/wp-json\/wp\/v2\/types\/product"}],"replies":[{"embeddable":true,"href":"https:\/\/www.tornum.com\/hu\/wp-json\/wp\/v2\/comments?post=23006"}],"version-history":[{"count":2,"href":"https:\/\/www.tornum.com\/hu\/wp-json\/wp\/v2\/product\/23006\/revisions"}],"predecessor-version":[{"id":30928,"href":"https:\/\/www.tornum.com\/hu\/wp-json\/wp\/v2\/product\/23006\/revisions\/30928"}],"wp:featuredmedia":[{"embeddable":true,"href":"https:\/\/www.tornum.com\/hu\/wp-json\/wp\/v2\/media\/20703"}],"wp:attachment":[{"href":"https:\/\/www.tornum.com\/hu\/wp-json\/wp\/v2\/media?parent=23006"}],"wp:term":[{"taxonomy":"product_brand","embeddable":true,"href":"https:\/\/www.tornum.com\/hu\/wp-json\/wp\/v2\/product_brand?post=23006"},{"taxonomy":"product_cat","embeddable":true,"href":"https:\/\/www.tornum.com\/hu\/wp-json\/wp\/v2\/product_cat?post=23006"},{"taxonomy":"product_tag","embeddable":true,"href":"https:\/\/www.tornum.com\/hu\/wp-json\/wp\/v2\/product_tag?post=23006"}],"curies":[{"name":"wp","href":"https:\/\/api.w.org\/{rel}","templated":true}]}}