{"id":23014,"date":"2023-05-14T20:48:07","date_gmt":"2023-05-14T20:48:07","guid":{"rendered":"https:\/\/www.tornum.com\/product\/conditioning-floor\/"},"modified":"2025-07-30T09:21:00","modified_gmt":"2025-07-30T09:21:00","slug":"szellozopadozat","status":"publish","type":"product","link":"https:\/\/www.tornum.com\/hu\/termek\/szellozopadozat\/","title":{"rendered":"SZELL\u0150Z\u0150PADOZAT"},"content":{"rendered":"\t\t<div data-elementor-type=\"product-post\" data-elementor-id=\"23014\" class=\"elementor elementor-23014 elementor-11314\" data-elementor-settings=\"{&quot;ha_cmc_init_switcher&quot;:&quot;no&quot;}\" data-elementor-post-type=\"product\">\n\t\t\t\t\t\t<section class=\"elementor-section elementor-top-section elementor-element elementor-element-37d9c3cd elementor-section-boxed elementor-section-height-default elementor-section-height-default\" data-id=\"37d9c3cd\" data-element_type=\"section\" data-settings=\"{&quot;_ha_eqh_enable&quot;:false}\">\n\t\t\t\t\t\t<div class=\"elementor-container elementor-column-gap-default\">\n\t\t\t\t\t<div class=\"elementor-column elementor-col-100 elementor-top-column elementor-element elementor-element-5acf7c3f\" data-id=\"5acf7c3f\" data-element_type=\"column\">\n\t\t\t<div class=\"elementor-widget-wrap elementor-element-populated\">\n\t\t\t\t\t\t<div class=\"elementor-element elementor-element-76e514c7 elementor-widget elementor-widget-text-editor\" data-id=\"76e514c7\" data-element_type=\"widget\" data-widget_type=\"text-editor.default\">\n\t\t\t\t<div class=\"elementor-widget-container\">\n\t\t\t\t\t\t\t\t\tKomplett szell\u0151z\u0151padozat nagyobb l\u00e9gmennyis\u00e9gekhez. Egyenletes leveg\u0151eloszl\u00e1st biztos\u00edt. Minden sil\u00f3\u00e1tm\u00e9r\u0151h\u00f6z el\u00e9rhet\u0151. A gy\u00e1rt\u00f3 a megrendelt sil\u00f3\u00e1tm\u00e9r\u0151nek megfelel\u0151 be\u00e9p\u00edt\u00e9si tervet mell\u00e9kel. A szabv\u00e1nyos konstrukci\u00f3 repc\u00e9re vonatkozik.\t\t\t\t\t\t\t\t<\/div>\n\t\t\t\t<\/div>\n\t\t\t\t\t<\/div>\n\t\t<\/div>\n\t\t\t\t\t<\/div>\n\t\t<\/section>\n\t\t\t\t<\/div>\n\t\t","protected":false},"excerpt":{"rendered":"<p>Komplett szell\u0151z\u0151padozat nagyobb l\u00e9gmennyis\u00e9gekhez, egyenletes leveg\u0151eloszt\u00e1st biztos\u00edtva. Minden sil\u00f3\u00e1tm\u00e9r\u0151h\u00f6z kaphat\u00f3 megfelel\u0151 padozat.<\/p>\n","protected":false},"featured_media":21998,"comment_status":"open","ping_status":"closed","template":"","meta":{"_acf_changed":false},"product_brand":[],"product_cat":[420,421,476],"product_tag":[437,424,426,468],"class_list":{"0":"post-23014","1":"product","2":"type-product","3":"status-publish","4":"has-post-thumbnail","6":"product_cat-minden-termek-hu","7":"product_cat-kondicionalas","8":"product_cat-szellozopadozat-hu","9":"product_tag-conditioning-hu","10":"product_tag-conditioning-laterals-hu","11":"product_tag-silo-hu","12":"product_tag-storage-hu","14":"first","15":"instock","16":"shipping-taxable","17":"product-type-simple"},"acf":[],"_links":{"self":[{"href":"https:\/\/www.tornum.com\/hu\/wp-json\/wp\/v2\/product\/23014","targetHints":{"allow":["GET"]}}],"collection":[{"href":"https:\/\/www.tornum.com\/hu\/wp-json\/wp\/v2\/product"}],"about":[{"href":"https:\/\/www.tornum.com\/hu\/wp-json\/wp\/v2\/types\/product"}],"replies":[{"embeddable":true,"href":"https:\/\/www.tornum.com\/hu\/wp-json\/wp\/v2\/comments?post=23014"}],"version-history":[{"count":4,"href":"https:\/\/www.tornum.com\/hu\/wp-json\/wp\/v2\/product\/23014\/revisions"}],"predecessor-version":[{"id":23021,"href":"https:\/\/www.tornum.com\/hu\/wp-json\/wp\/v2\/product\/23014\/revisions\/23021"}],"wp:featuredmedia":[{"embeddable":true,"href":"https:\/\/www.tornum.com\/hu\/wp-json\/wp\/v2\/media\/21998"}],"wp:attachment":[{"href":"https:\/\/www.tornum.com\/hu\/wp-json\/wp\/v2\/media?parent=23014"}],"wp:term":[{"taxonomy":"product_brand","embeddable":true,"href":"https:\/\/www.tornum.com\/hu\/wp-json\/wp\/v2\/product_brand?post=23014"},{"taxonomy":"product_cat","embeddable":true,"href":"https:\/\/www.tornum.com\/hu\/wp-json\/wp\/v2\/product_cat?post=23014"},{"taxonomy":"product_tag","embeddable":true,"href":"https:\/\/www.tornum.com\/hu\/wp-json\/wp\/v2\/product_tag?post=23014"}],"curies":[{"name":"wp","href":"https:\/\/api.w.org\/{rel}","templated":true}]}}