{"id":23030,"date":"2023-03-05T22:36:52","date_gmt":"2023-03-05T22:36:52","guid":{"rendered":"https:\/\/www.tornum.com\/product\/continuous-grain-dryer-tk\/"},"modified":"2025-07-11T09:43:06","modified_gmt":"2025-07-11T09:43:06","slug":"tk-folyamatos-gabonaszarito","status":"publish","type":"product","link":"https:\/\/www.tornum.com\/hu\/termek\/tk-folyamatos-gabonaszarito\/","title":{"rendered":"TK FOLYAMATOS GABONASZ\u00c1R\u00cdT\u00d3"},"content":{"rendered":"<div class=\"wpb-content-wrapper\"><p>[vc_row gap=&#8221;35&#8243;][vc_column width=&#8221;2\/3&#8243;][vc_column_text]A Tornum TK folyamatos kevert \u00e1raml\u00e1s\u00fa gabonasz\u00e1r\u00edt\u00f3 gazdas\u00e1gosabb h\u0151felhaszn\u00e1l\u00e1s mellett a gabona k\u00edm\u00e9letes sz\u00e1r\u00edt\u00e1s\u00e1t teszi lehet\u0151v\u00e9. A TK gabonasz\u00e1r\u00edt\u00f3t kimagasl\u00f3 min\u0151s\u00e9ge \u00e9s egyed\u00fcl\u00e1ll\u00f3 szerkezeti tulajdons\u00e1gai tett\u00e9k sikeress\u00e9 a mez\u0151gazdas\u00e1gban.<br \/>\nA TK sz\u00e1r\u00edt\u00f3k egyar\u00e1nt haszn\u00e1lhat\u00f3k belt\u00e9ren \u00e9s k\u00fclt\u00e9ren is, a t\u0171zihorganyzott ac\u00e9l szerkezet pedig biztos\u00edtja a berendez\u00e9sek hossz\u00fa \u00e9lettartam\u00e1t.<\/p>\n<p>A TK BIG sorozattal a Tornum a teljes\u00edtm\u00e9ny \u00fajabb szintjeit k\u00edn\u00e1lja a mez\u0151gazdas\u00e1gi \u00e1gazat sz\u00e1m\u00e1ra. \u00daj BIG sz\u00e1r\u00edt\u00f3ink legnagyobbika, a TK16-44 cs\u00facsteljes\u00edtm\u00e9nyen 300 tonna\/\u00f3ra kapacit\u00e1sra k\u00e9pes.<\/p>\n<p>A TORNUM fel\u00e9p\u00edtett k\u00e9t BIG TK12-28-4 folyamatos kevert \u00e1raml\u00e1s\u00fa sz\u00e1r\u00edt\u00f3t az ukrajnai Zsmerinka telep\u00fcl\u00e9sen. Mindk\u00e9t gabonasz\u00e1r\u00edt\u00f3 275 m3 \u0171rtartalm\u00fa, \u00e9s \u00f3r\u00e1nk\u00e9nt 133 tonna b\u00faza sz\u00e1r\u00edt\u00e1s\u00e1ra k\u00e9pes. Tekintse meg a telephelyr\u0151l k\u00e9sz\u00fclt vide\u00f3t.[\/vc_column_text][\/vc_column][vc_column width=&#8221;1\/3&#8243;][vc_column_text]<strong>ALAPTARTOZ\u00c9KOK<\/strong><br \/>\n\u2022 Szintjelz\u0151<br \/>\n\u2022 Nedves leveg\u0151vel tel\u00edtett t\u00e9r<br \/>\n\u2022 Ki\u00fcr\u00edt\u0151 r\u00e9sz \u2013 g\u00f6rd\u00fcl\u0151 vagy impulzusos<br \/>\n\u2022 Szint\u00e9rz\u00e9kel\u0151<br \/>\n\u2022 Pufferz\u00f3na<br \/>\n\u2022 V\u00e1ltoztathat\u00f3 h\u0171t\u0151z\u00f3na<\/p>\n<p><strong>KIEG\u00c9SZ\u00cdT\u0150K<\/strong><br \/>\n\u2022 L\u00e9tr\u00e1k \u00e9s erk\u00e9lyek<br \/>\n\u2022 T\u0171z\u00e9rz\u00e9kel\u0151 rendszer<br \/>\n\u2022 Hangtomp\u00edt\u00f3<br \/>\n\u2022 Megn\u00f6velt pufferz\u00f3na<br \/>\n\u2022 Vez\u00e9rl\u00e9s \u2013 nedvess\u00e9g vagy h\u0151m\u00e9rs\u00e9klet alapj\u00e1n<br \/>\n[\/vc_column_text][\/vc_column][\/vc_row]<\/p>\n<\/div>","protected":false},"excerpt":{"rendered":"<p>A Tornum TK folyamatos kevert \u00e1raml\u00e1s\u00fa gabonasz\u00e1r\u00edt\u00f3ja hat\u00e9kony f\u0171t\u00e9st \u00e9s k\u00edm\u00e9letes gabonasz\u00e1r\u00edt\u00e1st k\u00edn\u00e1l. Kiv\u00e1l\u00f3 min\u0151s\u00e9g\u00e9nek \u00e9s egyedi konstrukci\u00f3s jellemz\u0151inek k\u00f6sz\u00f6nhet\u0151en arat sikert a mez\u0151gazdas\u00e1gban.<\/p>\n","protected":false},"featured_media":20699,"comment_status":"open","ping_status":"closed","template":"","meta":{"_acf_changed":false},"product_brand":[],"product_cat":[420,434,427,428,421,448],"product_tag":[430,431,477,432],"class_list":{"0":"post-23030","1":"product","2":"type-product","3":"status-publish","4":"has-post-thumbnail","6":"product_cat-minden-termek-hu","7":"product_cat-takarmanyok-hu","8":"product_cat-elelmiszer-hu","9":"product_cat-gabona-hu","10":"product_cat-kondicionalas","11":"product_cat-gabonaszaritok-hu","12":"product_tag-burner-hu","13":"product_tag-dryer-hu","14":"product_tag-dryer-rex-hu","15":"product_tag-dryer-tkr-hu","16":"pa_products-type-all-products-hu","17":"pa_products-type-grain-hu","19":"first","20":"instock","21":"shipping-taxable","22":"product-type-simple"},"acf":[],"_links":{"self":[{"href":"https:\/\/www.tornum.com\/hu\/wp-json\/wp\/v2\/product\/23030","targetHints":{"allow":["GET"]}}],"collection":[{"href":"https:\/\/www.tornum.com\/hu\/wp-json\/wp\/v2\/product"}],"about":[{"href":"https:\/\/www.tornum.com\/hu\/wp-json\/wp\/v2\/types\/product"}],"replies":[{"embeddable":true,"href":"https:\/\/www.tornum.com\/hu\/wp-json\/wp\/v2\/comments?post=23030"}],"version-history":[{"count":2,"href":"https:\/\/www.tornum.com\/hu\/wp-json\/wp\/v2\/product\/23030\/revisions"}],"predecessor-version":[{"id":23034,"href":"https:\/\/www.tornum.com\/hu\/wp-json\/wp\/v2\/product\/23030\/revisions\/23034"}],"wp:featuredmedia":[{"embeddable":true,"href":"https:\/\/www.tornum.com\/hu\/wp-json\/wp\/v2\/media\/20699"}],"wp:attachment":[{"href":"https:\/\/www.tornum.com\/hu\/wp-json\/wp\/v2\/media?parent=23030"}],"wp:term":[{"taxonomy":"product_brand","embeddable":true,"href":"https:\/\/www.tornum.com\/hu\/wp-json\/wp\/v2\/product_brand?post=23030"},{"taxonomy":"product_cat","embeddable":true,"href":"https:\/\/www.tornum.com\/hu\/wp-json\/wp\/v2\/product_cat?post=23030"},{"taxonomy":"product_tag","embeddable":true,"href":"https:\/\/www.tornum.com\/hu\/wp-json\/wp\/v2\/product_tag?post=23030"}],"curies":[{"name":"wp","href":"https:\/\/api.w.org\/{rel}","templated":true}]}}