{"id":23041,"date":"2023-04-03T09:35:26","date_gmt":"2023-04-03T09:35:26","guid":{"rendered":"https:\/\/www.tornum.com\/product\/continuous-grain-dryer-tkr\/"},"modified":"2025-07-30T09:38:49","modified_gmt":"2025-07-30T09:38:49","slug":"tkr-folyamatos-termenyszarito","status":"publish","type":"product","link":"https:\/\/www.tornum.com\/hu\/termek\/tkr-folyamatos-termenyszarito\/","title":{"rendered":"TKR FOLYAMATOS TERM\u00c9NYSZ\u00c1R\u00cdT\u00d3"},"content":{"rendered":"<div class=\"wpb-content-wrapper\"><p>[vc_row][vc_column width=&#8221;2\/3&#8243;][vc_column_text]A Tornum TKR term\u00e9nysz\u00e1r\u00edt\u00f3 h\u0151visszanyer\u00e9ses, visszaforgat\u00f3 rendszer\u0171 sz\u00e1r\u00edt\u00f3. Miut\u00e1n a leveg\u0151 a term\u00e9nysz\u00e1r\u00edt\u00f3 h\u0171t\u0151z\u00f3n\u00e1j\u00e1ban felmelegedve elhagyta a gabon\u00e1t, az als\u00f3 h\u0151cser\u00e9l\u0151ben tov\u00e1bb melegszik, miel\u0151tt \u00e1thalad az als\u00f3 sz\u00e1r\u00edt\u00f3z\u00f3n\u00e1n.<\/p>\n<p>Az ekkorra kiss\u00e9 leh\u0171lt \u00e9s nedves\u00edtett leveg\u0151 keveredik a fels\u0151 forr\u00f3leveg\u0151s csatorna alj\u00e1n l\u00e9v\u0151 extra h\u0151cser\u00e9l\u0151b\u0151l \u00e9rkez\u0151 el\u0151meleg\u00edtett friss leveg\u0151vel. A leveg\u0151 \u00fajb\u00f3l felmelegszik, amint \u00e1thalad a fels\u0151 h\u0151cser\u00e9l\u0151n. Az \u00edgy m\u00e1sodszor is felmeleg\u00edtett leveg\u0151 \u00e1thalad a gabon\u00e1n a fels\u0151 sz\u00e1r\u00edt\u00f3z\u00f3n\u00e1ban, miel\u0151tt elhagyn\u00e1 a gabonasz\u00e1r\u00edt\u00f3t.<\/p>\n<p>Ez a kialak\u00edt\u00e1s a sz\u00e1r\u00edt\u00e1si h\u0151m\u00e9rs\u00e9klett\u0151l, a bemeneti \u00e9s kimeneti nedvess\u00e9gtartalomt\u00f3l \u00e9s a k\u00f6rnyezeti h\u0151m\u00e9rs\u00e9klett\u0151l f\u00fcgg\u0151en 15\u201320% energiamegtakar\u00edt\u00e1st tesz lehet\u0151v\u00e9.<br \/>\nA h\u0151m\u00e9rs\u00e9klet-szab\u00e1lyoz\u00e1st a s\u00f6ntszelepet m\u0171k\u00f6dtet\u0151 vez\u00e9rl\u0151 v\u00e9gzi.<\/p>\n<p>A meleg leveg\u0151 \u00e9s a kimen\u0151 leveg\u0151 csatorn\u00e1i k\u00fcls\u0151 l\u00e9tr\u00e1r\u00f3l \u00e9s vizsg\u00e1l\u00f3\u00e1llv\u00e1nyokr\u00f3l vagy a gerend\u00e1kr\u00f3l hozz\u00e1f\u00e9rhet\u0151 ellen\u0151rz\u0151 ny\u00edl\u00e1sokkal vannak felszerelve. A ny\u00edl\u00e1sok belsej\u00e9ben padl\u00f3r\u00e1cs \u00e9s l\u00e9tr\u00e1k tal\u00e1lhat\u00f3k a bels\u0151 ellen\u0151rz\u00e9shez.[\/vc_column_text][\/vc_column][vc_column width=&#8221;1\/3&#8243;][vc_column_text]<strong>JELLEMZ\u0150K<\/strong><br \/>\n\u2022 Leveg\u0151-visszakeringtet\u00e9s<br \/>\n\u2022 35\u201345%-kal cs\u00f6kkentett l\u00e9g\u00e1raml\u00e1s<br \/>\n\u2022 15\u201320%-kal alacsonyabb energiafogyaszt\u00e1s<br \/>\n\u2022 V\u00edzzel m\u0171k\u00f6d\u0151 h\u0151cser\u00e9l\u0151k<br \/>\n\u2022 K\u00fcl\u00f6nf\u00e9le h\u0151m\u00e9rs\u00e9kletz\u00f3n\u00e1k<\/p>\n<p><b>KIEG\u00c9SZ\u00cdT\u0150K<\/b><br \/>\n\u2022 Szintjelz\u0151<br \/>\n\u2022 T\u0171z\u00e9rz\u00e9kel\u0151 rendszer<br \/>\n[\/vc_column_text][\/vc_column][\/vc_row]<\/p>\n<\/div>","protected":false},"excerpt":{"rendered":"<div class=\"flex flex-grow flex-col gap-3 max-w-full\">\n<div class=\"min-h-[20px] flex flex-col items-start gap-3 overflow-x-auto whitespace-pre-wrap break-words\">\n<div class=\"markdown prose w-full break-words dark:prose-invert light\">\n<p>A Tornum TKR term\u00e9nysz\u00e1r\u00edt\u00f3 egy energiatakar\u00e9kos, folyamatos sz\u00e1r\u00edt\u00f3, amely korszer\u0171 recirkul\u00e1ci\u00f3s kialak\u00edt\u00e1ssal rendelkezik. Nem egyszer\u0171en csak megsz\u00e1r\u00edtja a gabon\u00e1t; minden l\u00e9p\u00e9st optimaliz\u00e1l, ami ak\u00e1r 15-20%-os energiamegtakar\u00edt\u00e1st eredm\u00e9nyez a t\u00f6bb l\u00e9gf\u0171t\u00e9si fokozat r\u00e9v\u00e9n.<\/p>\n<\/div>\n<\/div>\n<\/div>\n","protected":false},"featured_media":20779,"comment_status":"open","ping_status":"closed","template":"","meta":{"_acf_changed":false},"product_brand":[],"product_cat":[420,434,427,428,421,448],"product_tag":[431,477,449,432],"class_list":{"0":"post-23041","1":"product","2":"type-product","3":"status-publish","4":"has-post-thumbnail","6":"product_cat-minden-termek-hu","7":"product_cat-takarmanyok-hu","8":"product_cat-elelmiszer-hu","9":"product_cat-gabona-hu","10":"product_cat-kondicionalas","11":"product_cat-gabonaszaritok-hu","12":"product_tag-dryer-hu","13":"product_tag-dryer-rex-hu","14":"product_tag-dryer-tk-hu","15":"product_tag-dryer-tkr-hu","16":"pa_products-type-grain-hu","17":"description-off","19":"first","20":"instock","21":"shipping-taxable","22":"product-type-simple"},"acf":[],"_links":{"self":[{"href":"https:\/\/www.tornum.com\/hu\/wp-json\/wp\/v2\/product\/23041","targetHints":{"allow":["GET"]}}],"collection":[{"href":"https:\/\/www.tornum.com\/hu\/wp-json\/wp\/v2\/product"}],"about":[{"href":"https:\/\/www.tornum.com\/hu\/wp-json\/wp\/v2\/types\/product"}],"replies":[{"embeddable":true,"href":"https:\/\/www.tornum.com\/hu\/wp-json\/wp\/v2\/comments?post=23041"}],"version-history":[{"count":2,"href":"https:\/\/www.tornum.com\/hu\/wp-json\/wp\/v2\/product\/23041\/revisions"}],"predecessor-version":[{"id":23050,"href":"https:\/\/www.tornum.com\/hu\/wp-json\/wp\/v2\/product\/23041\/revisions\/23050"}],"wp:featuredmedia":[{"embeddable":true,"href":"https:\/\/www.tornum.com\/hu\/wp-json\/wp\/v2\/media\/20779"}],"wp:attachment":[{"href":"https:\/\/www.tornum.com\/hu\/wp-json\/wp\/v2\/media?parent=23041"}],"wp:term":[{"taxonomy":"product_brand","embeddable":true,"href":"https:\/\/www.tornum.com\/hu\/wp-json\/wp\/v2\/product_brand?post=23041"},{"taxonomy":"product_cat","embeddable":true,"href":"https:\/\/www.tornum.com\/hu\/wp-json\/wp\/v2\/product_cat?post=23041"},{"taxonomy":"product_tag","embeddable":true,"href":"https:\/\/www.tornum.com\/hu\/wp-json\/wp\/v2\/product_tag?post=23041"}],"curies":[{"name":"wp","href":"https:\/\/api.w.org\/{rel}","templated":true}]}}