{"id":23042,"date":"2023-05-14T21:51:07","date_gmt":"2023-05-14T21:51:07","guid":{"rendered":"https:\/\/www.tornum.com\/product\/cyclone\/"},"modified":"2025-07-30T09:45:51","modified_gmt":"2025-07-30T09:45:51","slug":"ciklon","status":"publish","type":"product","link":"https:\/\/www.tornum.com\/hu\/termek\/ciklon\/","title":{"rendered":"CIKLON"},"content":{"rendered":"<div class=\"wpb-content-wrapper\"><p>[vc_row][vc_column width=&#8221;2\/3&#8243;][vc_column_text]A Tornum ciklonjai a gabonahullad\u00e9k \u00e9s a leveg\u0151 elv\u00e1laszt\u00e1s\u00e1nak lehets\u00e9ges legjobb m\u00f3dj\u00e1t k\u00edn\u00e1lj\u00e1k. A gabonakezel\u0151 rendszer tervez\u00e9se sor\u00e1n a kedvez\u0151 munkak\u00f6r\u00fclm\u00e9nyek biztos\u00edt\u00e1sa \u00e9rdek\u00e9ben fontos szempont a ciklon megfelel\u0151 elhelyez\u00e9se \u00e9s a gabonahullad\u00e9k helyes kezel\u00e9se.[\/vc_column_text][\/vc_column][vc_column width=&#8221;1\/3&#8243;][vc_column_text]<strong>JELLEMZ\u0150K<\/strong><\/p>\n<ul>\n<li>T\u0171zihorganyzott ac\u00e9lb\u00f3l k\u00e9sz\u00fclt<\/li>\n<li>Bemeneti, kimeneti \u00e9s szelephez csatlakoz\u00f3 spir\u00e1lis cs\u0151csatlakoz\u00e1sokkal rendelkezik<\/li>\n<\/ul>\n<p><strong>KIEG\u00c9SZ\u00cdT\u0150K<\/strong><\/p>\n<ul>\n<li>Porelsz\u00edv\u00f3<\/li>\n<li>Porgy\u0171jt\u0151 tart\u00e1ly<\/li>\n<li>Por ut\u00f3elsz\u00edv\u00f3<\/li>\n<li>L\u00e9gsz\u00e1ll\u00edt\u00f3 cs\u0151<\/li>\n<li>Ciklon fed\u00e9l<\/li>\n<\/ul>\n<p>[\/vc_column_text][\/vc_column][\/vc_row]<\/p>\n<\/div>","protected":false},"excerpt":{"rendered":"<p>A Tornum ciklonjait \u00e1tgondoltan tervezt\u00e9k a gabonahullad\u00e9k \u00e9s a leveg\u0151 hat\u00e9kony sz\u00e9tv\u00e1laszt\u00e1s\u00e1ra, ami kulcsfontoss\u00e1g\u00fa a gabonakezel\u0151 rendszeren bel\u00fcli produkt\u00edv \u00e9s biztons\u00e1gos munkak\u00f6rnyezet megteremt\u00e9s\u00e9ben.<\/p>\n","protected":false},"featured_media":22001,"comment_status":"open","ping_status":"closed","template":"","meta":{"_acf_changed":false},"product_brand":[],"product_cat":[420,428,435,436],"product_tag":[462,478,438,439],"class_list":{"0":"post-23042","1":"product","2":"type-product","3":"status-publish","4":"has-post-thumbnail","6":"product_cat-minden-termek-hu","7":"product_cat-gabona-hu","8":"product_cat-anyagmozgatas","9":"product_cat-porlevalasztas-hu","10":"product_tag-cleaning-hu","11":"product_tag-cyclone-hu","12":"product_tag-dust-hu","13":"product_tag-separation-hu","14":"description-off","16":"first","17":"instock","18":"shipping-taxable","19":"product-type-simple"},"acf":[],"_links":{"self":[{"href":"https:\/\/www.tornum.com\/hu\/wp-json\/wp\/v2\/product\/23042","targetHints":{"allow":["GET"]}}],"collection":[{"href":"https:\/\/www.tornum.com\/hu\/wp-json\/wp\/v2\/product"}],"about":[{"href":"https:\/\/www.tornum.com\/hu\/wp-json\/wp\/v2\/types\/product"}],"replies":[{"embeddable":true,"href":"https:\/\/www.tornum.com\/hu\/wp-json\/wp\/v2\/comments?post=23042"}],"version-history":[{"count":3,"href":"https:\/\/www.tornum.com\/hu\/wp-json\/wp\/v2\/product\/23042\/revisions"}],"predecessor-version":[{"id":23377,"href":"https:\/\/www.tornum.com\/hu\/wp-json\/wp\/v2\/product\/23042\/revisions\/23377"}],"wp:featuredmedia":[{"embeddable":true,"href":"https:\/\/www.tornum.com\/hu\/wp-json\/wp\/v2\/media\/22001"}],"wp:attachment":[{"href":"https:\/\/www.tornum.com\/hu\/wp-json\/wp\/v2\/media?parent=23042"}],"wp:term":[{"taxonomy":"product_brand","embeddable":true,"href":"https:\/\/www.tornum.com\/hu\/wp-json\/wp\/v2\/product_brand?post=23042"},{"taxonomy":"product_cat","embeddable":true,"href":"https:\/\/www.tornum.com\/hu\/wp-json\/wp\/v2\/product_cat?post=23042"},{"taxonomy":"product_tag","embeddable":true,"href":"https:\/\/www.tornum.com\/hu\/wp-json\/wp\/v2\/product_tag?post=23042"}],"curies":[{"name":"wp","href":"https:\/\/api.w.org\/{rel}","templated":true}]}}