{"id":23043,"date":"2023-05-14T21:15:17","date_gmt":"2023-05-14T21:15:17","guid":{"rendered":"https:\/\/www.tornum.com\/product\/damas-omega\/"},"modified":"2025-07-30T09:52:18","modified_gmt":"2025-07-30T09:52:18","slug":"damas-omega","status":"publish","type":"product","link":"https:\/\/www.tornum.com\/hu\/termek\/damas-omega\/","title":{"rendered":"DAMAS OMEGA"},"content":{"rendered":"<div class=\"wpb-content-wrapper\"><p>[vc_row][vc_column width=&#8221;2\/3&#8243;][vc_column_text]Az Omega rendk\u00edv\u00fcl rugalmas, \u00edgy minden tiszt\u00edt\u00e1si \u00e9s oszt\u00e1lyoz\u00e1si feladat v\u00e9grehajt\u00e1s\u00e1ra felhaszn\u00e1lhat\u00f3, az el\u0151tiszt\u00edt\u00e1st\u00f3l eg\u00e9szen a finom tiszt\u00edt\u00e1sig. Az Omega leveg\u0151-visszakeringtet\u00e9ssel vagy an\u00e9lk\u00fcl is el\u00e9rhet\u0151, a leveg\u0151fogyaszt\u00e1ssal, h\u0151visszanyer\u00e9ssel stb. kapcsolatos helyi el\u0151\u00edr\u00e1soknak val\u00f3 megfelel\u00e9s \u00e9rdek\u00e9ben. Az el\u0151- \u00e9s az ut\u00f3elsz\u00edv\u00f3 leveg\u0151rendszer teljesen k\u00fcl\u00f6n\u00e1ll\u00f3, ami az egyszer\u0171bb m\u0171k\u00f6dtet\u00e9s \u00e9s nagyobb tiszt\u00edt\u00e1si hat\u00e9konys\u00e1g \u00e9rdek\u00e9ben egym\u00e1st\u00f3l f\u00fcggetlen be\u00e1ll\u00edt\u00e1sra ad lehet\u0151s\u00e9get.[\/vc_column_text][\/vc_column][vc_column width=&#8221;1\/3&#8243;][vc_column_text]<strong>JELLEMZ\u0150K<\/strong><br \/>\n\u2022 Tokozott kivitel az alacsony zajszint biztos\u00edt\u00e1s\u00e1hoz<br \/>\n\u2022 A rostaszekr\u00e9nyek strapab\u00edr\u00f3 \u00e9s \u00e9lelmiszeripari felhaszn\u00e1l\u00e1sra j\u00f3v\u00e1hagyott WISAform anyagb\u00f3l k\u00e9sz\u00fcltek<br \/>\n\u2022 A rosta tiszt\u00edt\u00e1sa speci\u00e1lis gumigoly\u00f3kkal t\u00f6rt\u00e9nik<br \/>\n\u2022 Alapfelszerelts\u00e9g a v\u00e1ltoztathat\u00f3 adagol\u00e1sszab\u00e1lyoz\u00e1s<br \/>\n\u2022 Az anyag eloszt\u00e1sa a rost\u00e1n adagol\u00f3csig\u00e1val t\u00f6rt\u00e9nik (egyes modelleken extra felszerel\u00e9s)<\/p>\n<p><strong>KIEG\u00c9SZ\u00cdT\u0150K<\/strong><br \/>\n\u2022 Elektronikus megfigyel\u0151rendszer[\/vc_column_text][\/vc_column][\/vc_row]<\/p>\n<\/div>","protected":false},"excerpt":{"rendered":"<p>Az Omega tiszt\u00edt\u00f3g\u00e9p rendk\u00edv\u00fcl sokoldal., A tiszt\u00edt\u00e1si \u00e9s oszt\u00e1lyoz\u00e1si feladatok sz\u00e9les sk\u00e1l\u00e1j\u00e1ra alkalmas, opcion\u00e1lis l\u00e9gvisszavezet\u00e9ssel, hogy megfeleljen a leveg\u0151fogyaszt\u00e1s \u00e9s a h\u0151visszanyer\u00e9ssel kapcsolatos egyedi ig\u00e9nyeknek.<\/p>\n","protected":false},"featured_media":22644,"comment_status":"open","ping_status":"closed","template":"","meta":{"_acf_changed":false},"product_brand":[],"product_cat":[420,434,427,428,435,461],"product_tag":[462,463,438,439],"class_list":{"0":"post-23043","1":"product","2":"type-product","3":"status-publish","4":"has-post-thumbnail","6":"product_cat-minden-termek-hu","7":"product_cat-takarmanyok-hu","8":"product_cat-elelmiszer-hu","9":"product_cat-gabona-hu","10":"product_cat-anyagmozgatas","11":"product_cat-tisztitogepek-hu","12":"product_tag-cleaning-hu","13":"product_tag-dc-remover-hu","14":"product_tag-dust-hu","15":"product_tag-separation-hu","16":"description-off","18":"first","19":"instock","20":"shipping-taxable","21":"product-type-simple"},"acf":[],"_links":{"self":[{"href":"https:\/\/www.tornum.com\/hu\/wp-json\/wp\/v2\/product\/23043","targetHints":{"allow":["GET"]}}],"collection":[{"href":"https:\/\/www.tornum.com\/hu\/wp-json\/wp\/v2\/product"}],"about":[{"href":"https:\/\/www.tornum.com\/hu\/wp-json\/wp\/v2\/types\/product"}],"replies":[{"embeddable":true,"href":"https:\/\/www.tornum.com\/hu\/wp-json\/wp\/v2\/comments?post=23043"}],"version-history":[{"count":2,"href":"https:\/\/www.tornum.com\/hu\/wp-json\/wp\/v2\/product\/23043\/revisions"}],"predecessor-version":[{"id":23058,"href":"https:\/\/www.tornum.com\/hu\/wp-json\/wp\/v2\/product\/23043\/revisions\/23058"}],"wp:featuredmedia":[{"embeddable":true,"href":"https:\/\/www.tornum.com\/hu\/wp-json\/wp\/v2\/media\/22644"}],"wp:attachment":[{"href":"https:\/\/www.tornum.com\/hu\/wp-json\/wp\/v2\/media?parent=23043"}],"wp:term":[{"taxonomy":"product_brand","embeddable":true,"href":"https:\/\/www.tornum.com\/hu\/wp-json\/wp\/v2\/product_brand?post=23043"},{"taxonomy":"product_cat","embeddable":true,"href":"https:\/\/www.tornum.com\/hu\/wp-json\/wp\/v2\/product_cat?post=23043"},{"taxonomy":"product_tag","embeddable":true,"href":"https:\/\/www.tornum.com\/hu\/wp-json\/wp\/v2\/product_tag?post=23043"}],"curies":[{"name":"wp","href":"https:\/\/api.w.org\/{rel}","templated":true}]}}