{"id":23044,"date":"2023-05-14T21:18:40","date_gmt":"2023-05-14T21:18:40","guid":{"rendered":"https:\/\/www.tornum.com\/product\/damas-pulco\/"},"modified":"2025-07-30T09:58:48","modified_gmt":"2025-07-30T09:58:48","slug":"damas-pulco","status":"publish","type":"product","link":"https:\/\/www.tornum.com\/hu\/termek\/damas-pulco\/","title":{"rendered":"DAMAS PULCO"},"content":{"rendered":"<p><strong>Hat\u00e9kony l\u00e9gelsz\u00edv\u00f3<\/strong><br \/>\nA Pulco hat\u00e9konyan v\u00e1lasztja el leveg\u0151vel a k\u00f6nny\u0171 \u00e9s a neh\u00e9z term\u00e9nyeket.<br \/>\nA l\u00e9gelsz\u00edv\u00f3 minden l\u00e9tes\u00edtm\u00e9nyben a leghasznosabb helyen haszn\u00e1lhat\u00f3. Alkalmazhat\u00f3 el\u0151tiszt\u00edt\u00e1sra a beadagol\u00e1sn\u00e1l, tov\u00e1bbi l\u00e9gtiszt\u00edt\u00e1sra finom tiszt\u00edt\u00e1si elj\u00e1r\u00e1sn\u00e1l, gabon\u00e1hoz az el\u0151k\u00e9sz\u00edt\u00e9s el\u0151tt, ipari tiszt\u00edt\u00e1shoz, vagy kirakod\u00e1sra sz\u00e1nt mal\u00e1t\u00e1n\u00e1l.<\/p>\n<p>A Pulco minden k\u00f6r\u00fclm\u00e9nyek k\u00f6z\u00f6tt az el\u00e9rhet\u0151 legjobb tiszt\u00edt\u00e1st biztos\u00edtja. Haszn\u00e1lhat\u00f3 frakcion\u00e1l\u00e1sra is magelv\u00e1laszt\u00f3 kamr\u00e1val.<\/p>\n<p>A Pulco egy egyszer\u0171, k\u00f6rnyezetbar\u00e1t konstrukci\u00f3, emellett k\u00f6nnyen kezelhet\u0151. T\u00e1vvez\u00e9rl\u0151 is kaphat\u00f3 hozz\u00e1.<\/p>\n<ul>\n<li>A Pulco \u00f6ntisztul\u00f3, \u00e9s az ide\u00e1lis anyageloszlat\u00e1snak k\u00f6sz\u00f6nhet\u0151en t\u00f6k\u00e9letes l\u00e9g\u00e1raml\u00e1ssal rendelkezik.<\/li>\n<li>A g\u00e9p nem kelt rezg\u00e9seket \u00e9s a kapacit\u00e1s\u00e1hoz k\u00e9pest nagyon alacsony a helyig\u00e9nye.<\/li>\n<li>A Pulco csendes, keveset fogyaszt \u00e9s k\u00f6rnyezetbar\u00e1t.<\/li>\n<li>A modulk\u00e9nt kaphat\u00f3 kieg\u00e9sz\u00edt\u0151k \u00e1tfog\u00f3 v\u00e1laszt\u00e9ka a jelenlegi \u00e9s a j\u00f6v\u0151beli ig\u00e9nyek kiel\u00e9g\u00edt\u00e9s\u00e9t egyar\u00e1nt biztos\u00edtja.<\/li>\n<\/ul>\n","protected":false},"excerpt":{"rendered":"<p>A Pulco egy hat\u00e9kony l\u00e9gelsz\u00edv\u00f3 (aspir\u00e1tor), amely leveg\u0151vel v\u00e1lasztja sz\u00e9t a k\u00f6nny\u0171 \u00e9s nehezebb magokat. Alkalmazhat\u00f3 k\u00fcl\u00f6nb\u00f6z\u0151 felhaszn\u00e1l\u00e1si ter\u00fcleteken, t\u00f6bbek k\u00f6z\u00f6tt el\u0151tiszt\u00edt\u00e1shoz, finom tiszt\u00edt\u00e1shoz, vet\u0151magkezel\u00e9shez, ipari tiszt\u00edt\u00e1shoz \u00e9s mal\u00e1tafeldolgoz\u00e1shoz.<\/p>\n","protected":false},"featured_media":21231,"comment_status":"open","ping_status":"closed","template":"","meta":{"_acf_changed":false},"product_brand":[],"product_cat":[420,428,435,461],"product_tag":[462,463,438,439],"class_list":{"0":"post-23044","1":"product","2":"type-product","3":"status-publish","4":"has-post-thumbnail","6":"product_cat-minden-termek-hu","7":"product_cat-gabona-hu","8":"product_cat-anyagmozgatas","9":"product_cat-tisztitogepek-hu","10":"product_tag-cleaning-hu","11":"product_tag-dc-remover-hu","12":"product_tag-dust-hu","13":"product_tag-separation-hu","14":"description-off","16":"first","17":"instock","18":"shipping-taxable","19":"product-type-simple"},"acf":[],"_links":{"self":[{"href":"https:\/\/www.tornum.com\/hu\/wp-json\/wp\/v2\/product\/23044","targetHints":{"allow":["GET"]}}],"collection":[{"href":"https:\/\/www.tornum.com\/hu\/wp-json\/wp\/v2\/product"}],"about":[{"href":"https:\/\/www.tornum.com\/hu\/wp-json\/wp\/v2\/types\/product"}],"replies":[{"embeddable":true,"href":"https:\/\/www.tornum.com\/hu\/wp-json\/wp\/v2\/comments?post=23044"}],"version-history":[{"count":2,"href":"https:\/\/www.tornum.com\/hu\/wp-json\/wp\/v2\/product\/23044\/revisions"}],"predecessor-version":[{"id":23062,"href":"https:\/\/www.tornum.com\/hu\/wp-json\/wp\/v2\/product\/23044\/revisions\/23062"}],"wp:featuredmedia":[{"embeddable":true,"href":"https:\/\/www.tornum.com\/hu\/wp-json\/wp\/v2\/media\/21231"}],"wp:attachment":[{"href":"https:\/\/www.tornum.com\/hu\/wp-json\/wp\/v2\/media?parent=23044"}],"wp:term":[{"taxonomy":"product_brand","embeddable":true,"href":"https:\/\/www.tornum.com\/hu\/wp-json\/wp\/v2\/product_brand?post=23044"},{"taxonomy":"product_cat","embeddable":true,"href":"https:\/\/www.tornum.com\/hu\/wp-json\/wp\/v2\/product_cat?post=23044"},{"taxonomy":"product_tag","embeddable":true,"href":"https:\/\/www.tornum.com\/hu\/wp-json\/wp\/v2\/product_tag?post=23044"}],"curies":[{"name":"wp","href":"https:\/\/api.w.org\/{rel}","templated":true}]}}