{"id":23045,"date":"2023-05-14T21:13:07","date_gmt":"2023-05-14T21:13:07","guid":{"rendered":"https:\/\/www.tornum.com\/product\/damas-sigma\/"},"modified":"2025-07-16T10:00:10","modified_gmt":"2025-07-16T10:00:10","slug":"damas-sigma","status":"publish","type":"product","link":"https:\/\/www.tornum.com\/hu\/termek\/damas-sigma\/","title":{"rendered":"DAMAS SIGMA"},"content":{"rendered":"<div class=\"wpb-content-wrapper\"><p>[vc_row][vc_column width=&#8221;2\/3&#8243;][vc_column_text]A Sigma els\u0151sorban gabona \u00e9s egy\u00e9b szemcs\u00e9s anyagok el\u0151tiszt\u00edt\u00e1s\u00e1ra szolg\u00e1l, de felhaszn\u00e1lhat\u00f3 finom tiszt\u00edt\u00e1sra is. A SIGMA f\u00fcgg\u0151leges forg\u00f3 rost\u00e1kkal van ell\u00e1tva, amelyek a centrifug\u00e1lis er\u0151nek k\u00f6sz\u00f6nhet\u0151en a g\u00e9p m\u00e9ret\u00e9hez k\u00e9pest rendk\u00edv\u00fcl nagy kapacit\u00e1st biztos\u00edtanak.[\/vc_column_text][\/vc_column][vc_column width=&#8221;1\/3&#8243;][vc_column_text]<strong>JELLEMZ\u0150K<\/strong><br \/>\n\u2022 Forg\u00f3, rezg\u00e9smentes m\u0171k\u00f6d\u00e9s<br \/>\n\u2022 A konstrukci\u00f3 csak minim\u00e1lis alapoz\u00e1st ig\u00e9nyel<br \/>\n\u2022 Rugalmas telep\u00edt\u00e9si lehet\u0151s\u00e9g \u2013 k\u00f6nnyen forgathat\u00f3 kimenet megfelel\u0151 ny\u00edl\u00e1ssal<br \/>\n\u2022 Teljesen z\u00e1rt az alacsony zajszint \u00e9s a pormentes k\u00f6rnyezet \u00e9rdek\u00e9ben<br \/>\n\u2022 \u00d6nbe\u00e1ll\u00f3 g\u00f6rg\u0151s kef\u00e9k biztos\u00edtj\u00e1k a rosta hat\u00e9kony tiszt\u00edt\u00e1s\u00e1t<br \/>\n\u2022 A kimeneti r\u00e9sz nagy hat\u00e9konys\u00e1g\u00fa l\u00e9gelsz\u00edv\u00f3 egys\u00e9ggel van felszerelve<\/p>\n<p><strong>KIEG\u00c9SZ\u00cdT\u0150K<\/strong><br \/>\n\u2022 Elektronikus megfigyel\u0151rendszer[\/vc_column_text][\/vc_column][\/vc_row]<\/p>\n<\/div>","protected":false},"excerpt":{"rendered":"<p>A Sigma\u2013t a gabona \u00e9s szemcs\u00e9s anyagok hat\u00e9kony el\u0151tiszt\u00edt\u00e1s\u00e1ra \u00e9s finom tiszt\u00edt\u00e1s\u00e1ra tervezt\u00e9k, f\u00fcgg\u0151leges forg\u00f3rost\u00e1kkal rendelkezik, amelyek, m\u00e9ret\u00fckh\u00f6z k\u00e9pest nagy kapacit\u00e1st biztos\u00edtanak.<\/p>\n","protected":false},"featured_media":22647,"comment_status":"open","ping_status":"closed","template":"","meta":{"_acf_changed":false},"product_brand":[],"product_cat":[420,434,427,428,435,461],"product_tag":[462,479,438,439],"class_list":{"0":"post-23045","1":"product","2":"type-product","3":"status-publish","4":"has-post-thumbnail","6":"product_cat-minden-termek-hu","7":"product_cat-takarmanyok-hu","8":"product_cat-elelmiszer-hu","9":"product_cat-gabona-hu","10":"product_cat-anyagmozgatas","11":"product_cat-tisztitogepek-hu","12":"product_tag-cleaning-hu","13":"product_tag-damas-hu","14":"product_tag-dust-hu","15":"product_tag-separation-hu","16":"description-off","18":"first","19":"instock","20":"shipping-taxable","21":"product-type-simple"},"acf":[],"_links":{"self":[{"href":"https:\/\/www.tornum.com\/hu\/wp-json\/wp\/v2\/product\/23045","targetHints":{"allow":["GET"]}}],"collection":[{"href":"https:\/\/www.tornum.com\/hu\/wp-json\/wp\/v2\/product"}],"about":[{"href":"https:\/\/www.tornum.com\/hu\/wp-json\/wp\/v2\/types\/product"}],"replies":[{"embeddable":true,"href":"https:\/\/www.tornum.com\/hu\/wp-json\/wp\/v2\/comments?post=23045"}],"version-history":[{"count":2,"href":"https:\/\/www.tornum.com\/hu\/wp-json\/wp\/v2\/product\/23045\/revisions"}],"predecessor-version":[{"id":23066,"href":"https:\/\/www.tornum.com\/hu\/wp-json\/wp\/v2\/product\/23045\/revisions\/23066"}],"wp:featuredmedia":[{"embeddable":true,"href":"https:\/\/www.tornum.com\/hu\/wp-json\/wp\/v2\/media\/22647"}],"wp:attachment":[{"href":"https:\/\/www.tornum.com\/hu\/wp-json\/wp\/v2\/media?parent=23045"}],"wp:term":[{"taxonomy":"product_brand","embeddable":true,"href":"https:\/\/www.tornum.com\/hu\/wp-json\/wp\/v2\/product_brand?post=23045"},{"taxonomy":"product_cat","embeddable":true,"href":"https:\/\/www.tornum.com\/hu\/wp-json\/wp\/v2\/product_cat?post=23045"},{"taxonomy":"product_tag","embeddable":true,"href":"https:\/\/www.tornum.com\/hu\/wp-json\/wp\/v2\/product_tag?post=23045"}],"curies":[{"name":"wp","href":"https:\/\/api.w.org\/{rel}","templated":true}]}}