{"id":23046,"date":"2023-05-14T21:17:15","date_gmt":"2023-05-14T21:17:15","guid":{"rendered":"https:\/\/www.tornum.com\/product\/damas-uniseed-duoseed\/"},"modified":"2025-07-15T11:22:34","modified_gmt":"2025-07-15T11:22:34","slug":"damas-uniseed-duoseed","status":"publish","type":"product","link":"https:\/\/www.tornum.com\/hu\/termek\/damas-uniseed-duoseed\/","title":{"rendered":"DAMAS UNISEED\/DUOSEED"},"content":{"rendered":"<div class=\"wpb-content-wrapper\"><p>[vc_row][vc_column width=&#8221;2\/3&#8243;][vc_column_text]A Damas Uniseed \u00e9s Duoseed gabonatiszt\u00edt\u00f3 g\u00e9peket kifejezetten a farmer gazdas\u00e1gok gabonaoszt\u00e1lyoz\u00e1s\u00e1ra \u00e9s -tiszt\u00edt\u00e1s\u00e1ra, valamint kisipari gabonafeldolgoz\u00e1sra tervezt\u00e9k. Ezek a g\u00e9pek ugyanazt a magas szint\u0171 teljes\u00edtm\u00e9nyt \u00e9s hat\u00e9konys\u00e1got ny\u00fajtj\u00e1k, mint az ipari m\u00e9ret\u0171 Damas OMEGA tiszt\u00edt\u00f3\/oszt\u00e1lyoz\u00f3, de kompakt \u00e9s k\u00f6lts\u00e9ghat\u00e9kony kivitelben, \u00edgy t\u00f6k\u00e9letesen megfelelnek azoknak a gazdas\u00e1goknak, amelyek a gabon\u00e1t takarm\u00e1nyoz\u00e1sra \u00e9s \u00e9rt\u00e9kes\u00edt\u00e9sre egyar\u00e1nt felhaszn\u00e1lj\u00e1k.<\/p>\n<p>A Damas DuoSeed, egy kett\u0151s Uniseed g\u00e9p, optimaliz\u00e1lja a helykihaszn\u00e1l\u00e1st a gabonafeldolgoz\u00f3 l\u00e9tes\u00edtm\u00e9nyben.<br \/>\nA modul\u00e1ris fel\u00e9p\u00edt\u00e9s\u0171 magtiszt\u00edt\u00f3 g\u00e9p t\u00f6bb v\u00e1ltozatban kaphat\u00f3, \u00e9s ig\u00e9ny eset\u00e9n tokl\u00e1szkiszed\u0151vel \u00e9s el\u0151elsz\u00edv\u00f3 egys\u00e9ggel is felszerelhet\u0151.<\/p>\n<p>Az Uniseed \u00e9s Duoseed tiszt\u00edt\u00f3g\u00e9pek k\u00fcl\u00f6n\u00f6sen j\u00f3l haszn\u00e1lhat\u00f3k repc\u00e9hez, b\u00faz\u00e1hoz, \u00e1rp\u00e1hoz, kukoric\u00e1hoz \u00e9s sok m\u00e1shoz.<\/p>\n<p><strong>Hogyan m\u0171k\u00f6dnek <\/strong><\/p>\n<p>Az Uniseed \u00e9s Duoseed tiszt\u00edt\u00f3g\u00e9pek horganyzott ac\u00e9lb\u00f3l k\u00e9sz\u00fclnek, \u00e9s s\u00edk\u00e1gyas tiszt\u00edt\u00e1si m\u00f3dszert alkalmaznak. A fels\u0151 rosta v\u00edzszintes ir\u00e1nyban mozog, m\u00edg az als\u00f3 rosta ferde mozg\u00e1st v\u00e9gez. Ez az egyed\u00fcl\u00e1ll\u00f3 mozg\u00e1smint\u00e1zat, amely kiz\u00e1r\u00f3lag a SKIOLD Damas tiszt\u00edt\u00f3g\u00e9pek saj\u00e1tja, rendk\u00edv\u00fcl hat\u00e9kony skalpol\u00e1st biztos\u00edt a fels\u0151 rost\u00e1n \u00e9s kiv\u00e1l\u00f3 anyagoszt\u00e1lyoz\u00e1st.[\/vc_column_text][\/vc_column][vc_column width=&#8221;1\/3&#8243;][vc_column_text]<strong>JELLEMZ\u0150K<\/strong><br \/>\n\u2022 <em>Termel\u0151i gabonaoszt\u00e1lyoz\u00e1s:<\/em>: Az Uniseed \u00e9s Duoseed g\u00e9pek kiv\u00e1l\u00f3an alkalmasak azon gazd\u00e1lkod\u00f3k sz\u00e1m\u00e1ra, akik saj\u00e1t takarm\u00e1nyt \u00e1ll\u00edtanak el\u0151, vagy a helysz\u00ednen oszt\u00e1lyozz\u00e1k a gabon\u00e1t. Kompakt m\u00e9ret\u00fck, k\u00f6nny\u0171 kezelhet\u0151s\u00e9g\u00fck \u00e9s minim\u00e1lis karbantart\u00e1suk miatt kiv\u00e1l\u00f3 v\u00e1laszt\u00e1s, m\u00e9g id\u0151szakos haszn\u00e1lat eset\u00e9n is. Ezenk\u00edv\u00fcl a hullad\u00e9kanyag az automata f\u0171t\u0151berendez\u00e9sekben hasznos\u00edthat\u00f3, \u00edgy minimaliz\u00e1lhat\u00f3 a hullad\u00e9k.<\/p>\n<p>\u2022 <em>Fokozott szemmin\u0151s\u00e9g:<\/em>: Ha Uniseed-et vagy Duoseed-et v\u00e1laszt a tiszt\u00edt\u00e1shoz, p\u00e9ld\u00e1ul repc\u00e9hez vagy s\u00f6r\u00e1rp\u00e1hoz, akkor sz\u00e1m\u00edthat arra, hogy ezek a g\u00e9pek kiv\u00e9teles min\u0151s\u00e9get biztos\u00edtanak, \u00edgy magasabb \u00e1rat \u00e9rhet el a term\u00e9ny\u00e9\u00e9rt. Ezek a g\u00e9pek hat\u00e9konyan tudj\u00e1k elt\u00e1vol\u00edtani a legt\u00f6bb anyarozsot a gabon\u00e1b\u00f3l, meg\u0151rizve a v\u00e9gterm\u00e9k min\u0151s\u00e9g\u00e9t.<\/p>\n<p>\u2022 <em>Jobb cs\u00edr\u00e1z\u00e1s \u00e9s alacsonyabb k\u00f6lts\u00e9gek: <\/em>: A j\u00f3l megtiszt\u00edtott szemek jobban cs\u00edr\u00e1znak, a cs\u00e1v\u00e1z\u00f3anyag pedig hat\u00e9konyabban tapad az egyes szemekhez, \u00edgy cs\u00f6kkent az anyagvesztes\u00e9g \u00e9s a k\u00f6lts\u00e9g.<\/p>\n<p>\u2022 <em>Magasabb takarm\u00e1ny\u00e9rt\u00e9k: <\/em>: A takarm\u00e1nygabona tiszt\u00edt\u00e1s\u00e1ra\/oszt\u00e1lyoz\u00e1s\u00e1ra haszn\u00e1lt Uniseed \u00e9s Duoseed g\u00e9pek egyenletesen j\u00f3 min\u0151s\u00e9g\u0171 gabon\u00e1t \u00e1ll\u00edtanak el\u0151 nemk\u00edv\u00e1natos szennyez\u0151d\u00e9sek n\u00e9lk\u00fcl, cs\u00f6kkentve a portermel\u00e9st.<\/p>\n<p>\u2022 <em>Alacsonyabb t\u00e1rol\u00e1si k\u00f6lts\u00e9gek: <\/em>: A megfelel\u0151en oszt\u00e1lyozott gabona vagy vet\u0151magok t\u00e1rol\u00e1sa sor\u00e1n kisebb a pen\u00e9sz, gomb\u00e1k, bakt\u00e9riumok \u00e9s atk\u00e1k okozta roml\u00e1s kock\u00e1zata. Ez kevesebb aggodalomra ad okot a gabona megroml\u00e1sa miatt, \u00e9s cs\u00f6kkennek a k\u00e9s\u0151bbi sz\u00e1r\u00edt\u00e1si k\u00f6lts\u00e9gek.<\/p>\n<p>\u2022\u00a0<em>Meghosszabb\u00edtott \u00e9lettartam\u00fa berendez\u00e9sek: <\/em>: A j\u00f3l oszt\u00e1lyozott gabonaf\u00e9l\u00e9k jav\u00edtj\u00e1k a feldolgoz\u00f3berendez\u00e9sek teljes\u00edtm\u00e9ny\u00e9t \u00e9s \u00e9lettartam\u00e1t, j\u00f6vedelmez\u0151bb\u00e9 t\u00e9ve ezzel a beruh\u00e1z\u00e1sait.<\/p>\n<p><em>\u2022\u00a0Tart\u00f3s kialak\u00edt\u00e1s: <\/em>: Az Uniseed \u00e9s Duoseed s\u00edk\u00e1gyas tiszt\u00edt\u00f3berendez\u00e9sek hossz\u00fa \u00e9lettartamra vannak tervezve. Galvaniz\u00e1lt ac\u00e9l szekr\u00e9nyekkel \u00e9s speci\u00e1lis, a rost\u00e1kat tiszt\u00e1n tart\u00f3 gumilabd\u00e1kkal k\u00e9sz\u00fclnek.<br \/>\n. A rezg\u00e9s minimaliz\u00e1l\u00e1sa cs\u00f6kkenti a padl\u00f3 vagy a felf\u00fcggeszt\u00e9s ig\u00e9nybev\u00e9tel\u00e9t, meghosszabb\u00edtva ezzel az eg\u00e9sz berendez\u00e9s \u00e9lettartam\u00e1t.<\/p>\n<p><em>\u2022\u00a0K\u00f6nny\u0171 szervizel\u00e9s \u00e9s \u00fczemeltet\u00e9s:<\/em>: Ezeket a s\u00edk\u00e1gyas tiszt\u00edt\u00f3g\u00e9peket probl\u00e9mamentes rosta cser\u00e9kre \u00e9s mindennapos haszn\u00e1latra tervezt\u00fck. Kezel\u00e9s\u00fck k\u00f6nnyen megtanulhat\u00f3 \u00e9s elsaj\u00e1t\u00edthat\u00f3.<\/p>\n<p>&nbsp;<\/p>\n<p>[\/vc_column_text][\/vc_column][\/vc_row]<\/p>\n<\/div>","protected":false},"excerpt":{"rendered":"<p>A Damas Uniseed \u00e9s Duoseed gabonatiszt\u00edt\u00f3 g\u00e9peket hat\u00e9kony gabonaoszt\u00e1lyoz\u00e1sra \u00e9s -tiszt\u00edt\u00e1sra tervezt\u00e9k. Ipari min\u0151s\u00e9g\u0171 teljes\u00edtm\u00e9nyt k\u00edn\u00e1lnak kompakt \u00e9s k\u00f6lts\u00e9ghat\u00e9kony m\u00e9retben, amely megfelel a gabon\u00e1t takarm\u00e1nyoz\u00e1sra \u00e9s \u00e9rt\u00e9kes\u00edt\u00e9sre haszn\u00e1l\u00f3 gazdas\u00e1gok sz\u00e1m\u00e1ra.<br \/>\nEzek a g\u00e9pek ide\u00e1lisak repc\u00e9hez, b\u00faz\u00e1hoz, \u00e1rp\u00e1hoz \u00e9s kukoric\u00e1hoz is.<\/p>\n","protected":false},"featured_media":21229,"comment_status":"open","ping_status":"closed","template":"","meta":{"_acf_changed":false},"product_brand":[],"product_cat":[420,434,427,428,435,461],"product_tag":[462,479,438,439],"class_list":{"0":"post-23046","1":"product","2":"type-product","3":"status-publish","4":"has-post-thumbnail","6":"product_cat-minden-termek-hu","7":"product_cat-takarmanyok-hu","8":"product_cat-elelmiszer-hu","9":"product_cat-gabona-hu","10":"product_cat-anyagmozgatas","11":"product_cat-tisztitogepek-hu","12":"product_tag-cleaning-hu","13":"product_tag-damas-hu","14":"product_tag-dust-hu","15":"product_tag-separation-hu","16":"description-off","18":"first","19":"instock","20":"shipping-taxable","21":"product-type-simple"},"acf":[],"_links":{"self":[{"href":"https:\/\/www.tornum.com\/hu\/wp-json\/wp\/v2\/product\/23046","targetHints":{"allow":["GET"]}}],"collection":[{"href":"https:\/\/www.tornum.com\/hu\/wp-json\/wp\/v2\/product"}],"about":[{"href":"https:\/\/www.tornum.com\/hu\/wp-json\/wp\/v2\/types\/product"}],"replies":[{"embeddable":true,"href":"https:\/\/www.tornum.com\/hu\/wp-json\/wp\/v2\/comments?post=23046"}],"version-history":[{"count":2,"href":"https:\/\/www.tornum.com\/hu\/wp-json\/wp\/v2\/product\/23046\/revisions"}],"predecessor-version":[{"id":23070,"href":"https:\/\/www.tornum.com\/hu\/wp-json\/wp\/v2\/product\/23046\/revisions\/23070"}],"wp:featuredmedia":[{"embeddable":true,"href":"https:\/\/www.tornum.com\/hu\/wp-json\/wp\/v2\/media\/21229"}],"wp:attachment":[{"href":"https:\/\/www.tornum.com\/hu\/wp-json\/wp\/v2\/media?parent=23046"}],"wp:term":[{"taxonomy":"product_brand","embeddable":true,"href":"https:\/\/www.tornum.com\/hu\/wp-json\/wp\/v2\/product_brand?post=23046"},{"taxonomy":"product_cat","embeddable":true,"href":"https:\/\/www.tornum.com\/hu\/wp-json\/wp\/v2\/product_cat?post=23046"},{"taxonomy":"product_tag","embeddable":true,"href":"https:\/\/www.tornum.com\/hu\/wp-json\/wp\/v2\/product_tag?post=23046"}],"curies":[{"name":"wp","href":"https:\/\/api.w.org\/{rel}","templated":true}]}}