{"id":23072,"date":"2023-05-04T09:56:59","date_gmt":"2023-05-04T09:56:59","guid":{"rendered":"https:\/\/www.tornum.com\/product\/dual-batch-dryer-ts-and-tshr\/"},"modified":"2025-07-30T10:06:42","modified_gmt":"2025-07-30T10:06:42","slug":"ts-kettos-szakaszos-uzemu-szarito","status":"publish","type":"product","link":"https:\/\/www.tornum.com\/hu\/termek\/ts-kettos-szakaszos-uzemu-szarito\/","title":{"rendered":"TS KETT\u0150S SZAKASZOS \u00dcZEM\u0170 SZ\u00c1R\u00cdT\u00d3"},"content":{"rendered":"<div class=\"wpb-content-wrapper\"><p>[vc_row gap=&#8221;35&#8243;][vc_column width=&#8221;2\/3&#8243;][vc_column_text]A Tornum l\u00e9geloszt\u00f3 szekr\u00e9nye lehet\u0151v\u00e9 teszi k\u00e9t darab szakaszos sz\u00e1r\u00edt\u00f3 kombin\u00e1l\u00e1s\u00e1t, \u00e9s \u00edgy egy kett\u0151s szakaszos \u00fczem\u0171 sz\u00e1r\u00edt\u00f3 l\u00e9trehoz\u00e1s\u00e1t. A l\u00e9geloszt\u00f3 szekr\u00e9ny a h\u0151forr\u00e1shoz \u00e9s h\u0171t\u0151ventil\u00e1torhoz csatlakozik. E rendszer eset\u00e9n, am\u00edg a gabona az egyik sz\u00e1r\u00edt\u00f3ban sz\u00e1rad, addig a m\u00e1sik sz\u00e1r\u00edt\u00f3 leh\u0171l, ki\u00fcr\u00fcl, majd felt\u00f6lt\u0151dik. Ez biztos\u00edtja a h\u0151forr\u00e1s teljes kihaszn\u00e1l\u00e1s\u00e1t, teh\u00e1t nem kell agg\u00f3dni amiatt, hogy mikor \u00e1ll k\u00e9szen a sz\u00e1r\u00edt\u00f3.<\/p>\n<p><strong>A rendszer elemei:<\/strong><br \/>\n\u2022 <a href=\"https:\/\/www.tornum.com\/hu\/product\/ts-szakaszos-uzemu-szarito\/\">K\u00e9t szakaszos \u00fczem\u0171 sz\u00e1r\u00edt\u00f3<\/a><br \/>\n\u2022 Egy l\u00e9geloszt\u00f3 szekr\u00e9ny<br \/>\n\u2022 Ventil\u00e1tor a h\u0171t\u00e9shez<br \/>\n\u2022 A sz\u00e1r\u00edt\u00f3 vez\u00e9rl\u00e9se automatiz\u00e1lhat\u00f3<br \/>\n\u2022 Cs\u0151k\u00e9szlet<br \/>\n\u2022 Tol\u00f3z\u00e1r \u00e9s \u00e9rz\u00e9kel\u0151 a vez\u00e9rl\u00e9shez<\/p>\n<p>A Tornum kett\u0151s szakaszos \u00fczem\u0171 sz\u00e1r\u00edt\u00f3ja h\u0151visszanyer\u0151 opci\u00f3val szerelhet\u0151 fel, amellyel cs\u00f6kkenthet\u0151 a sz\u00e1r\u00edt\u00e1si id\u0151 \u00e9s az energiafogyaszt\u00e1s. A rendszerbe telep\u00edtett \u00e9rz\u00e9kel\u0151 m\u00e9ri a sz\u00e1r\u00edt\u00f3ban l\u00e9v\u0151 nedves leveg\u0151 h\u0151m\u00e9rs\u00e9klet\u00e9t, amit a folyamat szab\u00e1lyoz\u00e1s\u00e1ra haszn\u00e1l fel. A TSHR kett\u0151s szakaszos \u00fczem\u0171 sz\u00e1r\u00edt\u00f3 szabadalmi oltalom alatt \u00e1ll.<\/p>\n<p><strong>Ak\u00e1r 12 sz\u00e1zal\u00e9kkal hat\u00e9konyabb <\/strong><\/p>\n<p>m\u0171k\u00f6d\u00e9s<br \/>\nTSHR sz\u00e1r\u00edt\u00f3nk kialak\u00edt\u00e1sa j\u00f3volt\u00e1b\u00f3l csak n\u00e9h\u00e1ny tol\u00f3z\u00e1r sz\u00fcks\u00e9ges a felmeleg\u00edtett leveg\u0151 k\u00e9t TS sz\u00e1r\u00edt\u00f3 k\u00f6zti \u00e1raml\u00e1s\u00e1nak szab\u00e1lyoz\u00e1s\u00e1hoz. Az els\u0151 szakaszos \u00fczem\u0171 sz\u00e1r\u00edt\u00f3ban l\u00e9v\u0151 gabon\u00e1n m\u00e1r \u00e1thaladt forr\u00f3 leveg\u0151 \u00fajrahasznos\u00edthat\u00f3 \u00e9s \u00e1tvihet\u0151 a m\u00e1sodik szakaszos \u00fczem\u0171 sz\u00e1r\u00edt\u00f3ba, ami lehet\u0151v\u00e9 teszi a frissen felt\u00f6lt\u00f6tt gabona el\u0151meleg\u00edt\u00e9s\u00e9t. C\u00e9lszer\u0171 a TSHR rendszert egy m\u00e1r megl\u00e9v\u0151 TS kett\u0151s szakaszos \u00fczem\u0171 sz\u00e1r\u00edt\u00f3ra felszerelni.<br \/>\n[\/vc_column_text][\/vc_column][vc_column width=&#8221;1\/3&#8243;][vc_column_text]<strong>KIEG\u00c9SZ\u00cdT\u0150K<\/strong><br \/>\n\u2022 L\u00e9tr\u00e1k \u00e9s erk\u00e9lyek<br \/>\n\u2022 Szintjelz\u0151<br \/>\n\u2022 T\u0171z\u00e9rz\u00e9kel\u0151 rendszer<br \/>\n\u2022 Megn\u00f6velt pufferz\u00f3na<br \/>\n\u2022 Vez\u00e9rl\u00e9s \u2013 nedvess\u00e9gtartalom vagy h\u0151m\u00e9rs\u00e9klet<br \/>\n\u2022 Szakaszos \u00fcr\u00edt\u00e9s<br \/>\n[\/vc_column_text][\/vc_column][\/vc_row]<\/p>\n<\/div>","protected":false},"excerpt":{"rendered":"<p>A Tornum innovat\u00edv leveg\u0151eloszt\u00f3 szekr\u00e9nye, lehet\u0151v\u00e9 teszi k\u00e9t darab szakaszos sz\u00e1r\u00edt\u00f3 kombin\u00e1l\u00e1s\u00e1t egy kett\u0151s szakaszos \u00fczem\u0171 sz\u00e1r\u00edt\u00f3 l\u00e9trehoz\u00e1s\u00e1hoz, biztos\u00edtva a h\u0151forr\u00e1s hat\u00e9kony kihaszn\u00e1l\u00e1s\u00e1t \u00e9s a folyamatos sz\u00e1r\u00edt\u00e1si \u00e9s h\u0171t\u00e9si ciklusokat.<\/p>\n","protected":false},"featured_media":20943,"comment_status":"open","ping_status":"closed","template":"","meta":{"_acf_changed":false},"product_brand":[],"product_cat":[420,428,421,448],"product_tag":[431,449,432,480],"class_list":{"0":"post-23072","1":"product","2":"type-product","3":"status-publish","4":"has-post-thumbnail","6":"product_cat-minden-termek-hu","7":"product_cat-gabona-hu","8":"product_cat-kondicionalas","9":"product_cat-gabonaszaritok-hu","10":"product_tag-dryer-hu","11":"product_tag-dryer-tk-hu","12":"product_tag-dryer-tkr-hu","13":"product_tag-dryer-ts-hu","14":"description-off","16":"first","17":"instock","18":"shipping-taxable","19":"product-type-simple"},"acf":[],"_links":{"self":[{"href":"https:\/\/www.tornum.com\/hu\/wp-json\/wp\/v2\/product\/23072","targetHints":{"allow":["GET"]}}],"collection":[{"href":"https:\/\/www.tornum.com\/hu\/wp-json\/wp\/v2\/product"}],"about":[{"href":"https:\/\/www.tornum.com\/hu\/wp-json\/wp\/v2\/types\/product"}],"replies":[{"embeddable":true,"href":"https:\/\/www.tornum.com\/hu\/wp-json\/wp\/v2\/comments?post=23072"}],"version-history":[{"count":2,"href":"https:\/\/www.tornum.com\/hu\/wp-json\/wp\/v2\/product\/23072\/revisions"}],"predecessor-version":[{"id":23076,"href":"https:\/\/www.tornum.com\/hu\/wp-json\/wp\/v2\/product\/23072\/revisions\/23076"}],"wp:featuredmedia":[{"embeddable":true,"href":"https:\/\/www.tornum.com\/hu\/wp-json\/wp\/v2\/media\/20943"}],"wp:attachment":[{"href":"https:\/\/www.tornum.com\/hu\/wp-json\/wp\/v2\/media?parent=23072"}],"wp:term":[{"taxonomy":"product_brand","embeddable":true,"href":"https:\/\/www.tornum.com\/hu\/wp-json\/wp\/v2\/product_brand?post=23072"},{"taxonomy":"product_cat","embeddable":true,"href":"https:\/\/www.tornum.com\/hu\/wp-json\/wp\/v2\/product_cat?post=23072"},{"taxonomy":"product_tag","embeddable":true,"href":"https:\/\/www.tornum.com\/hu\/wp-json\/wp\/v2\/product_tag?post=23072"}],"curies":[{"name":"wp","href":"https:\/\/api.w.org\/{rel}","templated":true}]}}