{"id":23078,"date":"2023-05-14T21:49:32","date_gmt":"2023-05-14T21:49:32","guid":{"rendered":"https:\/\/www.tornum.com\/product\/dust-chaff-remover\/"},"modified":"2025-07-30T10:15:03","modified_gmt":"2025-07-30T10:15:03","slug":"por-es-pelyvalevalaszto","status":"publish","type":"product","link":"https:\/\/www.tornum.com\/hu\/termek\/por-es-pelyvalevalaszto\/","title":{"rendered":"POR- \u00c9S PELYVALEV\u00c1LASZT\u00d3"},"content":{"rendered":"<div class=\"wpb-content-wrapper\"><p>[vc_row][vc_column width=&#8221;2\/3&#8243;][vc_column_text]A por- \u00e9s pelyvalev\u00e1laszt\u00f3 a gabona durva tiszt\u00edt\u00e1s\u00e1ra, valamint a por, a h\u00e9jak \u00e9s k\u00f6nny\u0171 szalma lev\u00e1laszt\u00e1s\u00e1ra alkalmas rendszer. Teljesen integr\u00e1lt, kompakt tiszt\u00edt\u00f3egys\u00e9g, benne ventil\u00e1torral, elektromotorral \u00e9s horganyzott ac\u00e9l porciklonnal. A tiszt\u00edt\u00e1s a kapacit\u00e1s alacsonyabb szintj\u00e9n a leghat\u00e9konyabb, optim\u00e1lis tiszt\u00edt\u00e1st pedig csak a teljes rendszer biztos\u00edt.<\/p>\n<p>A be\u00e9rkez\u0151 gabona keresztir\u00e1ny\u00fa r\u00e9seket tartalmaz\u00f3 rost\u00e1n ter\u00fcl sz\u00e9t, ahol an\u00e9lk\u00fcl tisztul meg, hogy a magvak \u00e1tesn\u00e9nek, \u00e9s \u00edgy elveszn\u00e9nek. A rost\u00e1n \u00e1tsz\u00edvott leveg\u0151 \u00e1raml\u00e1sban tartja a gabon\u00e1t, mik\u00f6zben hat\u00e9konyan elt\u00e1vol\u00edtja bel\u0151le a port \u00e9s a pelyv\u00e1t. A l\u00e9g\u00e1raml\u00e1s be\u00e1ll\u00edthat\u00f3 a k\u00fcl\u00f6nb\u00f6z\u0151 term\u00e9nyek ig\u00e9nyeinek megfelel\u0151en.<\/p>\n<p>A bemenet \u00e9s a kimenet 180, 250 vagy 300mm n\u00e9gyzetes keresztmetszet\u0171 lehet az RK250 cs\u0151rendszerekhez (120\u2013150 t\/h, Spiro 315) val\u00f3 csatlakoztat\u00e1shoz. A ventil\u00e1tor 360\u00b0-ban elford\u00edthat\u00f3, ami \u00e1ltal a kimeneti ny\u00edl\u00e1s k\u00f6ny\u00f6kidomok n\u00e9lk\u00fcl a k\u00edv\u00e1nt ir\u00e1nyba \u00e1ll\u00edthat\u00f3. A por \u00e9s a pelyva az elsz\u00edv\u00f3cs\u00f6v\u00f6n \u00e1t kb. 25m t\u00e1vols\u00e1gig sz\u00e1ll\u00edthat\u00f3 a ciklonhoz.[\/vc_column_text][\/vc_column][vc_column width=&#8221;1\/3&#8243;][vc_column_text]<strong>JELLEMZ\u0150K<\/strong><br \/>\n\u2022 2 mm vastag horganyzott ac\u00e9lb\u00f3l k\u00e9sz\u00fclt<br \/>\n\u2022 Terel\u0151lemezzel ell\u00e1tva az egyenletes anyageloszt\u00e1s \u00e9rdek\u00e9ben<br \/>\n\u2022 Szab\u00e1lyozhat\u00f3 sz\u00edv\u00f3er\u0151<br \/>\n\u2022 360\u00b0-ban elford\u00edthat\u00f3 ventil\u00e1tor<br \/>\n\u2022 Alacsony be\u00e9p\u00edt\u00e9si magass\u00e1g<\/p>\n<p><strong>KIEG\u00c9SZ\u00cdT\u0150K<\/strong><br \/>\n\u2022 Id\u0151j\u00e1r\u00e1s elleni v\u00e9d\u0151burkolat<br \/>\n\u2022 Ciklon<br \/>\n\u2022 Portart\u00e1ly<br \/>\n[\/vc_column_text][\/vc_column][\/vc_row]<\/p>\n<\/div>","protected":false},"excerpt":{"rendered":"<p>A por \u00e9s pelyvaelv\u00e1laszt\u00f3 egy kompakt, horganyzott ac\u00e9lb\u00f3l k\u00e9sz\u00fclt, teljesen integr\u00e1lt gabonatiszt\u00edt\u00f3 rendszer, amelyet a gabona durva tiszt\u00edt\u00e1s\u00e1ra, valamint a por, a pelyva \u00e9s a pelyva hat\u00e9kony lev\u00e1laszt\u00e1s\u00e1ra terveztek.<\/p>\n","protected":false},"featured_media":21271,"comment_status":"open","ping_status":"closed","template":"","meta":{"_acf_changed":false},"product_brand":[],"product_cat":[420,428,435,436],"product_tag":[462,463,438,439],"class_list":{"0":"post-23078","1":"product","2":"type-product","3":"status-publish","4":"has-post-thumbnail","6":"product_cat-minden-termek-hu","7":"product_cat-gabona-hu","8":"product_cat-anyagmozgatas","9":"product_cat-porlevalasztas-hu","10":"product_tag-cleaning-hu","11":"product_tag-dc-remover-hu","12":"product_tag-dust-hu","13":"product_tag-separation-hu","14":"description-off","16":"first","17":"instock","18":"shipping-taxable","19":"product-type-simple"},"acf":[],"_links":{"self":[{"href":"https:\/\/www.tornum.com\/hu\/wp-json\/wp\/v2\/product\/23078","targetHints":{"allow":["GET"]}}],"collection":[{"href":"https:\/\/www.tornum.com\/hu\/wp-json\/wp\/v2\/product"}],"about":[{"href":"https:\/\/www.tornum.com\/hu\/wp-json\/wp\/v2\/types\/product"}],"replies":[{"embeddable":true,"href":"https:\/\/www.tornum.com\/hu\/wp-json\/wp\/v2\/comments?post=23078"}],"version-history":[{"count":2,"href":"https:\/\/www.tornum.com\/hu\/wp-json\/wp\/v2\/product\/23078\/revisions"}],"predecessor-version":[{"id":23082,"href":"https:\/\/www.tornum.com\/hu\/wp-json\/wp\/v2\/product\/23078\/revisions\/23082"}],"wp:featuredmedia":[{"embeddable":true,"href":"https:\/\/www.tornum.com\/hu\/wp-json\/wp\/v2\/media\/21271"}],"wp:attachment":[{"href":"https:\/\/www.tornum.com\/hu\/wp-json\/wp\/v2\/media?parent=23078"}],"wp:term":[{"taxonomy":"product_brand","embeddable":true,"href":"https:\/\/www.tornum.com\/hu\/wp-json\/wp\/v2\/product_brand?post=23078"},{"taxonomy":"product_cat","embeddable":true,"href":"https:\/\/www.tornum.com\/hu\/wp-json\/wp\/v2\/product_cat?post=23078"},{"taxonomy":"product_tag","embeddable":true,"href":"https:\/\/www.tornum.com\/hu\/wp-json\/wp\/v2\/product_tag?post=23078"}],"curies":[{"name":"wp","href":"https:\/\/api.w.org\/{rel}","templated":true}]}}