{"id":23084,"date":"2023-05-17T12:34:31","date_gmt":"2023-05-17T12:34:31","guid":{"rendered":"https:\/\/www.tornum.com\/product\/dust-container\/"},"modified":"2025-07-30T10:22:02","modified_gmt":"2025-07-30T10:22:02","slug":"portartaly","status":"publish","type":"product","link":"https:\/\/www.tornum.com\/hu\/termek\/portartaly\/","title":{"rendered":"PORTART\u00c1LY"},"content":{"rendered":"<div class=\"wpb-content-wrapper\"><p>[vc_row][vc_column width=&#8221;2\/3&#8243;][vc_column_text]A Tornum portart\u00e1lyt haszn\u00e1lj\u00e1k a tiszt\u00edt\u00f3 g\u00e9pb\u0151l sz\u00e1rmaz\u00f3 tiszt\u00edt\u00f3 anyagok, por \u00e9s maghasad\u00e9k, aszpir\u00e1tor stb. gy\u0171jt\u00e9s\u00e9re. A tart\u00e1ly k\u00f6nnyen mozgathat\u00f3 homlokrakod\u00f3val. Az el\u00fcls\u0151 r\u00e9szen elhelyezett nagy fed\u00e9l lehet\u0151v\u00e9 teszi a por \u00e9s k\u00f6nny\u0171 ki\u00fcr\u00edt\u00e9s\u00e9t \u00e9s a tiszt\u00edt\u00e1st.[\/vc_column_text][\/vc_column][vc_column width=&#8221;1\/3&#8243;][vc_column_text]<strong>Rakod\u00f3konzol: <\/strong><\/p>\n<ul>\n<li class=\"FFpbKc\">Euro<\/li>\n<li class=\"FFpbKc\">Nagy BM<\/li>\n<li class=\"FFpbKc\">Kis BM<\/li>\n<li class=\"FFpbKc\">Trim<\/li>\n<li class=\"FFpbKc\">JCB Q-fit<\/li>\n<li class=\"FFpbKc\">Zettelmeyer<\/li>\n<li class=\"FFpbKc\">Egy\u00e9b szerelv\u00e9nyek k\u00e9r\u00e9sre<\/li>\n<\/ul>\n<p>[\/vc_column_text][\/vc_column][\/vc_row]<\/p>\n<\/div>","protected":false},"excerpt":{"rendered":"<p>A Tornum portart\u00e1lya k\u00f6rnyezetbar\u00e1t megold\u00e1s a tiszt\u00edt\u00f3berendez\u00e9sekb\u0151l sz\u00e1rmaz\u00f3 por \u00e9s gabonahullad\u00e9k kezel\u00e9s\u00e9re. Minimaliz\u00e1lt por kibocs\u00e1t\u00e1ssal, k\u00f6nnyed\u00e9n csatlakoztathat\u00f3 fed\u00e9llel a gyors \u00fcr\u00edt\u00e9shez \u00e9s rakod\u00f3khoz val\u00f3 csatlakoztat\u00e1si lehet\u0151s\u00e9gekkel seg\u00edti a haszn\u00e1latot.<\/p>\n","protected":false},"featured_media":21347,"comment_status":"open","ping_status":"closed","template":"","meta":{"_acf_changed":false},"product_brand":[],"product_cat":[420,435,436],"product_tag":[462,438,439,468],"class_list":{"0":"post-23084","1":"product","2":"type-product","3":"status-publish","4":"has-post-thumbnail","6":"product_cat-minden-termek-hu","7":"product_cat-anyagmozgatas","8":"product_cat-porlevalasztas-hu","9":"product_tag-cleaning-hu","10":"product_tag-dust-hu","11":"product_tag-separation-hu","12":"product_tag-storage-hu","13":"description-off","15":"first","16":"instock","17":"shipping-taxable","18":"product-type-simple"},"acf":[],"_links":{"self":[{"href":"https:\/\/www.tornum.com\/hu\/wp-json\/wp\/v2\/product\/23084","targetHints":{"allow":["GET"]}}],"collection":[{"href":"https:\/\/www.tornum.com\/hu\/wp-json\/wp\/v2\/product"}],"about":[{"href":"https:\/\/www.tornum.com\/hu\/wp-json\/wp\/v2\/types\/product"}],"replies":[{"embeddable":true,"href":"https:\/\/www.tornum.com\/hu\/wp-json\/wp\/v2\/comments?post=23084"}],"version-history":[{"count":2,"href":"https:\/\/www.tornum.com\/hu\/wp-json\/wp\/v2\/product\/23084\/revisions"}],"predecessor-version":[{"id":23088,"href":"https:\/\/www.tornum.com\/hu\/wp-json\/wp\/v2\/product\/23084\/revisions\/23088"}],"wp:featuredmedia":[{"embeddable":true,"href":"https:\/\/www.tornum.com\/hu\/wp-json\/wp\/v2\/media\/21347"}],"wp:attachment":[{"href":"https:\/\/www.tornum.com\/hu\/wp-json\/wp\/v2\/media?parent=23084"}],"wp:term":[{"taxonomy":"product_brand","embeddable":true,"href":"https:\/\/www.tornum.com\/hu\/wp-json\/wp\/v2\/product_brand?post=23084"},{"taxonomy":"product_cat","embeddable":true,"href":"https:\/\/www.tornum.com\/hu\/wp-json\/wp\/v2\/product_cat?post=23084"},{"taxonomy":"product_tag","embeddable":true,"href":"https:\/\/www.tornum.com\/hu\/wp-json\/wp\/v2\/product_tag?post=23084"}],"curies":[{"name":"wp","href":"https:\/\/api.w.org\/{rel}","templated":true}]}}