{"id":23091,"date":"2023-05-04T12:43:42","date_gmt":"2023-05-04T12:43:42","guid":{"rendered":"https:\/\/www.tornum.com\/product\/feed-bin-ft\/"},"modified":"2025-07-30T10:34:36","modified_gmt":"2025-07-30T10:34:36","slug":"ft-takarmanytarolo","status":"publish","type":"product","link":"https:\/\/www.tornum.com\/hu\/termek\/ft-takarmanytarolo\/","title":{"rendered":"FT TAKARM\u00c1NYT\u00c1ROL\u00d3"},"content":{"rendered":"<div class=\"wpb-content-wrapper\"><p>[vc_row gap=&#8221;35&#8243;][vc_column width=&#8221;2\/3&#8243;][vc_column_text]Gabona, koncentr\u00e1tum, valamint z\u00fazott vagy \u0151r\u00f6lt takarm\u00e1ny t\u00e1rol\u00e1s\u00e1ra haszn\u00e1lhat\u00f3 takarm\u00e1nyt\u00e1rol\u00f3.<br \/>\nA Tornum FT takarm\u00e1nyt\u00e1rol\u00f3val \u00f6sszekeverheti a kereskedelmi takarm\u00e1nyt a saj\u00e1t gazdas\u00e1gb\u00f3l sz\u00e1rmaz\u00f3 hozz\u00e1val\u00f3ival. Az akna n\u00e9gy sz\u00f6gletes l\u00e1bbal k\u00e9sz\u00fcl. A k\u00edv\u00e1nt \u0171rtartalom el\u00e9r\u00e9s\u00e9hez szekci\u00f3kkal eg\u00e9sz\u00edthet\u0151 ki, tart\u00e1lyonk\u00e9nt maximum 6-tal.<br \/>\n[\/vc_column_text][\/vc_column][vc_column width=&#8221;1\/3&#8243;][vc_column_text]<strong>JELLEMZ\u0150K<\/strong><br \/>\n\u2022 A t\u00f6lcs\u00e9r \u00e9s a szekci\u00f3k t\u0171zihorganyzott ac\u00e9llemezb\u0151l k\u00e9sz\u00fclnek<br \/>\n\u2022 A t\u00f6lcs\u00e9rre szerelhet\u0151 szekci\u00f3k magass\u00e1ga egyenk\u00e9nt 505 mm, a TORNUM modul\u00e1ris rendszer\u00e9vel \u00f6sszhangban<br \/>\n\u2022 Az \u00f6sszes r\u00e9szegys\u00e9g csavarozhat\u00f3, ami egyszer\u0171 \u00f6sszeszerel\u00e9st \u00e9s telep\u00edt\u00e9st biztos\u00edt<br \/>\n\u2022 Kimeneti ny\u00edl\u00e1s m\u00e9rete: 300 x 300 mm<br \/>\n\u2022 60\u00b0-os felfekv\u00e9si sz\u00f6g<br \/>\n\u2022 A takarm\u00e1nyt\u00e1rol\u00f3 1\u20136 szekci\u00f3val \u00e9p\u00edthet\u0151 meg<br \/>\n\u2022 6 m\u00e9retben kaphat\u00f3, 1 x 1 m\u00e9terest\u0151l 3 x 3 m\u00e9teresig<\/p>\n<p><strong>KIEG\u00c9SZ\u00cdT\u0150K<\/strong><br \/>\n\u2022 Ellen\u0151rz\u0151 ny\u00edl\u00e1s biztons\u00e1gi r\u00e1ccsal, padl\u00f3ra szerelhet\u0151<br \/>\n\u2022 Zsilip<br \/>\n\u2022 T\u00f6lt\u0151cs\u0151<br \/>\n\u2022 Ciklon<br \/>\n[\/vc_column_text][\/vc_column][\/vc_row]<\/p>\n<\/div>","protected":false},"excerpt":{"rendered":"<p>A Tornum FT takarm\u00e1nyt\u00e1rol\u00f3t gabona, koncentr\u00e1tum, z\u00fazott vagy \u0151r\u00f6lt takarm\u00e1ny t\u00e1rol\u00e1s\u00e1ra tervezt\u00e9k, modul\u00e1ris kialak\u00edt\u00e1ssal, amely ak\u00e1r 6 szekci\u00f3t is lehet\u0151v\u00e9 tesz a testreszabhat\u00f3 t\u00e9rfogat kihaszn\u00e1l\u00e1s \u00e9rdek\u00e9ben.<\/p>\n","protected":false},"featured_media":21365,"comment_status":"open","ping_status":"closed","template":"","meta":{"_acf_changed":false},"product_brand":[],"product_cat":[420,434,427,465,481],"product_tag":[452,470,426,468],"class_list":{"0":"post-23091","1":"product","2":"type-product","3":"status-publish","4":"has-post-thumbnail","6":"product_cat-minden-termek-hu","7":"product_cat-takarmanyok-hu","8":"product_cat-elelmiszer-hu","9":"product_cat-tarolas","10":"product_cat-takarmanytarolo-hu","11":"product_tag-bin-hu","12":"product_tag-building-hu","13":"product_tag-silo-hu","14":"product_tag-storage-hu","15":"description-off","17":"first","18":"instock","19":"shipping-taxable","20":"product-type-simple"},"acf":[],"_links":{"self":[{"href":"https:\/\/www.tornum.com\/hu\/wp-json\/wp\/v2\/product\/23091","targetHints":{"allow":["GET"]}}],"collection":[{"href":"https:\/\/www.tornum.com\/hu\/wp-json\/wp\/v2\/product"}],"about":[{"href":"https:\/\/www.tornum.com\/hu\/wp-json\/wp\/v2\/types\/product"}],"replies":[{"embeddable":true,"href":"https:\/\/www.tornum.com\/hu\/wp-json\/wp\/v2\/comments?post=23091"}],"version-history":[{"count":2,"href":"https:\/\/www.tornum.com\/hu\/wp-json\/wp\/v2\/product\/23091\/revisions"}],"predecessor-version":[{"id":23095,"href":"https:\/\/www.tornum.com\/hu\/wp-json\/wp\/v2\/product\/23091\/revisions\/23095"}],"wp:featuredmedia":[{"embeddable":true,"href":"https:\/\/www.tornum.com\/hu\/wp-json\/wp\/v2\/media\/21365"}],"wp:attachment":[{"href":"https:\/\/www.tornum.com\/hu\/wp-json\/wp\/v2\/media?parent=23091"}],"wp:term":[{"taxonomy":"product_brand","embeddable":true,"href":"https:\/\/www.tornum.com\/hu\/wp-json\/wp\/v2\/product_brand?post=23091"},{"taxonomy":"product_cat","embeddable":true,"href":"https:\/\/www.tornum.com\/hu\/wp-json\/wp\/v2\/product_cat?post=23091"},{"taxonomy":"product_tag","embeddable":true,"href":"https:\/\/www.tornum.com\/hu\/wp-json\/wp\/v2\/product_tag?post=23091"}],"curies":[{"name":"wp","href":"https:\/\/api.w.org\/{rel}","templated":true}]}}