{"id":23099,"date":"2023-03-23T18:48:14","date_gmt":"2023-03-23T18:48:14","guid":{"rendered":"https:\/\/www.tornum.com\/product\/grain-cooler\/"},"modified":"2026-04-22T09:29:36","modified_gmt":"2026-04-22T09:29:36","slug":"gabonahuto","status":"publish","type":"product","link":"https:\/\/www.tornum.com\/hu\/termek\/gabonahuto\/","title":{"rendered":"GRAIN COOLER"},"content":{"rendered":"<div class=\"wpb-content-wrapper\"><p>[vc_row gap=&#8221;35&#8243;][vc_column width=&#8221;2\/3&#8243;][vc_column_text css=&#8221;&#8221;]<b>Rugalmas megold\u00e1sok minden ig\u00e9nyre<\/b><\/p>\n<p><span style=\"font-weight: 400;\">A Tornum gabonah\u0171t\u0151k k\u00fcl\u00f6nb\u00f6z\u0151 m\u00e9retekben el\u00e9rhet\u0151k \u2013 a mez\u0151gazdas\u00e1gi telep\u00edt\u00e9sekt\u0151l a nagyobb ipari rendszerekig. Az egys\u00e9gek k\u00f6nny\u0171 telep\u00edt\u00e9sre \u00e9s sz\u00e1ll\u00edt\u00e1sra vannak tervezve.<\/span><\/p>\n<p>&nbsp;<\/p>\n<p><b>Megb\u00edzhat\u00f3 kialak\u00edt\u00e1s<\/b><\/p>\n<p><span style=\"font-weight: 400;\">A megb\u00edzhat\u00f3 \u00e9s hossz\u00fa t\u00e1v\u00fa m\u0171k\u00f6d\u00e9s \u00e9rdek\u00e9ben a rendszer robusztuss\u00e1gra, min\u0151s\u00e9gre \u00e9s tart\u00f3s technol\u00f3gi\u00e1ra \u00e9p\u00fcl:<\/span><\/p>\n<ul>\n<li style=\"font-weight: 400;\" aria-level=\"1\"><span style=\"font-weight: 400;\">Automatikus leolvaszt\u00e1s forr\u00f3 g\u00e1zzal (kompresszoros m\u0171k\u00f6d\u00e9s eset\u00e9n)<\/span><\/li>\n<li style=\"font-weight: 400;\" aria-level=\"1\"><span style=\"font-weight: 400;\">Robusztus \u00e9s megb\u00edzhat\u00f3 kompresszortechnol\u00f3gia<\/span><\/li>\n<li style=\"font-weight: 400;\" aria-level=\"1\"><span style=\"font-weight: 400;\">K\u00f6rnyezetbar\u00e1t h\u0171t\u0151k\u00f6zeg (R1234ze) nagyon alacsony GWP-\u00e9rt\u00e9kkel<\/span><\/li>\n<li style=\"font-weight: 400;\" aria-level=\"1\"><span style=\"font-weight: 400;\">Kiv\u00e1l\u00f3 min\u0151s\u00e9g\u0171 alkatr\u00e9szek a maxim\u00e1lis \u00e9lettartam \u00e9s minim\u00e1lis karbantart\u00e1s \u00e9rdek\u00e9ben<\/span><\/li>\n<\/ul>\n<p><span style=\"font-weight: 400;\">Az alacsony GWP-\u00e9rt\u00e9k jelent\u0151sen kisebb k\u00f6rnyezeti hat\u00e1st jelent a hagyom\u00e1nyos h\u0171t\u0151k\u00f6zegekhez k\u00e9pest, \u00edgy a rendszer mind k\u00f6rnyezeti, mind szab\u00e1lyoz\u00e1si szempontb\u00f3l j\u00f6v\u0151biztos v\u00e1laszt\u00e1s.<\/span><\/p>\n<p><span style=\"font-weight: 400;\">A kialak\u00edt\u00e1s c\u00e9lja a hossz\u00fa t\u00e1von stabil teljes\u00edtm\u00e9ny biztos\u00edt\u00e1sa, valamint a biztons\u00e1gos \u00e9s fenntarthat\u00f3 gabonat\u00e1rol\u00e1s.<\/span><\/p>\n<p>&nbsp;<\/p>\n<p><b>Fejlett leveg\u0151kezel\u00e9s<\/b><\/p>\n<p><span style=\"font-weight: 400;\">A h\u0171t\u00e9si folyamat sor\u00e1n haszn\u00e1lt leveg\u0151t gondosan kezelik:<\/span><\/p>\n<ul>\n<li style=\"font-weight: 400;\" aria-level=\"1\"><span style=\"font-weight: 400;\">Nagy teljes\u00edtm\u00e9ny\u0171 radi\u00e1lventil\u00e1torok (centrifug\u00e1l ventil\u00e1torok) az egyenletes l\u00e9g\u00e1raml\u00e1s \u00e9rdek\u00e9ben<\/span><\/li>\n<li style=\"font-weight: 400;\" aria-level=\"1\"><span style=\"font-weight: 400;\">Egyes modellekben nagynyom\u00e1s\u00fa ventil\u00e1tor opci\u00f3<\/span><\/li>\n<li style=\"font-weight: 400;\" aria-level=\"1\"><span style=\"font-weight: 400;\">H\u0151cser\u00e9l\u0151 r\u00e9zcs\u00f6vekkel \u00e9s alum\u00ednium lamell\u00e1kkal<\/span><\/li>\n<li style=\"font-weight: 400;\" aria-level=\"1\"><span style=\"font-weight: 400;\">Be\u00e9p\u00edtett p\u00e1r\u00e1tlan\u00edt\u00e1s kondenz\u00e1ci\u00f3 \u00fatj\u00e1n<\/span><\/li>\n<li style=\"font-weight: 400;\" aria-level=\"1\"><span style=\"font-weight: 400;\">Moshat\u00f3 sz\u0171r\u0151k, amelyek \u00e1ltal\u00e1ban nem ig\u00e9nyelnek cser\u00e9t<\/span><\/li>\n<\/ul>\n<p><span style=\"font-weight: 400;\">A leh\u0171t\u00f6tt leveg\u0151 a sil\u00f3ban vagy t\u00e1rol\u00f3ban l\u00e9v\u0151 gabonat\u00f6megen kereszt\u00fcl, csatornarendszeren kereszt\u00fcl ker\u00fcl eloszt\u00e1sra.<\/span><\/p>\n<p>&nbsp;<\/p>\n<p><b>Teljes vez\u00e9rl\u00e9s \u00e9s fel\u00fcgyelet<\/b><\/p>\n<p><span style=\"font-weight: 400;\">A rendszer modern vez\u00e9rl\u00e9stechnik\u00e1val van felszerelve:<\/span><\/p>\n<ul>\n<li style=\"font-weight: 400;\" aria-level=\"1\"><span style=\"font-weight: 400;\">PLC vez\u00e9rl\u00e9s (Siemens a CHARLY modellekben, Allen-Bradley a TURBOGRAIN modellekben)<\/span><\/li>\n<li style=\"font-weight: 400;\" aria-level=\"1\"><span style=\"font-weight: 400;\">Felhaszn\u00e1l\u00f3bar\u00e1t \u00e9rint\u0151k\u00e9perny\u0151s kezel\u0151fel\u00fclet<\/span><\/li>\n<li style=\"font-weight: 400;\" aria-level=\"1\"><span style=\"font-weight: 400;\">Frekvenciav\u00e1lt\u00f3val szab\u00e1lyozott ventil\u00e1torok<\/span><\/li>\n<li style=\"font-weight: 400;\" aria-level=\"1\"><span style=\"font-weight: 400;\">T\u00e1voli vez\u00e9rl\u00e9s lehet\u0151s\u00e9ge Etherneten vagy Wi-Fi-n kereszt\u00fcl<\/span><\/li>\n<\/ul>\n<p><span style=\"font-weight: 400;\">Az \u00fczemeltet\u00e9si adatok folyamatosan r\u00f6gz\u00edt\u00e9sre ker\u00fclnek, bele\u00e9rtve:<\/span><\/p>\n<ul>\n<li style=\"font-weight: 400;\" aria-level=\"1\"><span style=\"font-weight: 400;\">H\u0151m\u00e9rs\u00e9klet \u00e9s p\u00e1ratartalom<\/span><\/li>\n<li style=\"font-weight: 400;\" aria-level=\"1\"><span style=\"font-weight: 400;\">Rendszernyom\u00e1s<\/span><\/li>\n<li style=\"font-weight: 400;\" aria-level=\"1\"><span style=\"font-weight: 400;\">\u00dczemid\u0151 \u00e9s leolvaszt\u00e1si ciklusok<\/span><\/li>\n<\/ul>\n<p>&nbsp;<\/p>\n<p><b>Tapasztalaton \u00e9s bev\u00e1lt technol\u00f3gi\u00e1n alapul<\/b><\/p>\n<p><span style=\"font-weight: 400;\">A Tornum sz\u00e9lesk\u00f6r\u0171 tapasztalattal rendelkezik a gabonakezel\u00e9si \u00e9s -t\u00e1rol\u00e1si megold\u00e1sok ter\u00fclet\u00e9n. A m\u0171szaki szak\u00e9rtelem \u00e9s a mez\u0151gazdas\u00e1g ig\u00e9nyeinek gyakorlati ismereteinek \u00f6tv\u00f6z\u00e9s\u00e9vel megb\u00edzhat\u00f3 \u00e9s hat\u00e9kony rendszereket sz\u00e1ll\u00edtanak.<\/span><\/p>\n<p><span style=\"font-weight: 400;\">Az eredm\u00e9ny egy olyan megold\u00e1s, amely val\u00f3s t\u00e1rol\u00e1si k\u00f6rnyezetekben is megb\u00edzhat\u00f3an m\u0171k\u00f6dik \u2013 a megb\u00edzhat\u00f3s\u00e1g, az energiahat\u00e9konys\u00e1g \u00e9s a k\u00f6nny\u0171 kezelhet\u0151s\u00e9g k\u00f6z\u00e9ppontba helyez\u00e9s\u00e9vel.<\/span><\/p>\n<p>&nbsp;<\/p>\n<p><b>Intelligens \u00e9s automatiz\u00e1lt m\u0171k\u00f6d\u00e9s<\/b><\/p>\n<p><span style=\"font-weight: 400;\">A Tornum gabonah\u0171t\u0151 egy fejlett \u00e9rz\u00e9kel\u0151rendszer seg\u00edts\u00e9g\u00e9vel figyeli \u00e9s vez\u00e9rli a h\u0171t\u00e9si folyamatot, amely folyamatosan m\u00e9ri:<\/span><\/p>\n<ul>\n<li style=\"font-weight: 400;\" aria-level=\"1\"><span style=\"font-weight: 400;\">K\u00fcls\u0151 leveg\u0151 h\u0151m\u00e9rs\u00e9klete \u00e9s p\u00e1ratartalma<\/span><\/li>\n<li style=\"font-weight: 400;\" aria-level=\"1\"><span style=\"font-weight: 400;\">A kezelt leveg\u0151 h\u0151m\u00e9rs\u00e9klete<\/span><\/li>\n<li style=\"font-weight: 400;\" aria-level=\"1\"><span style=\"font-weight: 400;\">A h\u0171t\u0151rendszer nyom\u00e1sa \u00e9s h\u0151m\u00e9rs\u00e9klete<\/span><\/li>\n<li style=\"font-weight: 400;\" aria-level=\"1\"><span style=\"font-weight: 400;\">L\u00e9g\u00e1raml\u00e1s a sil\u00f3ba vagy t\u00e1rol\u00f3ba<\/span><\/li>\n<\/ul>\n<p><span style=\"font-weight: 400;\">A rendszer automatikusan szab\u00e1lyozza a m\u0171k\u00f6d\u00e9st, \u00e9s l\u00e9p\u00e9sr\u0151l l\u00e9p\u00e9sre h\u0171ti a gabon\u00e1t, biztos\u00edtva az egyenletes \u00e9s k\u00edm\u00e9letes h\u0151m\u00e9rs\u00e9kletcs\u00f6kken\u00e9st.<\/span><\/p>\n<p>&nbsp;<\/p>\n<p><b>Energiahat\u00e9kony technol\u00f3gia<\/b><\/p>\n<p><span style=\"font-weight: 400;\">A rendszer c\u00e9lja az energiafogyaszt\u00e1s minimaliz\u00e1l\u00e1sa:<\/span><\/p>\n<p><b>Szabad h\u0171t\u00e9s (Free Cooling)<\/b><b><br \/>\n<\/b><span style=\"font-weight: 400;\"> A h\u0171v\u00f6s k\u00fcls\u0151 k\u00f6r\u00fclm\u00e9nyeket haszn\u00e1lja kompresszor n\u00e9lk\u00fcli h\u0171t\u00e9shez.<\/span><\/p>\n<p><b>Energiatakar\u00e9kos funkci\u00f3<\/b><b><br \/>\n<\/b><span style=\"font-weight: 400;\"> A kompresszor automatikusan kikapcsol, amikor a k\u00f6r\u00fclm\u00e9nyek lehet\u0151v\u00e9 teszik.<\/span><\/p>\n<p><b>Szell\u0151ztet\u00e9si m\u00f3d<\/b><b><br \/>\n<\/b><span style=\"font-weight: 400;\"> Intelligens szell\u0151ztet\u0151rendszerk\u00e9nt m\u0171k\u00f6dik a h\u0151m\u00e9rs\u00e9klet \u00e9s p\u00e1ratartalom alapj\u00e1n.<\/span><\/p>\n<p>&nbsp;<\/p>\n<p><b>Rugalmas megold\u00e1sok minden ig\u00e9nyre<\/b><\/p>\n<p><span style=\"font-weight: 400;\">A Tornum gabonah\u0171t\u0151k k\u00fcl\u00f6nb\u00f6z\u0151 m\u00e9retekben el\u00e9rhet\u0151k \u2013 a mez\u0151gazdas\u00e1gi telep\u00edt\u00e9sekt\u0151l a nagyobb ipari rendszerekig. Az egys\u00e9gek k\u00f6nny\u0171 telep\u00edt\u00e9sre \u00e9s sz\u00e1ll\u00edt\u00e1sra vannak tervezve.<\/span>[\/vc_column_text][\/vc_column][vc_column width=&#8221;1\/3&#8243;][vc_column_text css=&#8221;&#8221;]<b>A v\u00e1ltoz\u00f3 \u00e9ghajlati k\u00f6r\u00fclm\u00e9nyekhez igaz\u00edtott m\u0171k\u00f6d\u00e9s<\/b><\/p>\n<p><span style=\"font-weight: 400;\">A rendszer \u00fagy lett kialak\u00edtva, hogy hat\u00e9konyan m\u0171k\u00f6dj\u00f6n v\u00e1ltoz\u00f3 \u00e9ghajlati viszonyok k\u00f6z\u00f6tt. Alacsonyabb k\u00fcls\u0151 h\u0151m\u00e9rs\u00e9klet eset\u00e9n kompresszor n\u00e9lk\u00fcl \u00fczemel, a k\u00f6rnyezeti leveg\u0151t haszn\u00e1lva h\u0171t\u00e9sre ventil\u00e1torokkal kombin\u00e1lva (sz\u00fcks\u00e9g eset\u00e9n elektromos f\u0171t\u00e9ssel).<\/span><\/p>\n<p>&nbsp;<\/p>\n<p><b>Mi\u00e9rt v\u00e1lassza a Tornum gabonah\u0171t\u0151t<\/b><\/p>\n<ul>\n<li style=\"font-weight: 400;\" aria-level=\"1\"><span style=\"font-weight: 400;\">Cs\u00f6kkenti a vegyszeres rovarirt\u00e1s sz\u00fcks\u00e9gess\u00e9g\u00e9t<\/span><\/li>\n<li style=\"font-weight: 400;\" aria-level=\"1\"><span style=\"font-weight: 400;\">Meg\u0151rzi a gabona min\u0151s\u00e9g\u00e9t \u00e9s meghosszabb\u00edtja a t\u00e1rol\u00e1si id\u0151t<\/span><\/li>\n<li style=\"font-weight: 400;\" aria-level=\"1\"><span style=\"font-weight: 400;\">Megfelel\u0151 k\u00f6r\u00fclm\u00e9nyek k\u00f6z\u00f6tt seg\u00edthet cs\u00f6kkenteni a nedvess\u00e9gtartalmat<\/span><\/li>\n<li style=\"font-weight: 400;\" aria-level=\"1\"><span style=\"font-weight: 400;\">Alacsony energiafogyaszt\u00e1s<\/span><\/li>\n<li style=\"font-weight: 400;\" aria-level=\"1\"><span style=\"font-weight: 400;\">Egyszer\u0171 telep\u00edt\u00e9s<\/span><\/li>\n<li style=\"font-weight: 400;\" aria-level=\"1\"><span style=\"font-weight: 400;\">Teljesen automatikus m\u0171k\u00f6d\u00e9s<\/span><\/li>\n<\/ul>\n<p>[\/vc_column_text][\/vc_column][\/vc_row]<\/p>\n<\/div>","protected":false},"excerpt":{"rendered":"<h3 data-start=\"0\" data-end=\"94\">Tornum gabonah\u0171t\u0151 \u2013 fejlett gabonah\u0171t\u00e9s a biztons\u00e1gos t\u00e1rol\u00e1s\u00e9rt \u00e9s a meg\u0151rz\u00f6tt min\u0151s\u00e9g\u00e9rt<\/h3>\n<p data-start=\"96\" data-end=\"397\">A gabona egy \u00e9l\u0151 anyag, amely a betakar\u00edt\u00e1s ut\u00e1n is tov\u00e1bb l\u00e9legzik. Optim\u00e1lis t\u00e1rol\u00e1si felt\u00e9telek n\u00e9lk\u00fcl id\u0151vel mind a t\u00f6meg, mind a min\u0151s\u00e9g romolhat. A h\u0151, a nedvess\u00e9g, a pen\u00e9sz \u00e9s a rovarok jelentik a legnagyobb vesz\u00e9lyeket, de a megfelel\u0151 technol\u00f3gi\u00e1val ezek a kock\u00e1zatok jelent\u0151sen cs\u00f6kkenthet\u0151k.<\/p>\n<p data-start=\"399\" data-end=\"664\" data-is-last-node=\"\" data-is-only-node=\"\">A Tornum gabonah\u0171t\u0151 egy modern \u00e9s energiahat\u00e9kony megold\u00e1s, amely teljes kontrollt biztos\u00edt a t\u00e1rol\u00e1si kl\u00edma felett. A h\u0151m\u00e9rs\u00e9klet \u00e9s a p\u00e1ratartalom szab\u00e1lyoz\u00e1s\u00e1val stabil felt\u00e9telek j\u00f6nnek l\u00e9tre a biztons\u00e1gos t\u00e1rol\u00e1shoz \u2013 vegyi n\u00f6v\u00e9nyv\u00e9d\u0151 szerek haszn\u00e1lata n\u00e9lk\u00fcl.<\/p>\n","protected":false},"featured_media":21612,"comment_status":"open","ping_status":"closed","template":"","meta":{"_acf_changed":false},"product_brand":[],"product_cat":[420,428,421,482],"product_tag":[437,424,483,484],"class_list":{"0":"post-23099","1":"product","2":"type-product","3":"status-publish","4":"has-post-thumbnail","6":"product_cat-minden-termek-hu","7":"product_cat-gabona-hu","8":"product_cat-kondicionalas","9":"product_cat-gabonahuto-hu","10":"product_tag-conditioning-hu","11":"product_tag-conditioning-laterals-hu","12":"product_tag-cooling-hu","13":"product_tag-cooling-machine-hu","14":"pa_products-type-all-products-hu","15":"pa_products-type-grain-hu","17":"first","18":"instock","19":"shipping-taxable","20":"product-type-simple"},"acf":[],"_links":{"self":[{"href":"https:\/\/www.tornum.com\/hu\/wp-json\/wp\/v2\/product\/23099","targetHints":{"allow":["GET"]}}],"collection":[{"href":"https:\/\/www.tornum.com\/hu\/wp-json\/wp\/v2\/product"}],"about":[{"href":"https:\/\/www.tornum.com\/hu\/wp-json\/wp\/v2\/types\/product"}],"replies":[{"embeddable":true,"href":"https:\/\/www.tornum.com\/hu\/wp-json\/wp\/v2\/comments?post=23099"}],"version-history":[{"count":13,"href":"https:\/\/www.tornum.com\/hu\/wp-json\/wp\/v2\/product\/23099\/revisions"}],"predecessor-version":[{"id":54089,"href":"https:\/\/www.tornum.com\/hu\/wp-json\/wp\/v2\/product\/23099\/revisions\/54089"}],"wp:featuredmedia":[{"embeddable":true,"href":"https:\/\/www.tornum.com\/hu\/wp-json\/wp\/v2\/media\/21612"}],"wp:attachment":[{"href":"https:\/\/www.tornum.com\/hu\/wp-json\/wp\/v2\/media?parent=23099"}],"wp:term":[{"taxonomy":"product_brand","embeddable":true,"href":"https:\/\/www.tornum.com\/hu\/wp-json\/wp\/v2\/product_brand?post=23099"},{"taxonomy":"product_cat","embeddable":true,"href":"https:\/\/www.tornum.com\/hu\/wp-json\/wp\/v2\/product_cat?post=23099"},{"taxonomy":"product_tag","embeddable":true,"href":"https:\/\/www.tornum.com\/hu\/wp-json\/wp\/v2\/product_tag?post=23099"}],"curies":[{"name":"wp","href":"https:\/\/api.w.org\/{rel}","templated":true}]}}