{"id":23106,"date":"2023-05-04T09:45:07","date_gmt":"2023-05-04T09:45:07","guid":{"rendered":"https:\/\/www.tornum.com\/product\/grain-dryer-te\/"},"modified":"2025-07-11T09:26:27","modified_gmt":"2025-07-11T09:26:27","slug":"te-gabonaszarito","status":"publish","type":"product","link":"https:\/\/www.tornum.com\/hu\/termek\/te-gabonaszarito\/","title":{"rendered":"TE GABONASZ\u00c1R\u00cdT\u00d3"},"content":{"rendered":"<div class=\"wpb-content-wrapper\"><p>[vc_row][vc_column width=&#8221;2\/3&#8243;][vc_column_text]A Tornum TE szakaszos \u00fczem\u0171 gabonasz\u00e1r\u00edt\u00f3 egy megfizethet\u0151, kompakt forr\u00f3leveg\u0151s gabonasz\u00e1r\u00edt\u00f3, amely a k\u00fcl\u00f6nb\u00f6z\u0151 ig\u00e9nyekhez alak\u00edthat\u00f3. A gabonasz\u00e1r\u00edt\u00f3 \u00f6n\u00fcr\u00edt\u0151 als\u00f3 r\u00e9sszel rendelkezik, amely sz\u00e1r\u00edt\u00f3z\u00f3nak\u00e9nt funkcion\u00e1l. Ez sz\u00e1r\u00edt\u00f3csatorn\u00e1kkal \u00e9s egy kimeneti tol\u00f3z\u00e1rral rendelkezik, ami gazdas\u00e1gos sz\u00e1r\u00edt\u00e1st tesz lehet\u0151v\u00e9. Az \u00f6sszes gabonasz\u00e1r\u00edt\u00f3nk t\u0171zihorganyzott ac\u00e9llemezb\u0151l k\u00e9sz\u00fclt.[\/vc_column_text][\/vc_column][vc_column width=&#8221;1\/3&#8243;][vc_column_text]<strong>TARTOZ\u00c9KOK<\/strong><br \/>\n\u2022 Forr\u00f3leveg\u0151s csatorna<br \/>\n\u2022 Pufferz\u00f3na<\/p>\n<p><strong>KIEG\u00c9SZ\u00cdT\u0150K<\/strong><br \/>\n\u2022 L\u00e9tr\u00e1k \u00e9s erk\u00e9lyek<br \/>\n\u2022 Betekint\u0151ablak \u2013 egyszer\u0171s\u00edti a k\u00edv\u00fclr\u0151l t\u00f6rt\u00e9n\u0151 ellen\u0151rz\u00e9st<br \/>\n\u2022 Megn\u00f6velt pufferz\u00f3na<br \/>\n\u2022 Vez\u00e9rl\u00e9s \u2013 id\u0151, s\u00faly vagy h\u0151m\u00e9rs\u00e9klet alapj\u00e1n<br \/>\n\u2022 Nedvesleveg\u0151s csatorna<br \/>\n\u2022 Szintjelz\u0151<br \/>\n\u2022 T\u0171z\u00e9rz\u00e9kel\u0151 rendszer<br \/>\n[\/vc_column_text][\/vc_column][\/vc_row]<\/p>\n<\/div>","protected":false},"excerpt":{"rendered":"<p style=\"margin: 0in; background: white;\">A Tornum TE szakaszos gabonasz\u00e1r\u00edt\u00f3ja egy sokoldal\u00fa, k\u00f6lts\u00e9ghat\u00e9kony, k\u00fcl\u00f6nb\u00f6z\u0151 ig\u00e9nyekre tervezett melegleveg\u0151s gabonasz\u00e1r\u00edt\u00f3. A hat\u00e9kony sz\u00e1r\u00edt\u00e1s \u00e9rdek\u00e9ben a gabonasz\u00e1r\u00edt\u00f3 \u00f6n\u00fcr\u00edt\u0151 als\u00f3 r\u00e9sszel rendelkezik, amely sz\u00e1r\u00edt\u00f3z\u00f3nak\u00e9nt funkcion\u00e1l. Ez sz\u00e1r\u00edt\u00f3csatorn\u00e1kkal \u00e9s egy kimeneti tol\u00f3z\u00e1rral rendelkezik, ami gazdas\u00e1gos sz\u00e1r\u00edt\u00e1st tesz lehet\u0151v\u00e9. Az \u00f6sszes gabonasz\u00e1r\u00edt\u00f3nk t\u0171zihorganyzott ac\u00e9llemezb\u0151l k\u00e9sz\u00fclt.<\/p>\n","protected":false},"featured_media":21567,"comment_status":"open","ping_status":"closed","template":"","meta":{"_acf_changed":false},"product_brand":[],"product_cat":[420,427,428,421,448],"product_tag":[430,431,480,454],"class_list":{"0":"post-23106","1":"product","2":"type-product","3":"status-publish","4":"has-post-thumbnail","6":"product_cat-minden-termek-hu","7":"product_cat-elelmiszer-hu","8":"product_cat-gabona-hu","9":"product_cat-kondicionalas","10":"product_cat-gabonaszaritok-hu","11":"product_tag-burner-hu","12":"product_tag-dryer-hu","13":"product_tag-dryer-ts-hu","14":"product_tag-transport-hu","15":"description-off","17":"first","18":"instock","19":"shipping-taxable","20":"product-type-simple"},"acf":[],"_links":{"self":[{"href":"https:\/\/www.tornum.com\/hu\/wp-json\/wp\/v2\/product\/23106","targetHints":{"allow":["GET"]}}],"collection":[{"href":"https:\/\/www.tornum.com\/hu\/wp-json\/wp\/v2\/product"}],"about":[{"href":"https:\/\/www.tornum.com\/hu\/wp-json\/wp\/v2\/types\/product"}],"replies":[{"embeddable":true,"href":"https:\/\/www.tornum.com\/hu\/wp-json\/wp\/v2\/comments?post=23106"}],"version-history":[{"count":2,"href":"https:\/\/www.tornum.com\/hu\/wp-json\/wp\/v2\/product\/23106\/revisions"}],"predecessor-version":[{"id":23110,"href":"https:\/\/www.tornum.com\/hu\/wp-json\/wp\/v2\/product\/23106\/revisions\/23110"}],"wp:featuredmedia":[{"embeddable":true,"href":"https:\/\/www.tornum.com\/hu\/wp-json\/wp\/v2\/media\/21567"}],"wp:attachment":[{"href":"https:\/\/www.tornum.com\/hu\/wp-json\/wp\/v2\/media?parent=23106"}],"wp:term":[{"taxonomy":"product_brand","embeddable":true,"href":"https:\/\/www.tornum.com\/hu\/wp-json\/wp\/v2\/product_brand?post=23106"},{"taxonomy":"product_cat","embeddable":true,"href":"https:\/\/www.tornum.com\/hu\/wp-json\/wp\/v2\/product_cat?post=23106"},{"taxonomy":"product_tag","embeddable":true,"href":"https:\/\/www.tornum.com\/hu\/wp-json\/wp\/v2\/product_tag?post=23106"}],"curies":[{"name":"wp","href":"https:\/\/api.w.org\/{rel}","templated":true}]}}