{"id":23112,"date":"2023-05-04T11:13:10","date_gmt":"2023-05-04T11:13:10","guid":{"rendered":"https:\/\/www.tornum.com\/product\/grain-storage-silos\/"},"modified":"2025-07-30T10:43:44","modified_gmt":"2025-07-30T10:43:44","slug":"gabonatarolo-silok","status":"publish","type":"product","link":"https:\/\/www.tornum.com\/hu\/termek\/gabonatarolo-silok\/","title":{"rendered":"GABONAT\u00c1ROL\u00d3 SIL\u00d3K"},"content":{"rendered":"<div class=\"wpb-content-wrapper\"><p>[vc_row][vc_column width=&#8221;2\/3&#8243;][vc_column_text]A Tornum t\u00e1rol\u00f3sil\u00f3i a szabadon foly\u00f3 gabonaf\u00e9l\u00e9k v\u00e9gs\u0151 t\u00e1rol\u00e1s\u00e1hoz k\u00e9sz\u00fclnek. A min\u0151s\u00e9gi, nagy szak\u00edt\u00f3szil\u00e1rds\u00e1g\u00fa ac\u00e9lb\u00f3l k\u00e9sz\u00fclt tet\u0151szegmensek bord\u00e1zottak, \u00e9s kiv\u00e9telesen er\u0151s modul\u00e1ris tet\u0151rendszert alkotnak. A horganyzott oldalfali lemezek 0,8\u20133,5 mm vastagok, maximum 600 g\/m\u00b2 s\u0171r\u0171s\u00e9ggel. T\u00e1rol\u00f3sil\u00f3ink megfelelnek az Eurocode \u00e9s az ASAE\/ANSI szabv\u00e1nyoknak, valamint az adott el\u0151\u00edr\u00e1soknak megfelel\u0151 speci\u00e1lis szeizmikus, h\u00f3- vagy sz\u00e9lterhel\u00e9sre m\u00e9retezhet\u0151k.<\/p>\n<p>A k\u00edn\u00e1lt tartoz\u00e9kok teljes k\u00f6r\u00e9be tartoznak oldalfali ajt\u00f3k, pall\u00f3k, p\u00e1rk\u00e1nyok, ell\u00e1t\u00f3tornyok, leveg\u0151ztet\u0151 \u00e9s h\u0151m\u00e9rs\u00e9klet-\u00e9rz\u00e9kel\u0151 rendszerek, valamint mechanikus anyagmozgat\u00f3 berendez\u00e9sek.[\/vc_column_text][\/vc_column][vc_column width=&#8221;1\/3&#8243;][\/vc_column][\/vc_row]<\/p>\n<\/div>","protected":false},"excerpt":{"rendered":"<p>A Tornum t\u00e1rol\u00f3 sil\u00f3kat szabadon foly\u00f3 gabona v\u00e9gs\u0151 t\u00e1rol\u00e1s\u00e1ra tervezt\u00e9k. A nagy szak\u00edt\u00f3szil\u00e1rds\u00e1g\u00fa min\u0151s\u00e9gi ac\u00e9lb\u00f3l k\u00e9sz\u00fclt, bord\u00e1zott tet\u0151szegmensek rendk\u00edv\u00fcl er\u0151s modul\u00e1ris tet\u0151rendszert alkotnak.<\/p>\n","protected":false},"featured_media":22157,"comment_status":"open","ping_status":"closed","template":"","meta":{"_acf_changed":false},"product_brand":[],"product_cat":[420,428,465,485],"product_tag":[452,443,426,468],"class_list":{"0":"post-23112","1":"product","2":"type-product","3":"status-publish","4":"has-post-thumbnail","6":"product_cat-minden-termek-hu","7":"product_cat-gabona-hu","8":"product_cat-tarolas","9":"product_cat-takarmanytarolo-silok-hu","10":"product_tag-bin-hu","11":"product_tag-monitoring-hu","12":"product_tag-silo-hu","13":"product_tag-storage-hu","14":"description-off","16":"first","17":"instock","18":"shipping-taxable","19":"product-type-simple"},"acf":[],"_links":{"self":[{"href":"https:\/\/www.tornum.com\/hu\/wp-json\/wp\/v2\/product\/23112","targetHints":{"allow":["GET"]}}],"collection":[{"href":"https:\/\/www.tornum.com\/hu\/wp-json\/wp\/v2\/product"}],"about":[{"href":"https:\/\/www.tornum.com\/hu\/wp-json\/wp\/v2\/types\/product"}],"replies":[{"embeddable":true,"href":"https:\/\/www.tornum.com\/hu\/wp-json\/wp\/v2\/comments?post=23112"}],"version-history":[{"count":2,"href":"https:\/\/www.tornum.com\/hu\/wp-json\/wp\/v2\/product\/23112\/revisions"}],"predecessor-version":[{"id":23116,"href":"https:\/\/www.tornum.com\/hu\/wp-json\/wp\/v2\/product\/23112\/revisions\/23116"}],"wp:featuredmedia":[{"embeddable":true,"href":"https:\/\/www.tornum.com\/hu\/wp-json\/wp\/v2\/media\/22157"}],"wp:attachment":[{"href":"https:\/\/www.tornum.com\/hu\/wp-json\/wp\/v2\/media?parent=23112"}],"wp:term":[{"taxonomy":"product_brand","embeddable":true,"href":"https:\/\/www.tornum.com\/hu\/wp-json\/wp\/v2\/product_brand?post=23112"},{"taxonomy":"product_cat","embeddable":true,"href":"https:\/\/www.tornum.com\/hu\/wp-json\/wp\/v2\/product_cat?post=23112"},{"taxonomy":"product_tag","embeddable":true,"href":"https:\/\/www.tornum.com\/hu\/wp-json\/wp\/v2\/product_tag?post=23112"}],"curies":[{"name":"wp","href":"https:\/\/api.w.org\/{rel}","templated":true}]}}