{"id":23120,"date":"2023-01-29T22:12:39","date_gmt":"2023-01-29T22:12:39","guid":{"rendered":"https:\/\/www.tornum.com\/product\/h-line-conveyors\/"},"modified":"2025-07-31T09:08:15","modified_gmt":"2025-07-31T09:08:15","slug":"h-sorozatu-lancos-szallitok","status":"publish","type":"product","link":"https:\/\/www.tornum.com\/hu\/termek\/h-sorozatu-lancos-szallitok\/","title":{"rendered":"H-SOROZAT\u00da L\u00c1NCOS SZ\u00c1LL\u00cdT\u00d3K"},"content":{"rendered":"<p>Ez a napi \u00e9s folyamatos haszn\u00e1latot ig\u00e9nyl\u0151 ipari \u00e9s kereskedelmi alkalmaz\u00e1sokra sz\u00e1nt berendez\u00e9scsal\u00e1d 60 \u00e9s 600 tonna\/\u00f3ra k\u00f6z\u00f6tti b\u00fazasz\u00e1ll\u00edt\u00f3 kapacit\u00e1sokhoz \u00e1ll rendelkez\u00e9sre, A berendez\u00e9sek teljes v\u00e1laszt\u00e9ka f\u00fcgg\u0151leges, v\u00edzszintes, \u00edves \u00e9s ferde berendez\u00e9seket tartalmaz, amelyeket a gabona\u00e1raml\u00e1son bel\u00fcli megfelel\u0151 poz\u00edci\u00f3ra terveztek. A tartoz\u00e9kok teljes sk\u00e1l\u00e1ja rendelkez\u00e9sre \u00e1ll, amely mag\u00e1ban foglalja az elektromos \u00e9s pneumatikus cs\u00faszd\u00e1kat, biztons\u00e1gi \u00e9rz\u00e9kel\u0151ket, sebess\u00e9gellen\u0151rz\u0151 \u00e9rz\u00e9kel\u0151ket, speci\u00e1lis ellen\u00e1ll\u00e1s\u00fa szalagokat az olajterm\u00e9kekhez \u00e9s sok m\u00e1st. A sz\u00e1ll\u00edt\u00f3berendez\u00e9sek testre szabhat\u00f3k, hogy megfeleljenek a k\u00fcl\u00f6nb\u00f6z\u0151 vev\u0151i ig\u00e9nyeknek a l\u00e1nc- \u00e9s szalagsebess\u00e9g tekintet\u00e9ben.<\/p>\n","protected":false},"excerpt":{"rendered":"<p>H-sorozat\u00fa term\u00e9kcsal\u00e1dunk mindennapi haszn\u00e1latra, folyamatos m\u0171k\u00f6d\u00e9sre \u00e9s eg\u00e9sz \u00e9vben folytatott termel\u00e9sre haszn\u00e1lhat\u00f3. A H-sorozat kialak\u00edt\u00e1sa a gabonaipar szigor\u00fa k\u00f6vetelm\u00e9nyeit is teljes\u00edti.<\/p>\n<p>Kapacit\u00e1s: 60\u2013600 tonna<\/p>\n","protected":false},"featured_media":22010,"comment_status":"open","ping_status":"closed","template":"","meta":{"_acf_changed":false},"product_brand":[],"product_cat":[420,434,427,428,435,487],"product_tag":[453,463,459,454],"class_list":{"0":"post-23120","1":"product","2":"type-product","3":"status-publish","4":"has-post-thumbnail","6":"product_cat-minden-termek-hu","7":"product_cat-takarmanyok-hu","8":"product_cat-elelmiszer-hu","9":"product_cat-gabona-hu","10":"product_cat-anyagmozgatas","11":"product_cat-szallitoberendezesek-hu","12":"product_tag-conveyor-hu","13":"product_tag-dc-remover-hu","14":"product_tag-elevator-hu","15":"product_tag-transport-hu","16":"pa_products-type-all-products-hu","17":"pa_products-type-feed-hu","18":"description-off","20":"first","21":"instock","22":"shipping-taxable","23":"product-type-simple"},"acf":[],"_links":{"self":[{"href":"https:\/\/www.tornum.com\/hu\/wp-json\/wp\/v2\/product\/23120","targetHints":{"allow":["GET"]}}],"collection":[{"href":"https:\/\/www.tornum.com\/hu\/wp-json\/wp\/v2\/product"}],"about":[{"href":"https:\/\/www.tornum.com\/hu\/wp-json\/wp\/v2\/types\/product"}],"replies":[{"embeddable":true,"href":"https:\/\/www.tornum.com\/hu\/wp-json\/wp\/v2\/comments?post=23120"}],"version-history":[{"count":5,"href":"https:\/\/www.tornum.com\/hu\/wp-json\/wp\/v2\/product\/23120\/revisions"}],"predecessor-version":[{"id":23342,"href":"https:\/\/www.tornum.com\/hu\/wp-json\/wp\/v2\/product\/23120\/revisions\/23342"}],"wp:featuredmedia":[{"embeddable":true,"href":"https:\/\/www.tornum.com\/hu\/wp-json\/wp\/v2\/media\/22010"}],"wp:attachment":[{"href":"https:\/\/www.tornum.com\/hu\/wp-json\/wp\/v2\/media?parent=23120"}],"wp:term":[{"taxonomy":"product_brand","embeddable":true,"href":"https:\/\/www.tornum.com\/hu\/wp-json\/wp\/v2\/product_brand?post=23120"},{"taxonomy":"product_cat","embeddable":true,"href":"https:\/\/www.tornum.com\/hu\/wp-json\/wp\/v2\/product_cat?post=23120"},{"taxonomy":"product_tag","embeddable":true,"href":"https:\/\/www.tornum.com\/hu\/wp-json\/wp\/v2\/product_tag?post=23120"}],"curies":[{"name":"wp","href":"https:\/\/api.w.org\/{rel}","templated":true}]}}