{"id":23137,"date":"2023-05-04T10:21:36","date_gmt":"2023-05-04T10:21:36","guid":{"rendered":"https:\/\/www.tornum.com\/product\/heat-exchanger\/"},"modified":"2025-07-30T11:20:13","modified_gmt":"2025-07-30T11:20:13","slug":"hocserelo","status":"publish","type":"product","link":"https:\/\/www.tornum.com\/hu\/termek\/hocserelo\/","title":{"rendered":"H\u0150CSER\u00c9L\u0150"},"content":{"rendered":"<div class=\"wpb-content-wrapper\"><p>[vc_row gap=&#8221;35&#8243;][vc_column width=&#8221;2\/3&#8243;][vc_column_text]A h\u0151cser\u00e9l\u0151k a forr\u00f3leveg\u0151s kaz\u00e1nok alternat\u00edv\u00e1it k\u00e9pviselik, \u00e9s kiv\u00e1l\u00f3an illeszkednek a Tornum modul\u00e1ris sz\u00e1r\u00edt\u00f3rendszereibe. K\u00edn\u00e1lunk forr\u00f3vizes \u00e9s g\u0151z\u00f6s h\u0151cser\u00e9l\u0151t, az energiaforr\u00e1s pedig lehet szalma, faforg\u00e1cs, pellet vagy olaj. A rugalmas kialak\u00edt\u00e1snak k\u00f6sz\u00f6nhet\u0151en az egy\u00e9ni ig\u00e9nyekre szabjuk a h\u0151cser\u00e9l\u0151 m\u00e9reteit \u00e9s leveg\u0151kapacit\u00e1s\u00e1t.<\/p>\n<p>&nbsp;<\/p>\n<h3><strong>EL\u0150MELEG\u00cdT\u0150K\u00c9NT HASZN\u00c1LT H\u0150CSER\u00c9L\u0150<\/strong><\/h3>\n<p>A leveg\u0151 el\u0151meleg\u00edt\u00e9se a kaz\u00e1nba t\u00f6rt\u00e9n\u0151 tov\u00e1bb\u00edt\u00e1s el\u0151tt cs\u00f6kkenti a teljes olajfogyaszt\u00e1st. A TORNUM el\u0151meleg\u00edt\u0151 h\u0151cser\u00e9l\u0151je forr\u00f3leveg\u0151s kaz\u00e1nhoz csatlakoztathat\u00f3.[\/vc_column_text][\/vc_column][vc_column width=&#8221;1\/3&#8243;][vc_column_text]<strong>JELLEMZ\u0150K<\/strong><br \/>\n\u2022 Bord\u00e1s h\u0151cser\u00e9l\u0151k r\u00e9zcs\u00f6vez\u00e9ssel \u00e9s mechanikusan r\u00f6gz\u00edtett, t\u00e1gul\u00f3 alum\u00edniumbord\u00e1kkal.<br \/>\n\u2022 A h\u0151cser\u00e9l\u0151k ellen\u00e1ram\u00fa elven m\u0171k\u00f6dnek, ami rendk\u00edv\u00fcl magas hat\u00e9konys\u00e1got biztos\u00edt.<br \/>\n\u2022 A Tornum modul\u00e1ris rendszerhez tervezett, nagy ig\u00e9nybev\u00e9telre k\u00e9sz\u00fclt r\u00f6gz\u00edt\u0151v\u00e1z egyszer\u0171 szerel\u00e9st \u00e9s biztos elhelyez\u00e9st tesz lehet\u0151v\u00e9.<br \/>\n\u2022 A v\u00edzszerelv\u00e9nyek cs\u0151csatlakoz\u00e1sait b\u00e1rmelyik oldalra fel lehet szerelni.<br \/>\n\u2022 A v\u00edzszerelv\u00e9nyek dug\u00f3s kimenetekkel rendelkeznek a l\u00e9gtelen\u00edt\u00e9shez \u00e9s a leereszt\u00e9shez. A folyad\u00e9koldalon l\u00e9v\u0151 csatlakoz\u00e1sok k\u00fcls\u0151 menetesek.<br \/>\n[\/vc_column_text][\/vc_column][\/vc_row]<\/p>\n<\/div>","protected":false},"excerpt":{"rendered":"<p>A h\u0151cser\u00e9l\u0151k a forr\u00f3leveg\u0151s kaz\u00e1nok alternat\u00edv\u00e1it k\u00e9pviselik, \u00e9s kiv\u00e1l\u00f3an illeszkednek a Tornum modul\u00e1ris sz\u00e1r\u00edt\u00f3rendszereibe. K\u00edn\u00e1lunk forr\u00f3vizes \u00e9s g\u0151z\u00f6s h\u0151cser\u00e9l\u0151t, az energiaforr\u00e1s pedig lehet szalma, faforg\u00e1cs, pellet vagy olaj.<\/p>\n","protected":false},"featured_media":20963,"comment_status":"open","ping_status":"closed","template":"","meta":{"_acf_changed":false},"product_brand":[],"product_cat":[420,428,421,429],"product_tag":[430,431,449,445],"class_list":{"0":"post-23137","1":"product","2":"type-product","3":"status-publish","4":"has-post-thumbnail","6":"product_cat-minden-termek-hu","7":"product_cat-gabona-hu","8":"product_cat-kondicionalas","9":"product_cat-hoforrasok-hu","10":"product_tag-burner-hu","11":"product_tag-dryer-hu","12":"product_tag-dryer-tk-hu","13":"product_tag-plc-hu","14":"description-off","16":"first","17":"instock","18":"shipping-taxable","19":"product-type-simple"},"acf":[],"_links":{"self":[{"href":"https:\/\/www.tornum.com\/hu\/wp-json\/wp\/v2\/product\/23137","targetHints":{"allow":["GET"]}}],"collection":[{"href":"https:\/\/www.tornum.com\/hu\/wp-json\/wp\/v2\/product"}],"about":[{"href":"https:\/\/www.tornum.com\/hu\/wp-json\/wp\/v2\/types\/product"}],"replies":[{"embeddable":true,"href":"https:\/\/www.tornum.com\/hu\/wp-json\/wp\/v2\/comments?post=23137"}],"version-history":[{"count":2,"href":"https:\/\/www.tornum.com\/hu\/wp-json\/wp\/v2\/product\/23137\/revisions"}],"predecessor-version":[{"id":23141,"href":"https:\/\/www.tornum.com\/hu\/wp-json\/wp\/v2\/product\/23137\/revisions\/23141"}],"wp:featuredmedia":[{"embeddable":true,"href":"https:\/\/www.tornum.com\/hu\/wp-json\/wp\/v2\/media\/20963"}],"wp:attachment":[{"href":"https:\/\/www.tornum.com\/hu\/wp-json\/wp\/v2\/media?parent=23137"}],"wp:term":[{"taxonomy":"product_brand","embeddable":true,"href":"https:\/\/www.tornum.com\/hu\/wp-json\/wp\/v2\/product_brand?post=23137"},{"taxonomy":"product_cat","embeddable":true,"href":"https:\/\/www.tornum.com\/hu\/wp-json\/wp\/v2\/product_cat?post=23137"},{"taxonomy":"product_tag","embeddable":true,"href":"https:\/\/www.tornum.com\/hu\/wp-json\/wp\/v2\/product_tag?post=23137"}],"curies":[{"name":"wp","href":"https:\/\/api.w.org\/{rel}","templated":true}]}}