{"id":23143,"date":"2023-05-04T09:49:40","date_gmt":"2023-05-04T09:49:40","guid":{"rendered":"https:\/\/www.tornum.com\/product\/heat-recovery-dryer-hrc\/"},"modified":"2025-07-30T11:26:37","modified_gmt":"2025-07-30T11:26:37","slug":"tornum-hrc-folyamatos-uzemu-hovisszaforgatasos-gabonaszarito","status":"publish","type":"product","link":"https:\/\/www.tornum.com\/hu\/termek\/tornum-hrc-folyamatos-uzemu-hovisszaforgatasos-gabonaszarito\/","title":{"rendered":"TORNUM HRC FOLYAMATOS \u00dcZEM\u0170 H\u0150VISSZAFORGAT\u00c1SOS GABONASZ\u00c1R\u00cdT\u00d3"},"content":{"rendered":"<div class=\"wpb-content-wrapper\"><p>[vc_row gap=&#8221;35&#8243;][vc_column width=&#8221;2\/3&#8243;][vc_column_text]<\/p>\n<p align=\"LEFT\">A HRC h\u0151visszaforgat\u00e1sos sz\u00e1r\u00edt\u00f3 kapacit\u00e1scs\u00f6kken\u00e9s n\u00e9lk\u00fcl takar\u00edt meg energi\u00e1t.<\/p>\n<p align=\"LEFT\">A HRC sz\u00e1r\u00edt\u00f3 azt az energi\u00e1t hasznos\u00edtja, amely a hagyom\u00e1nyos gabonasz\u00e1r\u00edt\u00f3ban elveszne. A felhaszn\u00e1lt h\u0151nek ak\u00e1r 10%-a is visszanyerhet\u0151. Konstrukci\u00f3j\u00e1nak k\u00f6sz\u00f6nhet\u0151en csendesebb \u00e9s tiszt\u00e1bb munkak\u00f6rnyezetet is biztos\u00edt. Mint minden Tornum gabonasz\u00e1r\u00edt\u00f3, a HRC modell is t\u0171zihorganyzott ac\u00e9llemezb\u0151l k\u00e9sz\u00fcl.<\/p>\n<p align=\"LEFT\">A HRC sz\u00e1r\u00edt\u00f3ban l\u00e9v\u0151 h\u0171t\u00f6tt leveg\u0151 visszakeringet\u00e9sre ker\u00fcl. A visszaforgatott, felmelegedett h\u0171t\u0151leveg\u0151, keveredik a k\u00f6rnyezeti (kinti) leveg\u0151vel. Mivel a visszaforgatott leveg\u0151 melegebb a k\u00f6rnyezeti leveg\u0151n\u00e9l, cs\u00f6kken a g\u00e1z\u00e9g\u0151 \u00e1ltal el\u0151\u00e1ll\u00edtott h\u0151energia mennyis\u00e9ge. Ugyan\u00fagy el\u00e9rhet\u0151 a k\u00edv\u00e1nt sz\u00e1r\u00edt\u00e1si h\u0151m\u00e9rs\u00e9klet, mint a csak k\u00f6rnyezeti leveg\u0151t haszn\u00e1l\u00f3 modelln\u00e9l. A sz\u00e1r\u00edt\u00f3 kialak\u00edt\u00e1sa a ventil\u00e1torok alacsonyabb fogyaszt\u00e1s\u00e1t is eredm\u00e9nyezi.<\/p>\n<p>[\/vc_column_text][\/vc_column][vc_column width=&#8221;1\/3&#8243;][vc_column_text]<strong>ALAPTARTOZ\u00c9KOK<\/strong><\/p>\n<p>\u2022 Szintjelz\u0151<br \/>\n\u2022 Nedves leveg\u0151vel tel\u00edtett t\u00e9r<br \/>\n\u2022 Ki\u00fcr\u00edt\u0151 r\u00e9sz \u2013 impulzusos<br \/>\n\u2022 Szint\u00e9rz\u00e9kel\u0151<br \/>\n\u2022 Pufferz\u00f3na<br \/>\n\u2022 T\u0171z\u00e9rz\u00e9kel\u0151 rendszer<br \/>\n\u2022 L\u00e9tr\u00e1k \u00e9s erk\u00e9lyek<br \/>\n\u2022 H\u0151visszaforgat\u00e1sos z\u00f3na<br \/>\n\u2022 Nedvess\u00e9gtartalom-szab\u00e1lyoz\u00e1s<br \/>\n\u2022 Nyom\u00e1sm\u00e9r\u00e9s az ind\u00edt\u00e1s be\u00e1ll\u00edt\u00e1s\u00e1hoz<\/p>\n<p><strong>KIEG\u00c9SZ\u00cdT\u0150K<\/strong><br \/>\n\u2022 Hangtomp\u00edt\u00f3k[\/vc_column_text][\/vc_column][\/vc_row]<\/p>\n<\/div>","protected":false},"excerpt":{"rendered":"<p>A HRC sz\u00e1r\u00edt\u00f3 azt az energi\u00e1t hasznos\u00edtja, amely a hagyom\u00e1nyos gabonasz\u00e1r\u00edt\u00f3ban elveszne. A felhaszn\u00e1lt h\u0151nek ak\u00e1r 10%-a is visszanyerhet\u0151. Konstrukci\u00f3j\u00e1nak k\u00f6sz\u00f6nhet\u0151en csendesebb \u00e9s tiszt\u00e1bb munkak\u00f6rnyezetet is biztos\u00edt.<\/p>\n","protected":false},"featured_media":20939,"comment_status":"open","ping_status":"closed","template":"","meta":{"_acf_changed":false},"product_brand":[],"product_cat":[420,428,421,448],"product_tag":[431,477,449,432],"class_list":{"0":"post-23143","1":"product","2":"type-product","3":"status-publish","4":"has-post-thumbnail","6":"product_cat-minden-termek-hu","7":"product_cat-gabona-hu","8":"product_cat-kondicionalas","9":"product_cat-gabonaszaritok-hu","10":"product_tag-dryer-hu","11":"product_tag-dryer-rex-hu","12":"product_tag-dryer-tk-hu","13":"product_tag-dryer-tkr-hu","14":"description-off","16":"first","17":"instock","18":"shipping-taxable","19":"product-type-simple"},"acf":[],"_links":{"self":[{"href":"https:\/\/www.tornum.com\/hu\/wp-json\/wp\/v2\/product\/23143","targetHints":{"allow":["GET"]}}],"collection":[{"href":"https:\/\/www.tornum.com\/hu\/wp-json\/wp\/v2\/product"}],"about":[{"href":"https:\/\/www.tornum.com\/hu\/wp-json\/wp\/v2\/types\/product"}],"replies":[{"embeddable":true,"href":"https:\/\/www.tornum.com\/hu\/wp-json\/wp\/v2\/comments?post=23143"}],"version-history":[{"count":3,"href":"https:\/\/www.tornum.com\/hu\/wp-json\/wp\/v2\/product\/23143\/revisions"}],"predecessor-version":[{"id":30938,"href":"https:\/\/www.tornum.com\/hu\/wp-json\/wp\/v2\/product\/23143\/revisions\/30938"}],"wp:featuredmedia":[{"embeddable":true,"href":"https:\/\/www.tornum.com\/hu\/wp-json\/wp\/v2\/media\/20939"}],"wp:attachment":[{"href":"https:\/\/www.tornum.com\/hu\/wp-json\/wp\/v2\/media?parent=23143"}],"wp:term":[{"taxonomy":"product_brand","embeddable":true,"href":"https:\/\/www.tornum.com\/hu\/wp-json\/wp\/v2\/product_brand?post=23143"},{"taxonomy":"product_cat","embeddable":true,"href":"https:\/\/www.tornum.com\/hu\/wp-json\/wp\/v2\/product_cat?post=23143"},{"taxonomy":"product_tag","embeddable":true,"href":"https:\/\/www.tornum.com\/hu\/wp-json\/wp\/v2\/product_tag?post=23143"}],"curies":[{"name":"wp","href":"https:\/\/api.w.org\/{rel}","templated":true}]}}