{"id":23149,"date":"2023-01-29T22:13:22","date_gmt":"2023-01-29T22:13:22","guid":{"rendered":"https:\/\/www.tornum.com\/product\/hopper-bottom-silos\/"},"modified":"2025-07-30T11:33:33","modified_gmt":"2025-07-30T11:33:33","slug":"tolcseres-alju-silok","status":"publish","type":"product","link":"https:\/\/www.tornum.com\/hu\/termek\/tolcseres-alju-silok\/","title":{"rendered":"T\u00d6LCS\u00c9RES ALJ\u00da SIL\u00d3K"},"content":{"rendered":"<div class=\"wpb-content-wrapper\"><p>[vc_row][vc_column width=&#8221;2\/3&#8243;][vc_column_text]A Tornum k\u00e9tf\u00e9le t\u00f6lcs\u00e9rt k\u00edn\u00e1l, 45\u00b0-osat \u00e9s 60\u00b0-osat, hogy a legjobb megold\u00e1st ny\u00fajtsa a nedves, valamint a nagy s\u00farl\u00f3d\u00e1si sz\u00f6g\u0171 egy\u00e9b term\u00e9nyekhez is.<\/p>\n<p>A t\u00f6lcs\u00e9r lemezei, a kompresszi\u00f3s gy\u0171r\u0171k \u00e9s az ac\u00e9l tart\u00f3elemek, valamint a hull\u00e1mos oldalfalak t\u0171zihorganyzott ac\u00e9lb\u00f3l k\u00e9sz\u00fcltek. Az oldalfali lemezek 0,8\u20133,5 mm vastagok, maximum 600 g\/m\u00b2 horganybevonattal. K\u00e9r\u00e9sre sima fal\u00fa sil\u00f3 is k\u00e9sz\u00fclhet n\u00e9h\u00e1ny meghat\u00e1rozott m\u00e9retben. T\u00f6lcs\u00e9res sil\u00f3ink megfelelnek az Eurocode \u00e9s az ASAE\/ANSI szabv\u00e1nyoknak, valamint a m\u00e9retezhet\u0151k a helyi el\u0151\u00edr\u00e1soknak megfelel\u0151 speci\u00e1lis szeizmikus, h\u00f3- vagy sz\u00e9lterhel\u00e9sre.<\/p>\n<p>A k\u00edn\u00e1lt tartoz\u00e9kok k\u00f6r\u00e9be tartoznak oldalfali ajt\u00f3k, szerel\u0151j\u00e1rd\u00e1k, erk\u00e9lyek, tornyok, leveg\u0151ztet\u0151 \u00e9s h\u0151m\u00e9rs\u00e9klet-\u00e9rz\u00e9kel\u0151 rendszerek, valamint mechanikus anyagmozgat\u00f3 berendez\u00e9sek.[\/vc_column_text][\/vc_column][vc_column width=&#8221;1\/3&#8243;][\/vc_column][\/vc_row]<\/p>\n<\/div>","protected":false},"excerpt":{"rendered":"<p>A Tornum k\u00e9tf\u00e9le t\u00f6lcs\u00e9rt k\u00edn\u00e1l, 45\u00b0-osat \u00e9s 60\u00b0-osat, hogy a legjobb megold\u00e1st ny\u00fajtsa a nedves, valamint a nagy s\u00farl\u00f3d\u00e1si sz\u00f6g\u0171 egy\u00e9b term\u00e9nyekhez is.<\/p>\n","protected":false},"featured_media":20705,"comment_status":"open","ping_status":"closed","template":"","meta":{"_acf_changed":false},"product_brand":[],"product_cat":[420,427,428,465,488],"product_tag":[452,467,426,468],"class_list":{"0":"post-23149","1":"product","2":"type-product","3":"status-publish","4":"has-post-thumbnail","6":"product_cat-minden-termek-hu","7":"product_cat-elelmiszer-hu","8":"product_cat-gabona-hu","9":"product_cat-tarolas","10":"product_cat-tolcseres-silo-hu","11":"product_tag-bin-hu","12":"product_tag-bins-hu","13":"product_tag-silo-hu","14":"product_tag-storage-hu","15":"pa_products-type-all-products-hu","16":"pa_products-type-grain-hu","17":"description-off","19":"first","20":"instock","21":"shipping-taxable","22":"product-type-simple"},"acf":[],"_links":{"self":[{"href":"https:\/\/www.tornum.com\/hu\/wp-json\/wp\/v2\/product\/23149","targetHints":{"allow":["GET"]}}],"collection":[{"href":"https:\/\/www.tornum.com\/hu\/wp-json\/wp\/v2\/product"}],"about":[{"href":"https:\/\/www.tornum.com\/hu\/wp-json\/wp\/v2\/types\/product"}],"replies":[{"embeddable":true,"href":"https:\/\/www.tornum.com\/hu\/wp-json\/wp\/v2\/comments?post=23149"}],"version-history":[{"count":1,"href":"https:\/\/www.tornum.com\/hu\/wp-json\/wp\/v2\/product\/23149\/revisions"}],"predecessor-version":[{"id":23153,"href":"https:\/\/www.tornum.com\/hu\/wp-json\/wp\/v2\/product\/23149\/revisions\/23153"}],"wp:featuredmedia":[{"embeddable":true,"href":"https:\/\/www.tornum.com\/hu\/wp-json\/wp\/v2\/media\/20705"}],"wp:attachment":[{"href":"https:\/\/www.tornum.com\/hu\/wp-json\/wp\/v2\/media?parent=23149"}],"wp:term":[{"taxonomy":"product_brand","embeddable":true,"href":"https:\/\/www.tornum.com\/hu\/wp-json\/wp\/v2\/product_brand?post=23149"},{"taxonomy":"product_cat","embeddable":true,"href":"https:\/\/www.tornum.com\/hu\/wp-json\/wp\/v2\/product_cat?post=23149"},{"taxonomy":"product_tag","embeddable":true,"href":"https:\/\/www.tornum.com\/hu\/wp-json\/wp\/v2\/product_tag?post=23149"}],"curies":[{"name":"wp","href":"https:\/\/api.w.org\/{rel}","templated":true}]}}