{"id":23155,"date":"2023-05-14T21:59:36","date_gmt":"2023-05-14T21:59:36","guid":{"rendered":"https:\/\/www.tornum.com\/product\/hopper-scale-dviu\/"},"modified":"2025-07-30T11:42:47","modified_gmt":"2025-07-30T11:42:47","slug":"dviu-tartalymerleg","status":"publish","type":"product","link":"https:\/\/www.tornum.com\/hu\/termek\/dviu-tartalymerleg\/","title":{"rendered":"DVIU TART\u00c1LYM\u00c9RLEG"},"content":{"rendered":"<p>A Tornum tart\u00e1lym\u00e9rlegeit szabadon \u00e1raml\u00f3 anyagok, p\u00e9ld\u00e1ul gabona, kukorica, takarm\u00e1ny, porok \u00e9s szemcs\u00e9s anyagok gyors, pontos \u00e9s biztons\u00e1gos be- \u00e9s kimeneti t\u00f6megm\u00e9r\u00e9s\u00e9re tervezt\u00e9k.<\/p>\n<p>Hossz\u00fa \u00e9lettartamot biztos\u00edt\u00f3an robusztusra lettek tervezve, k\u00fcl\u00f6n\u00f6s gondot ford\u00edtva a tiszt\u00edthat\u00f3s\u00e1g optimaliz\u00e1l\u00e1s\u00e1ra.<\/p>\n<p>A DVIU tart\u00e1lym\u00e9rleg k\u00e9t t\u00edpusa kaphat\u00f3 \u2013 a DVIU\/N 6 m\u00e9retben, 5\u2013200 tonna\/\u00f3ra kapacit\u00e1sban, a DVIU\/F pedig 8 m\u00e9retben, 250\u20131200 tonna\/\u00f3ra kapacit\u00e1sban, 0,6 tonna\/m3 t\u00e9rfogats\u00faly\u00fa gabon\u00e1ban sz\u00e1molva.<\/p>\n<p>A m\u00e9rlegekhez t\u00f6megkijelz\u0151 \u00e9s nyomtat\u00f3 is tartozik, valamint t\u00f6bbnyelv\u0171 felhaszn\u00e1l\u00f3i fel\u00fclet \u00e9s dokument\u00e1ci\u00f3. A rendszer-integr\u00e1ci\u00f3s \u00e9s adat\u00e1tviteli lehet\u0151s\u00e9gek k\u00fcl\u00f6n megv\u00e1s\u00e1rolhat\u00f3 extr\u00e1k.<\/p>\n","protected":false},"excerpt":{"rendered":"<p>A Tornum tart\u00e1lym\u00e9rlegeit szabadon \u00e1raml\u00f3 anyagok, p\u00e9ld\u00e1ul gabona, kukorica, takarm\u00e1ny, porok \u00e9s szemcs\u00e9s anyagok gyors, pontos \u00e9s biztons\u00e1gos be- \u00e9s kimeneti t\u00f6megm\u00e9r\u00e9s\u00e9re tervezt\u00e9k.<\/p>\n","protected":false},"featured_media":21309,"comment_status":"open","ping_status":"closed","template":"","meta":{"_acf_changed":false},"product_brand":[],"product_cat":[420,434,427,428,435,489],"product_tag":[462,490,468,491],"class_list":{"0":"post-23155","1":"product","2":"type-product","3":"status-publish","4":"has-post-thumbnail","6":"product_cat-minden-termek-hu","7":"product_cat-takarmanyok-hu","8":"product_cat-elelmiszer-hu","9":"product_cat-gabona-hu","10":"product_cat-anyagmozgatas","11":"product_cat-all-products-2-hu","12":"product_tag-cleaning-hu","13":"product_tag-scale-hu","14":"product_tag-storage-hu","15":"product_tag-weight-hu","16":"description-off","18":"first","19":"instock","20":"shipping-taxable","21":"product-type-simple"},"acf":[],"_links":{"self":[{"href":"https:\/\/www.tornum.com\/hu\/wp-json\/wp\/v2\/product\/23155","targetHints":{"allow":["GET"]}}],"collection":[{"href":"https:\/\/www.tornum.com\/hu\/wp-json\/wp\/v2\/product"}],"about":[{"href":"https:\/\/www.tornum.com\/hu\/wp-json\/wp\/v2\/types\/product"}],"replies":[{"embeddable":true,"href":"https:\/\/www.tornum.com\/hu\/wp-json\/wp\/v2\/comments?post=23155"}],"version-history":[{"count":2,"href":"https:\/\/www.tornum.com\/hu\/wp-json\/wp\/v2\/product\/23155\/revisions"}],"predecessor-version":[{"id":23159,"href":"https:\/\/www.tornum.com\/hu\/wp-json\/wp\/v2\/product\/23155\/revisions\/23159"}],"wp:featuredmedia":[{"embeddable":true,"href":"https:\/\/www.tornum.com\/hu\/wp-json\/wp\/v2\/media\/21309"}],"wp:attachment":[{"href":"https:\/\/www.tornum.com\/hu\/wp-json\/wp\/v2\/media?parent=23155"}],"wp:term":[{"taxonomy":"product_brand","embeddable":true,"href":"https:\/\/www.tornum.com\/hu\/wp-json\/wp\/v2\/product_brand?post=23155"},{"taxonomy":"product_cat","embeddable":true,"href":"https:\/\/www.tornum.com\/hu\/wp-json\/wp\/v2\/product_cat?post=23155"},{"taxonomy":"product_tag","embeddable":true,"href":"https:\/\/www.tornum.com\/hu\/wp-json\/wp\/v2\/product_tag?post=23155"}],"curies":[{"name":"wp","href":"https:\/\/api.w.org\/{rel}","templated":true}]}}