{"id":23169,"date":"2023-05-14T19:56:44","date_gmt":"2023-05-14T19:56:44","guid":{"rendered":"https:\/\/www.tornum.com\/product\/i-line-elevator\/"},"modified":"2025-07-31T09:36:42","modified_gmt":"2025-07-31T09:36:42","slug":"i-sorozatu-serleges-felvono","status":"publish","type":"product","link":"https:\/\/www.tornum.com\/hu\/termek\/i-sorozatu-serleges-felvono\/","title":{"rendered":"I-SOROZAT\u00da SERLEGES FELVON\u00d3"},"content":{"rendered":"<p>Ez a berendez\u00e9scsal\u00e1d a k\u00f6zepes \u00e9s nagy m\u00e9ret\u0171 gazdas\u00e1gok r\u00e9sz\u00e9re ide\u00e1lis, ahol eg\u00e9sz \u00e9vben rendszeres haszn\u00e1latra van sz\u00fcks\u00e9g.<\/p>\n<p>40 \u00e9s 150 tonna\/\u00f3ra k\u00f6z\u00f6tti b\u00fazasz\u00e1ll\u00edt\u00f3 kapacit\u00e1si tartom\u00e1nyban \u00e9rhet\u0151 el. hoz haszn\u00e1lhat\u00f3. A teljes berendez\u00e9scsal\u00e1d mag\u00e1ba foglalja az optim\u00e1lis gabona \u00e1raml\u00e1shoz sz\u00fcks\u00e9ges f\u00fcgg\u0151leges, v\u00edzszintes, \u00edves \u00e9s ferde egys\u00e9geket.<\/p>\n<p class=\"xmsonormal\">Az I-Line term\u00e9kcsal\u00e1dban szalagsz\u00e1ll\u00edt\u00f3k is tal\u00e1lhat\u00f3k 150 t\/\u00f3r\u00e1s kapacit\u00e1sig. A tartoz\u00e9kok teljes v\u00e1laszt\u00e9ka k\u00e9zi, elektromos \u00e9s pneumatikus cs\u00faszd\u00e1kat, biztons\u00e1gi \u00e9rz\u00e9kel\u0151ket, sebess\u00e9gm\u00e9r\u0151 \u00e9rz\u00e9kel\u0151ket, speci\u00e1lis ellen\u00e1ll\u00e1s\u00fa szalagokat olajterm\u00e9kekhez \u00e9s sok m\u00e1st tartalmaz. A sz\u00e1ll\u00edt\u00f3berendez\u00e9sek testre szabhat\u00f3k, hogy megfeleljenek a k\u00fcl\u00f6nb\u00f6z\u0151 vev\u0151i ig\u00e9nyeknek a l\u00e1nc- \u00e9s szalagsebess\u00e9g tekintet\u00e9ben is.<\/p>\n","protected":false},"excerpt":{"rendered":"<p>Az I-sorozat egy eg\u00e9sz \u00e9ves intenz\u00edv haszn\u00e1latra szolg\u00e1l\u00f3 term\u00e9kcsal\u00e1d arra kifejlesztve, hogy megfeleljen a gabona\u00e1gazat, valamint a k\u00f6zepes \u00e9s nagy m\u00e9ret\u0171 gazdas\u00e1gok k\u00f6vetelm\u00e9nyeinek.<\/p>\n","protected":false},"featured_media":22007,"comment_status":"open","ping_status":"closed","template":"","meta":{"_acf_changed":false},"product_brand":[],"product_cat":[420,434,427,428,435,486],"product_tag":[453,459,468,454],"class_list":{"0":"post-23169","1":"product","2":"type-product","3":"status-publish","4":"has-post-thumbnail","6":"product_cat-minden-termek-hu","7":"product_cat-takarmanyok-hu","8":"product_cat-elelmiszer-hu","9":"product_cat-gabona-hu","10":"product_cat-anyagmozgatas","11":"product_cat-felvonok-hu","12":"product_tag-conveyor-hu","13":"product_tag-elevator-hu","14":"product_tag-storage-hu","15":"product_tag-transport-hu","16":"description-off","18":"first","19":"instock","20":"shipping-taxable","21":"product-type-simple"},"acf":[],"_links":{"self":[{"href":"https:\/\/www.tornum.com\/hu\/wp-json\/wp\/v2\/product\/23169","targetHints":{"allow":["GET"]}}],"collection":[{"href":"https:\/\/www.tornum.com\/hu\/wp-json\/wp\/v2\/product"}],"about":[{"href":"https:\/\/www.tornum.com\/hu\/wp-json\/wp\/v2\/types\/product"}],"replies":[{"embeddable":true,"href":"https:\/\/www.tornum.com\/hu\/wp-json\/wp\/v2\/comments?post=23169"}],"version-history":[{"count":2,"href":"https:\/\/www.tornum.com\/hu\/wp-json\/wp\/v2\/product\/23169\/revisions"}],"predecessor-version":[{"id":23174,"href":"https:\/\/www.tornum.com\/hu\/wp-json\/wp\/v2\/product\/23169\/revisions\/23174"}],"wp:featuredmedia":[{"embeddable":true,"href":"https:\/\/www.tornum.com\/hu\/wp-json\/wp\/v2\/media\/22007"}],"wp:attachment":[{"href":"https:\/\/www.tornum.com\/hu\/wp-json\/wp\/v2\/media?parent=23169"}],"wp:term":[{"taxonomy":"product_brand","embeddable":true,"href":"https:\/\/www.tornum.com\/hu\/wp-json\/wp\/v2\/product_brand?post=23169"},{"taxonomy":"product_cat","embeddable":true,"href":"https:\/\/www.tornum.com\/hu\/wp-json\/wp\/v2\/product_cat?post=23169"},{"taxonomy":"product_tag","embeddable":true,"href":"https:\/\/www.tornum.com\/hu\/wp-json\/wp\/v2\/product_tag?post=23169"}],"curies":[{"name":"wp","href":"https:\/\/api.w.org\/{rel}","templated":true}]}}