{"id":23170,"date":"2023-05-14T20:53:53","date_gmt":"2023-05-14T20:53:53","guid":{"rendered":"https:\/\/www.tornum.com\/product\/idc-intelligent-dryer-control\/"},"modified":"2025-07-30T11:52:30","modified_gmt":"2025-07-30T11:52:30","slug":"idc-intelligent-dryer-control-intelligens-szaritovezerles","status":"publish","type":"product","link":"https:\/\/www.tornum.com\/hu\/termek\/idc-intelligent-dryer-control-intelligens-szaritovezerles\/","title":{"rendered":"IDC \u2013 INTELLIGENT DRYER CONTROL (INTELLIGENS SZ\u00c1R\u00cdT\u00d3VEZ\u00c9RL\u00c9S)"},"content":{"rendered":"<div class=\"wpb-content-wrapper\"><p>[vc_row][vc_column width=&#8221;2\/3&#8243;][vc_column_text]Teljes k\u00f6r\u0171 vez\u00e9rl\u00e9s \u2013 b\u00e1rhonnan<\/p>\n<p>A Tornum IDC nedvess\u00e9g\u00e9rz\u00e9kel\u0151ket \u00e9s egy vez\u00e9rl\u0151egys\u00e9get tartalmaz\u00f3 szoftveralap\u00fa vez\u00e9rl\u0151rendszer, amely a kimen\u0151 nedvess\u00e9gtartalmat figyeli \u00e9s szab\u00e1lyozza a folyamatos \u00fczemel\u00e9s\u0171 sz\u00e1r\u00edt\u00f3kban. A felhaszn\u00e1l\u00f3bar\u00e1t kezel\u0151fel\u00fcleten kereszt\u00fcl \u00d6n a sz\u00e1m\u00edt\u00f3g\u00e9p\u00e9n vagy a t\u00e1blag\u00e9p\u00e9n teljes k\u00f6r\u0171 ir\u00e1ny\u00edt\u00e1ssal rendelkezhet az eg\u00e9sz sz\u00e1r\u00edt\u00e1si folyamat felett.<\/p>\n<p><strong>Prec\u00edz sz\u00e1r\u00edt\u00e1s a k\u00edv\u00e1nt nedvess\u00e9gtartalomra<\/strong><br \/>\nAz \u00e9rz\u00e9kel\u0151k k\u00f6z\u00fcl egy a fels\u0151 sz\u00e1r\u00edt\u00f3szakaszok egyik\u00e9ben van elhelyezve, ez a be\u00e9rkez\u0151 nedvess\u00e9get m\u00e9ri. A m\u00e1sodik \u00e9rz\u00e9kel\u0151 a h\u0171t\u0151z\u00f3n\u00e1ban tal\u00e1lhat\u00f3, k\u00f6zel a sz\u00e1r\u00edt\u00f3 kimenet\u00e9hez. A bej\u00f6v\u0151 \u00e9s a kimen\u0151 nedvess\u00e9gtartalomra vonatkoz\u00f3 adatok seg\u00edts\u00e9g\u00e9vel a vez\u00e9rl\u0151egys\u00e9g \u00fagy \u00e1ll\u00edtja be a sz\u00e1r\u00edt\u00f3 \u00fcr\u00edt\u00e9si sebess\u00e9g\u00e9t, hogy a sz\u00e1r\u00edt\u00f3b\u00f3l kimen\u0151 nedvess\u00e9gtartalom a k\u00edv\u00e1nt \u00e9rt\u00e9k legyen, f\u00fcggetlen\u00fcl a k\u00f6rnyezeti felt\u00e9telekt\u0151l.<\/p>\n<p><strong>Cs\u00f6kken\u0151 sz\u00e1r\u00edt\u00e1si k\u00f6lts\u00e9gek<\/strong><br \/>\nM\u00e9g fontosabb, hogy a Tornum IDC j\u00f3volt\u00e1b\u00f3l megsz\u0171nik a sz\u00e1r\u00edt\u00e1si elj\u00e1r\u00e1ssal kapcsolatos tal\u00e1lgat\u00e1s \u00e9s minim\u00e1lisra cs\u00f6kken a gabona biztons\u00e1g \u00e9rdek\u00e9ben t\u00f6rt\u00e9n\u0151 t\u00falsz\u00e1r\u00edt\u00e1s\u00e1nak kock\u00e1zata \u2013 ez a dr\u00e1ga gyakorlat mostant\u00f3l hat\u00e9konyan kik\u00fcsz\u00f6b\u00f6lhet\u0151. Mivel a sz\u00e1r\u00edt\u00e1si folyamat fel\u00fcgyelete kevesebb munka\u00f3r\u00e1t ig\u00e9nyel, a k\u00f6lts\u00e9gek ezzel is tov\u00e1bb cs\u00f6kkenthet\u0151k.<\/p>\n<p><strong>Optim\u00e1lis gabonamin\u0151s\u00e9g<\/strong><br \/>\nA Tornum IDC seg\u00edts\u00e9g\u00e9vel t\u00f6rt\u00e9n\u0151 gabonasz\u00e1r\u00edt\u00e1s azt is jelenti, hogy vele minden alkalommal el\u00e9rheti a k\u00edv\u00e1nt nedvess\u00e9gszintet, ez\u00e1ltal maxim\u00e1lis lesz az el\u00e9rhet\u0151 term\u00e9nymin\u0151s\u00e9g, term\u00e9nyt\u00f6meg \u00e9s term\u00e9ny\u00e1r.[\/vc_column_text][\/vc_column][vc_column width=&#8221;1\/3&#8243;][vc_column_text]<strong>EL\u0150NY\u00d6K<\/strong><br \/>\n\u2022 Alacsonyabb sz\u00e1r\u00edt\u00e1si k\u00f6lts\u00e9gek<br \/>\n\u2022 Nagyobb sz\u00e1r\u00edt\u00f3kapacit\u00e1s<br \/>\n\u2022 Teljes fel\u00fcgyelet a sz\u00e1r\u00edt\u00e1si elj\u00e1r\u00e1s felett<br \/>\n\u2022 A gabonat\u00edpus \u00e9s a sz\u00e1r\u00edt\u00e1si recept m\u00f3dos\u00edt\u00e1sa csak egy gombnyom\u00e1s<br \/>\n\u2022 Optimaliz\u00e1lt sz\u00e1r\u00edt\u00e1si elj\u00e1r\u00e1s<br \/>\n\u2022 Az intelligens szoftver alkalmazkodik a k\u00f6r\u00fclm\u00e9nyekhez<br \/>\n\u2022 Egyszer\u0171 telep\u00edt\u00e9s, egyszer\u0171 haszn\u00e1lat<br \/>\n\u2022 Azonnal nyeres\u00e9ges befektet\u00e9s<br \/>\n[\/vc_column_text][\/vc_column][\/vc_row]<\/p>\n<\/div>","protected":false},"excerpt":{"rendered":"<p>A Tornum IDC nedvess\u00e9g\u00e9rz\u00e9kel\u0151ket \u00e9s egy vez\u00e9rl\u0151egys\u00e9get tartalmaz\u00f3 szoftveralap\u00fa vez\u00e9rl\u0151rendszer, amely a kimen\u0151 nedvess\u00e9gtartalmat figyeli \u00e9s szab\u00e1lyozza a folyamatos \u00fczem\u0171 sz\u00e1r\u00edt\u00f3kban. A felhaszn\u00e1l\u00f3bar\u00e1t kezel\u0151fel\u00fcleten kereszt\u00fcl \u00d6n a sz\u00e1m\u00edt\u00f3g\u00e9p\u00e9n vagy a t\u00e1blag\u00e9p\u00e9n teljes k\u00f6r\u0171 ir\u00e1ny\u00edt\u00e1ssal rendelkezhet az eg\u00e9sz sz\u00e1r\u00edt\u00e1si folyamat felett.<\/p>\n","protected":false},"featured_media":53223,"comment_status":"open","ping_status":"closed","template":"","meta":{"_acf_changed":false},"product_brand":[],"product_cat":[420,440,492],"product_tag":[431,443,444,445],"class_list":{"0":"post-23170","1":"product","2":"type-product","3":"status-publish","4":"has-post-thumbnail","6":"product_cat-minden-termek-hu","7":"product_cat-gabonakezeles","8":"product_cat-idc-hu","9":"product_tag-dryer-hu","10":"product_tag-monitoring-hu","11":"product_tag-pc-hu","12":"product_tag-plc-hu","13":"description-off","15":"first","16":"instock","17":"shipping-taxable","18":"product-type-simple"},"acf":[],"_links":{"self":[{"href":"https:\/\/www.tornum.com\/hu\/wp-json\/wp\/v2\/product\/23170","targetHints":{"allow":["GET"]}}],"collection":[{"href":"https:\/\/www.tornum.com\/hu\/wp-json\/wp\/v2\/product"}],"about":[{"href":"https:\/\/www.tornum.com\/hu\/wp-json\/wp\/v2\/types\/product"}],"replies":[{"embeddable":true,"href":"https:\/\/www.tornum.com\/hu\/wp-json\/wp\/v2\/comments?post=23170"}],"version-history":[{"count":2,"href":"https:\/\/www.tornum.com\/hu\/wp-json\/wp\/v2\/product\/23170\/revisions"}],"predecessor-version":[{"id":23178,"href":"https:\/\/www.tornum.com\/hu\/wp-json\/wp\/v2\/product\/23170\/revisions\/23178"}],"wp:featuredmedia":[{"embeddable":true,"href":"https:\/\/www.tornum.com\/hu\/wp-json\/wp\/v2\/media\/53223"}],"wp:attachment":[{"href":"https:\/\/www.tornum.com\/hu\/wp-json\/wp\/v2\/media?parent=23170"}],"wp:term":[{"taxonomy":"product_brand","embeddable":true,"href":"https:\/\/www.tornum.com\/hu\/wp-json\/wp\/v2\/product_brand?post=23170"},{"taxonomy":"product_cat","embeddable":true,"href":"https:\/\/www.tornum.com\/hu\/wp-json\/wp\/v2\/product_cat?post=23170"},{"taxonomy":"product_tag","embeddable":true,"href":"https:\/\/www.tornum.com\/hu\/wp-json\/wp\/v2\/product_tag?post=23170"}],"curies":[{"name":"wp","href":"https:\/\/api.w.org\/{rel}","templated":true}]}}