{"id":23182,"date":"2023-05-14T21:57:30","date_gmt":"2023-05-14T21:57:30","guid":{"rendered":"https:\/\/www.tornum.com\/product\/intake-building\/"},"modified":"2025-07-30T12:01:36","modified_gmt":"2025-07-30T12:01:36","slug":"fogadoepulet","status":"publish","type":"product","link":"https:\/\/www.tornum.com\/hu\/termek\/fogadoepulet\/","title":{"rendered":"FOGAD\u00d3\u00c9P\u00dcLET"},"content":{"rendered":"<p>Ha nincs ig\u00e9ny teljes felhord\u00f3 berendez\u00e9sre, de a gabona be- \u00e9s kirakod\u00e1s\u00e1hoz fejleszt\u00e9s sz\u00fcks\u00e9ges, a Tornum hat\u00e9konyabb anyagmozgat\u00e1st biztos\u00edt\u00f3 term\u00e9keket \u00e9s \u00e9p\u00fcletet is k\u00edn\u00e1l. Az \u00faj \u00e9p\u00fcletek kapcsol\u00f3dhatnak a megl\u00e9v\u0151kh\u00f6z, de teljesen f\u00fcggetlenek is lehetnek.<\/p>\n<p>Az \u00f6sszes \u00e9p\u00fclet \u00e9s ac\u00e9lszerkezet CE-jel\u00f6l\u00e9ssel rendelkezik az EN 1090-1 szabv\u00e1ny szerint, ami 2014 \u00f3ta EU-k\u00f6vetelm\u00e9ny.<\/p>\n","protected":false},"excerpt":{"rendered":"<p>Ha nincs ig\u00e9ny teljes felhord\u00f3 berendez\u00e9sre, de a gabona be- \u00e9s kirakod\u00e1s\u00e1hoz fejleszt\u00e9s sz\u00fcks\u00e9ges, a Tornum hat\u00e9konyabb anyagmozgat\u00e1st biztos\u00edt\u00f3 term\u00e9keket \u00e9s \u00e9p\u00fcletet is k\u00edn\u00e1l. Az \u00faj \u00e9p\u00fcletek kapcsol\u00f3dhatnak a megl\u00e9v\u0151kh\u00f6z, de teljesen f\u00fcggetlenek is lehetnek.<\/p>\n<p>Az \u00f6sszes \u00e9p\u00fclet \u00e9s ac\u00e9lszerkezet CE-jel\u00f6l\u00e9ssel rendelkezik az EN 1090-1 szabv\u00e1ny szerint, ami 2014 \u00f3ta EU-k\u00f6vetelm\u00e9ny.<\/p>\n","protected":false},"featured_media":22130,"comment_status":"open","ping_status":"closed","template":"","meta":{"_acf_changed":false},"product_brand":[],"product_cat":[420,465,466],"product_tag":[452,470,431,493],"class_list":{"0":"post-23182","1":"product","2":"type-product","3":"status-publish","4":"has-post-thumbnail","6":"product_cat-minden-termek-hu","7":"product_cat-tarolas","8":"product_cat-tarolo-epuletek-hu","9":"product_tag-bin-hu","10":"product_tag-building-hu","11":"product_tag-dryer-hu","12":"product_tag-intake-hu","13":"description-off","15":"first","16":"instock","17":"shipping-taxable","18":"product-type-simple"},"acf":[],"_links":{"self":[{"href":"https:\/\/www.tornum.com\/hu\/wp-json\/wp\/v2\/product\/23182","targetHints":{"allow":["GET"]}}],"collection":[{"href":"https:\/\/www.tornum.com\/hu\/wp-json\/wp\/v2\/product"}],"about":[{"href":"https:\/\/www.tornum.com\/hu\/wp-json\/wp\/v2\/types\/product"}],"replies":[{"embeddable":true,"href":"https:\/\/www.tornum.com\/hu\/wp-json\/wp\/v2\/comments?post=23182"}],"version-history":[{"count":2,"href":"https:\/\/www.tornum.com\/hu\/wp-json\/wp\/v2\/product\/23182\/revisions"}],"predecessor-version":[{"id":23188,"href":"https:\/\/www.tornum.com\/hu\/wp-json\/wp\/v2\/product\/23182\/revisions\/23188"}],"wp:featuredmedia":[{"embeddable":true,"href":"https:\/\/www.tornum.com\/hu\/wp-json\/wp\/v2\/media\/22130"}],"wp:attachment":[{"href":"https:\/\/www.tornum.com\/hu\/wp-json\/wp\/v2\/media?parent=23182"}],"wp:term":[{"taxonomy":"product_brand","embeddable":true,"href":"https:\/\/www.tornum.com\/hu\/wp-json\/wp\/v2\/product_brand?post=23182"},{"taxonomy":"product_cat","embeddable":true,"href":"https:\/\/www.tornum.com\/hu\/wp-json\/wp\/v2\/product_cat?post=23182"},{"taxonomy":"product_tag","embeddable":true,"href":"https:\/\/www.tornum.com\/hu\/wp-json\/wp\/v2\/product_tag?post=23182"}],"curies":[{"name":"wp","href":"https:\/\/api.w.org\/{rel}","templated":true}]}}