{"id":23183,"date":"2023-04-03T12:15:20","date_gmt":"2023-04-03T12:15:20","guid":{"rendered":"https:\/\/www.tornum.com\/product\/intake-pit-tgs\/"},"modified":"2025-07-30T12:10:33","modified_gmt":"2025-07-30T12:10:33","slug":"tgs-fogadoakna","status":"publish","type":"product","link":"https:\/\/www.tornum.com\/hu\/termek\/tgs-fogadoakna\/","title":{"rendered":"TGS FOGAD\u00d3AKNA"},"content":{"rendered":"<div class=\"wpb-content-wrapper\"><p>[vc_row gap=&#8221;35&#8243; css=&#8221;.vc_custom_1683181467819{padding-left: 10px !important;}&#8221;][vc_column width=&#8221;2\/3&#8243;][vc_column_text]A Tornum TGS fogad\u00f3akna kis m\u00e9lys\u00e9ge ellen\u00e9re nagy t\u00e9rfogattal rendelkezik. Az akna belseje a j\u00f3 higi\u00e9nia \u00e9s a minim\u00e1lis tiszt\u00edt\u00e1si ig\u00e9ny \u00e9rdek\u00e9ben teljesen sima. A TGS fogad\u00f3akna legfeljebb 400t\/h teljes\u00edtm\u00e9ny\u0171 sz\u00e1ll\u00edt\u00f3berendez\u00e9sekkel haszn\u00e1lhat\u00f3, \u00e9s \u00e1tereszbe kell be\u00e9p\u00edteni.[\/vc_column_text][\/vc_column][vc_column width=&#8221;1\/3&#8243;][vc_column_text]<strong>JELLEMZ\u0150K<\/strong><br \/>\n\u2022 T\u0171zihorganyzott ac\u00e9llemezb\u0151l k\u00e9sz\u00fclt, k\u00fcls\u0151 merev\u00edt\u00e9sekkel van ell\u00e1tva<br \/>\n\u2022 A felf\u00fcggeszt\u00e9sr\u0151l \u00e9s a teherhord\u00f3 r\u00e1csok megtart\u00e1s\u00e1r\u00f3l er\u0151s tart\u00f3gerend\u00e1k gondoskodnak<br \/>\n\u2022 A belseje a j\u00f3 higi\u00e9nia \u00e9s a minim\u00e1lis tiszt\u00edt\u00e1si ig\u00e9ny \u00e9rdek\u00e9ben teljesen sima<br \/>\n\u2022 Csavark\u00f6t\u00e9sekkel szerelt kialak\u00edt\u00e1s\u00fa<\/p>\n<p><strong>KIEG\u00c9SZ\u00cdT\u0150K<\/strong><br \/>\n\u2022 Szintjelz\u0151<br \/>\n\u2022 Teherhord\u00f3 r\u00e1csok<br \/>\n\u2022 Oldals\u00f3 v\u00e9d\u0151elem a fogad\u00f3akn\u00e1hoz<br \/>\n[\/vc_column_text][\/vc_column][\/vc_row]<\/p>\n<\/div>","protected":false},"excerpt":{"rendered":"<p>A Tornum TGS fogad\u00f3akna kis m\u00e9lys\u00e9ge ellen\u00e9re nagy t\u00e9rfogattal rendelkezik. Az akna belseje a j\u00f3 higi\u00e9nia \u00e9s a minim\u00e1lis tiszt\u00edt\u00e1si ig\u00e9ny \u00e9rdek\u00e9ben teljesen sima. A TGS fogad\u00f3akna legfeljebb 400t\/h teljes\u00edtm\u00e9ny\u0171 sz\u00e1ll\u00edt\u00f3berendez\u00e9sekkel haszn\u00e1lhat\u00f3, \u00e9s \u00e1tereszbe kell be\u00e9p\u00edteni.<\/p>\n","protected":false},"featured_media":20791,"comment_status":"open","ping_status":"closed","template":"","meta":{"_acf_changed":false},"product_brand":[],"product_cat":[420,434,427,428,435,455,456],"product_tag":[431,493,494,454],"class_list":{"0":"post-23183","1":"product","2":"type-product","3":"status-publish","4":"has-post-thumbnail","6":"product_cat-minden-termek-hu","7":"product_cat-takarmanyok-hu","8":"product_cat-elelmiszer-hu","9":"product_cat-gabona-hu","10":"product_cat-anyagmozgatas","11":"product_cat-beadagolo-aknak-hu","12":"product_cat-beadagolo-aknak-storage-hu","13":"product_tag-dryer-hu","14":"product_tag-intake-hu","15":"product_tag-pits-hu","16":"product_tag-transport-hu","17":"pa_products-type-grain-hu","18":"description-off","20":"first","21":"instock","22":"shipping-taxable","23":"product-type-simple"},"acf":[],"_links":{"self":[{"href":"https:\/\/www.tornum.com\/hu\/wp-json\/wp\/v2\/product\/23183","targetHints":{"allow":["GET"]}}],"collection":[{"href":"https:\/\/www.tornum.com\/hu\/wp-json\/wp\/v2\/product"}],"about":[{"href":"https:\/\/www.tornum.com\/hu\/wp-json\/wp\/v2\/types\/product"}],"replies":[{"embeddable":true,"href":"https:\/\/www.tornum.com\/hu\/wp-json\/wp\/v2\/comments?post=23183"}],"version-history":[{"count":2,"href":"https:\/\/www.tornum.com\/hu\/wp-json\/wp\/v2\/product\/23183\/revisions"}],"predecessor-version":[{"id":46987,"href":"https:\/\/www.tornum.com\/hu\/wp-json\/wp\/v2\/product\/23183\/revisions\/46987"}],"wp:featuredmedia":[{"embeddable":true,"href":"https:\/\/www.tornum.com\/hu\/wp-json\/wp\/v2\/media\/20791"}],"wp:attachment":[{"href":"https:\/\/www.tornum.com\/hu\/wp-json\/wp\/v2\/media?parent=23183"}],"wp:term":[{"taxonomy":"product_brand","embeddable":true,"href":"https:\/\/www.tornum.com\/hu\/wp-json\/wp\/v2\/product_brand?post=23183"},{"taxonomy":"product_cat","embeddable":true,"href":"https:\/\/www.tornum.com\/hu\/wp-json\/wp\/v2\/product_cat?post=23183"},{"taxonomy":"product_tag","embeddable":true,"href":"https:\/\/www.tornum.com\/hu\/wp-json\/wp\/v2\/product_tag?post=23183"}],"curies":[{"name":"wp","href":"https:\/\/api.w.org\/{rel}","templated":true}]}}