{"id":23184,"date":"2023-03-23T22:10:29","date_gmt":"2023-03-23T22:10:29","guid":{"rendered":"https:\/\/www.tornum.com\/product\/kanalsystem\/"},"modified":"2025-07-30T12:19:55","modified_gmt":"2025-07-30T12:19:55","slug":"kanalsystem","status":"publish","type":"product","link":"https:\/\/www.tornum.com\/hu\/termek\/kanalsystem\/","title":{"rendered":"KANALSYSTEM\u2122"},"content":{"rendered":"<div class=\"wpb-content-wrapper\"><p>[vc_row][vc_column width=&#8221;2\/3&#8243;][vc_column_text]A Tornum KANALSYSTEM\u2122 term\u00e9ke egyed\u00fcl\u00e1ll\u00f3 kett\u0151s funkci\u00f3t \u2013 nagy kit\u00e1rol\u00f3kapacit\u00e1st \u00e9s kiv\u00e1l\u00f3 kondicion\u00e1l\u00f3 jellemz\u0151ket \u2013 biztos\u00edt. A rendszer betonfel\u00fcletbe \u00e1gyazott, k\u00fcl\u00f6nleges kialak\u00edt\u00e1s\u00fa perfor\u00e1lt csatorn\u00e1kb\u00f3l \u00e1ll. A csatorn\u00e1k k\u00f6z\u00f6tt betongerincek vannak kialak\u00edtva \u00fagy, hogy a rendszerbe bef\u00fajt leveg\u0151 a gerincek ment\u00e9n halad, \u00edgy a l\u00e9g\u00e1raml\u00e1s a gabonaszemek 100%-\u00e1t biztosan el\u00e9ri.<\/p>\n<p>A biztons\u00e1g a KANALSYSTEM\u2122 egyik legfontosabb el\u0151nye. A rendszer \u00f6ntiszt\u00edt\u00f3, \u00e9s nem rendelkezik mozg\u00f3 mechanikus alkatr\u00e9sszel a sil\u00f3n bel\u00fcl. Nincs sz\u00fcks\u00e9g kit\u00e1rol\u00f3csig\u00e1kra, \u00e9s a szem\u00e9lyzetnek nem kell bel\u00e9pnie a sil\u00f3ba kiereszt\u00e9s k\u00f6zben. A KANALSYSTEM\u2122 kiereszt\u0151kapacit\u00e1sa ak\u00e1r 1000 t\/h is lehet.[\/vc_column_text][\/vc_column][vc_column width=&#8221;1\/3&#8243;][vc_column_text]<strong>JELLEMZ\u0150K<\/strong><br \/>\n\u2022 Nagy kit\u00e1rol\u00e1si kapacit\u00e1s<br \/>\n\u2022 Nagyon j\u00f3 kondicion\u00e1l\u00e1si tulajdons\u00e1gok<br \/>\n\u2022 Nincs bels\u0151 mechanikus szerkezet<br \/>\n\u2022 \u00c1tm\u00e9r\u0151t\u0151l f\u00fcggetlen\u00fcl mindenf\u00e9le sil\u00f3hoz alkalmas<\/p>\n<p><strong>KIEG\u00c9SZ\u00cdT\u0150K<\/strong><br \/>\n\u2022 L\u00e9gelz\u00e1r\u00f3k, manu\u00e1lis vagy motoriz\u00e1lt<br \/>\n\u2022 K\u00fcls\u0151 csatornarendszer<br \/>\n[\/vc_column_text][\/vc_column][\/vc_row]<\/p>\n<\/div>","protected":false},"excerpt":{"rendered":"<p>A biztons\u00e1g a KANALSYSTEM\u2122 egyik legfontosabb el\u0151nye. A rendszer \u00f6ntiszt\u00edt\u00f3, \u00e9s nem rendelkezik mozg\u00f3 mechanikus alkatr\u00e9sszel a sil\u00f3n bel\u00fcl. Nincs sz\u00fcks\u00e9g kit\u00e1rol\u00f3csig\u00e1kra, \u00e9s a szem\u00e9lyzetnek nem kell bel\u00e9pnie a sil\u00f3ba kiereszt\u00e9s k\u00f6zben. A KANALSYSTEM\u2122 kiereszt\u0151kapacit\u00e1sa ak\u00e1r 1000 t\/h is lehet.<\/p>\n","protected":false},"featured_media":20769,"comment_status":"open","ping_status":"closed","template":"","meta":{"_acf_changed":false},"product_brand":[],"product_cat":[420,428,435,473,495,421,496],"product_tag":[437,424,472,468],"class_list":{"0":"post-23184","1":"product","2":"type-product","3":"status-publish","4":"has-post-thumbnail","6":"product_cat-minden-termek-hu","7":"product_cat-gabona-hu","8":"product_cat-anyagmozgatas","9":"product_cat-silokiereszto-hu","10":"product_cat-kanalsystem-hu","11":"product_cat-kondicionalas","12":"product_cat-kanalsystem-conditioning-hu","13":"product_tag-conditioning-hu","14":"product_tag-conditioning-laterals-hu","15":"product_tag-radial-fan-hu","16":"product_tag-storage-hu","17":"pa_products-type-all-products-hu","18":"pa_products-type-grain-hu","19":"description-off","21":"first","22":"instock","23":"shipping-taxable","24":"product-type-simple"},"acf":[],"_links":{"self":[{"href":"https:\/\/www.tornum.com\/hu\/wp-json\/wp\/v2\/product\/23184","targetHints":{"allow":["GET"]}}],"collection":[{"href":"https:\/\/www.tornum.com\/hu\/wp-json\/wp\/v2\/product"}],"about":[{"href":"https:\/\/www.tornum.com\/hu\/wp-json\/wp\/v2\/types\/product"}],"replies":[{"embeddable":true,"href":"https:\/\/www.tornum.com\/hu\/wp-json\/wp\/v2\/comments?post=23184"}],"version-history":[{"count":1,"href":"https:\/\/www.tornum.com\/hu\/wp-json\/wp\/v2\/product\/23184\/revisions"}],"predecessor-version":[{"id":23196,"href":"https:\/\/www.tornum.com\/hu\/wp-json\/wp\/v2\/product\/23184\/revisions\/23196"}],"wp:featuredmedia":[{"embeddable":true,"href":"https:\/\/www.tornum.com\/hu\/wp-json\/wp\/v2\/media\/20769"}],"wp:attachment":[{"href":"https:\/\/www.tornum.com\/hu\/wp-json\/wp\/v2\/media?parent=23184"}],"wp:term":[{"taxonomy":"product_brand","embeddable":true,"href":"https:\/\/www.tornum.com\/hu\/wp-json\/wp\/v2\/product_brand?post=23184"},{"taxonomy":"product_cat","embeddable":true,"href":"https:\/\/www.tornum.com\/hu\/wp-json\/wp\/v2\/product_cat?post=23184"},{"taxonomy":"product_tag","embeddable":true,"href":"https:\/\/www.tornum.com\/hu\/wp-json\/wp\/v2\/product_tag?post=23184"}],"curies":[{"name":"wp","href":"https:\/\/api.w.org\/{rel}","templated":true}]}}