{"id":23198,"date":"2023-05-14T19:45:08","date_gmt":"2023-05-14T19:45:08","guid":{"rendered":"https:\/\/www.tornum.com\/product\/l-line-conveyors\/"},"modified":"2025-08-01T10:03:39","modified_gmt":"2025-08-01T10:03:39","slug":"l-sorozatu-szallitok","status":"publish","type":"product","link":"https:\/\/www.tornum.com\/hu\/termek\/l-sorozatu-szallitok\/","title":{"rendered":"L-SOROZAT\u00da SZ\u00c1LL\u00cdT\u00d3K"},"content":{"rendered":"<p class=\"xmsonormal\">Ez a sorozat kis \u00e9s k\u00f6zepes m\u00e9ret\u0171 gazdas\u00e1gokhoz ig\u00e9nyeihez k\u00e9sz\u00fclt, ahol a rendszeres haszn\u00e1latra a betakar\u00edt\u00e1si id\u0151szakban van sz\u00fcks\u00e9g. A b\u00fazasz\u00e1ll\u00edt\u00e1si kapacit\u00e1sok ter\u00e9n 30-60 tonna\/\u00f3ra tartom\u00e1nyban el\u00e9rhet\u0151.<br \/>\nA teljes berendez\u00e9scsal\u00e1d mag\u00e1ba foglalja az optim\u00e1lis gabona \u00e1raml\u00e1shoz sz\u00fcks\u00e9ges f\u00fcgg\u0151leges, v\u00edzszintes, \u00edves \u00e9s ferde egys\u00e9geket. A tartoz\u00e9kok teljes v\u00e1laszt\u00e9ka k\u00e9zi, elektromos \u00e9s pneumatikus cs\u00faszd\u00e1kat, biztons\u00e1gi \u00e9rz\u00e9kel\u0151ket, sebess\u00e9gellen\u0151rz\u0151 \u00e9rz\u00e9kel\u0151ket \u00e9s sok m\u00e1st tartalmaz. A sz\u00e1ll\u00edt\u00f3berendez\u00e9sek a k\u00fcl\u00f6nb\u00f6z\u0151 vev\u0151i ig\u00e9nyeknek megfelel\u0151en testre szabhat\u00f3k a sz\u00edj vagy a fogaskerekes motoros er\u0151\u00e1tvitel kiv\u00e1laszt\u00e1sa tekintet\u00e9ben is.<\/p>\n","protected":false},"excerpt":{"rendered":"<p>L-sorozatunkat kifejezetten kis mez\u0151gazdas\u00e1gi l\u00e9tes\u00edtm\u00e9nyekhez igaz\u00edtottuk. K\u00fcl\u00f6n\u00f6sen alkalmas kis \u00e9s k\u00f6zepes m\u00e9ret\u0171 gazdas\u00e1gokhoz, ahol \u00f6sszpontos\u00edtott m\u0171veletek t\u00f6rt\u00e9nnek a betakar\u00edt\u00e1si id\u0151szakban.<\/p>\n","protected":false},"featured_media":22013,"comment_status":"open","ping_status":"closed","template":"","meta":{"_acf_changed":false},"product_brand":[],"product_cat":[420,428,435,487],"product_tag":[453,463,459,454],"class_list":{"0":"post-23198","1":"product","2":"type-product","3":"status-publish","4":"has-post-thumbnail","6":"product_cat-minden-termek-hu","7":"product_cat-gabona-hu","8":"product_cat-anyagmozgatas","9":"product_cat-szallitoberendezesek-hu","10":"product_tag-conveyor-hu","11":"product_tag-dc-remover-hu","12":"product_tag-elevator-hu","13":"product_tag-transport-hu","14":"description-off","16":"first","17":"instock","18":"shipping-taxable","19":"product-type-simple"},"acf":[],"_links":{"self":[{"href":"https:\/\/www.tornum.com\/hu\/wp-json\/wp\/v2\/product\/23198","targetHints":{"allow":["GET"]}}],"collection":[{"href":"https:\/\/www.tornum.com\/hu\/wp-json\/wp\/v2\/product"}],"about":[{"href":"https:\/\/www.tornum.com\/hu\/wp-json\/wp\/v2\/types\/product"}],"replies":[{"embeddable":true,"href":"https:\/\/www.tornum.com\/hu\/wp-json\/wp\/v2\/comments?post=23198"}],"version-history":[{"count":3,"href":"https:\/\/www.tornum.com\/hu\/wp-json\/wp\/v2\/product\/23198\/revisions"}],"predecessor-version":[{"id":30468,"href":"https:\/\/www.tornum.com\/hu\/wp-json\/wp\/v2\/product\/23198\/revisions\/30468"}],"wp:featuredmedia":[{"embeddable":true,"href":"https:\/\/www.tornum.com\/hu\/wp-json\/wp\/v2\/media\/22013"}],"wp:attachment":[{"href":"https:\/\/www.tornum.com\/hu\/wp-json\/wp\/v2\/media?parent=23198"}],"wp:term":[{"taxonomy":"product_brand","embeddable":true,"href":"https:\/\/www.tornum.com\/hu\/wp-json\/wp\/v2\/product_brand?post=23198"},{"taxonomy":"product_cat","embeddable":true,"href":"https:\/\/www.tornum.com\/hu\/wp-json\/wp\/v2\/product_cat?post=23198"},{"taxonomy":"product_tag","embeddable":true,"href":"https:\/\/www.tornum.com\/hu\/wp-json\/wp\/v2\/product_tag?post=23198"}],"curies":[{"name":"wp","href":"https:\/\/api.w.org\/{rel}","templated":true}]}}