{"id":23207,"date":"2023-05-14T19:52:39","date_gmt":"2023-05-14T19:52:39","guid":{"rendered":"https:\/\/www.tornum.com\/product\/l-line-elevators\/"},"modified":"2025-07-31T09:53:50","modified_gmt":"2025-07-31T09:53:50","slug":"l-sorozatu-felvonok","status":"publish","type":"product","link":"https:\/\/www.tornum.com\/hu\/termek\/l-sorozatu-felvonok\/","title":{"rendered":"L-SOROZAT\u00da FELVON\u00d3K"},"content":{"rendered":"<p class=\"xmsonormal\">Ez az arat\u00e1si id\u0151szakban rendszeres haszn\u00e1latot ig\u00e9nyl\u0151 kis mez\u0151gazdas\u00e1gi l\u00e9tes\u00edtm\u00e9nyekre sz\u00e1nt berendez\u00e9scsal\u00e1d 30-60 t\/h k\u00f6z\u00f6tti b\u00fazasz\u00e1ll\u00edt\u00f3 kapacit\u00e1sokhoz \u00e1ll rendelkez\u00e9sre, A teljes berendez\u00e9sv\u00e1laszt\u00e9k f\u00fcgg\u0151leges, v\u00edzszintes, \u00edves \u00e9s ferde berendez\u00e9seket tartalmaz, amelyeket a gabona\u00e1raml\u00e1son bel\u00fcli megfelel\u0151 poz\u00edci\u00f3ra terveztek. A tartoz\u00e9kok teljes v\u00e1laszt\u00e9ka k\u00e9zi, elektromos \u00e9s pneumatikus cs\u00faszd\u00e1kat, biztons\u00e1gi \u00e9rz\u00e9kel\u0151ket, sebess\u00e9gellen\u0151rz\u0151 \u00e9rz\u00e9kel\u0151ket \u00e9s sok m\u00e1st tartalmaz. A sz\u00e1ll\u00edt\u00f3berendez\u00e9sek a k\u00fcl\u00f6nb\u00f6z\u0151 vev\u0151i ig\u00e9nyeknek megfelel\u0151en testre szabhat\u00f3k a sz\u00edj vagy a fogaskerekes motoros er\u0151\u00e1tvitel kiv\u00e1laszt\u00e1sa tekintet\u00e9ben.<\/p>\n","protected":false},"excerpt":{"rendered":"<p>L-sorozatunkat kifejezetten kis mez\u0151gazdas\u00e1gi l\u00e9tes\u00edtm\u00e9nyekhez igaz\u00edtottuk. K\u00fcl\u00f6n\u00f6sen alkalmas kis \u00e9s k\u00f6zepes m\u00e9ret\u0171 gazdas\u00e1gokhoz, ahol \u00f6sszpontos\u00edtott m\u0171veletek t\u00f6rt\u00e9nnek a betakar\u00edt\u00e1si id\u0151szakban.<\/p>\n<p>Kapacit\u00e1s: 30\u201360 tonna\/\u00f3ra<\/p>\n","protected":false},"featured_media":22013,"comment_status":"open","ping_status":"closed","template":"","meta":{"_acf_changed":false},"product_brand":[],"product_cat":[420,428,435,486],"product_tag":[453,463,459,454],"class_list":{"0":"post-23207","1":"product","2":"type-product","3":"status-publish","4":"has-post-thumbnail","6":"product_cat-minden-termek-hu","7":"product_cat-gabona-hu","8":"product_cat-anyagmozgatas","9":"product_cat-felvonok-hu","10":"product_tag-conveyor-hu","11":"product_tag-dc-remover-hu","12":"product_tag-elevator-hu","13":"product_tag-transport-hu","14":"description-off","16":"first","17":"instock","18":"shipping-taxable","19":"product-type-simple"},"acf":[],"_links":{"self":[{"href":"https:\/\/www.tornum.com\/hu\/wp-json\/wp\/v2\/product\/23207","targetHints":{"allow":["GET"]}}],"collection":[{"href":"https:\/\/www.tornum.com\/hu\/wp-json\/wp\/v2\/product"}],"about":[{"href":"https:\/\/www.tornum.com\/hu\/wp-json\/wp\/v2\/types\/product"}],"replies":[{"embeddable":true,"href":"https:\/\/www.tornum.com\/hu\/wp-json\/wp\/v2\/comments?post=23207"}],"version-history":[{"count":2,"href":"https:\/\/www.tornum.com\/hu\/wp-json\/wp\/v2\/product\/23207\/revisions"}],"predecessor-version":[{"id":23212,"href":"https:\/\/www.tornum.com\/hu\/wp-json\/wp\/v2\/product\/23207\/revisions\/23212"}],"wp:featuredmedia":[{"embeddable":true,"href":"https:\/\/www.tornum.com\/hu\/wp-json\/wp\/v2\/media\/22013"}],"wp:attachment":[{"href":"https:\/\/www.tornum.com\/hu\/wp-json\/wp\/v2\/media?parent=23207"}],"wp:term":[{"taxonomy":"product_brand","embeddable":true,"href":"https:\/\/www.tornum.com\/hu\/wp-json\/wp\/v2\/product_brand?post=23207"},{"taxonomy":"product_cat","embeddable":true,"href":"https:\/\/www.tornum.com\/hu\/wp-json\/wp\/v2\/product_cat?post=23207"},{"taxonomy":"product_tag","embeddable":true,"href":"https:\/\/www.tornum.com\/hu\/wp-json\/wp\/v2\/product_tag?post=23207"}],"curies":[{"name":"wp","href":"https:\/\/api.w.org\/{rel}","templated":true}]}}