{"id":23208,"date":"2023-05-14T21:06:24","date_gmt":"2023-05-14T21:06:24","guid":{"rendered":"https:\/\/www.tornum.com\/product\/level-indicator\/"},"modified":"2025-07-30T12:28:24","modified_gmt":"2025-07-30T12:28:24","slug":"kapacitiv-szintjelzo","status":"publish","type":"product","link":"https:\/\/www.tornum.com\/hu\/termek\/kapacitiv-szintjelzo\/","title":{"rendered":"KAPACIT\u00cdV SZINTJELZ\u0150"},"content":{"rendered":"<div class=\"wpb-content-wrapper\"><p>[vc_row][vc_column width=&#8221;2\/3&#8243;][vc_column_text]A Tornum kapacit\u00edv szintjelz\u0151i az automatikus gabonakezel\u0151 rendszerek fel\u00fcgyelet\u00e9re \u00e9s ellen\u0151rz\u00e9s\u00e9re haszn\u00e1lhat\u00f3k. K\u00fcl\u00f6nleges, \u00e1ll\u00edthat\u00f3 magass\u00e1g\u00fa tart\u00f3val vannak felszerelve, amelyek a sil\u00f3tet\u0151ben t\u00f6rt\u00e9n\u0151 beszerel\u00e9s megk\u00f6nny\u00edt\u00e9s\u00e9re szolg\u00e1lnak.[\/vc_column_text][\/vc_column][vc_column width=&#8221;1\/3&#8243;][vc_column_text]<strong>JELLEMZ\u0150K<\/strong><br \/>\n\u2022 Mobil szintjelz\u0151 csatlakozik egy egym\u00e9teres cs\u0151h\u00f6z kapcsol\u00f3dobozon kereszt\u00fcl. Tet\u0151n, vagy oldallemezen kereszt\u00fcl szerelhet\u0151 be, a k\u00fcl\u00f6nb\u00f6z\u0151 felfekv\u00e9si sz\u00f6gekt\u0151l f\u00fcgg\u0151en.<br \/>\n\u2022 Az elev\u00e1torakn\u00e1ban haszn\u00e1lva az elev\u00e1tor meg\u00e1ll\u00edt\u00e1s\u00e1ra szolg\u00e1l, ha az akna ki\u00fcr\u00fcl.<br \/>\n\u2022 A t\u00f6lt\u00e9s sor\u00e1n a l\u00e1ncos sz\u00e1ll\u00edt\u00f3 \u00e9s az elev\u00e1tor k\u00f6z\u00f6tt haszn\u00e1lva megakad\u00e1lyozza a sz\u00e1r\u00edt\u00f3 vagy a tart\u00e1ly t\u00falt\u00f6lt\u00e9s\u00e9t.<br \/>\n\u2022 Koncentr\u00e1tum-\/gabonatart\u00e1lyban haszn\u00e1lva az apr\u00edt\u00f3\/dar\u00e1l\u00f3 le\u00e1ll\u00edt\u00e1s\u00e1ra haszn\u00e1lhat\u00f3 az alapanyag kifogy\u00e1sa eset\u00e9n.<br \/>\n\u2022 K\u00e9sz takarm\u00e1nyt\u00e1rol\u00f3kban az apr\u00edt\u00f3\/dar\u00e1l\u00f3 le\u00e1ll\u00edt\u00e1s\u00e1ra haszn\u00e1lhat\u00f3, amikor a t\u00e1rol\u00f3 megtelt.<br \/>\n\u2022 A sz\u00e1r\u00edt\u00f3 vagy a t\u00e1rol\u00f3tart\u00e1ly fal\u00e1ba \u00e1lland\u00f3 szintjelz\u0151 is beszerelhet\u0151.<br \/>\n[\/vc_column_text][\/vc_column][\/vc_row]<\/p>\n<\/div>","protected":false},"excerpt":{"rendered":"<p>A Tornum kapacit\u00edv szintjelz\u0151i az automatikus gabonakezel\u0151 rendszerek fel\u00fcgyelet\u00e9re \u00e9s ellen\u0151rz\u00e9s\u00e9re haszn\u00e1lhat\u00f3k. K\u00fcl\u00f6nleges, \u00e1ll\u00edthat\u00f3 magass\u00e1g\u00fa tart\u00f3val vannak felszerelve, amelyek a sil\u00f3tet\u0151ben t\u00f6rt\u00e9n\u0151 beszerel\u00e9s megk\u00f6nny\u00edt\u00e9s\u00e9re szolg\u00e1lnak.<\/p>\n","protected":false},"featured_media":50386,"comment_status":"open","ping_status":"closed","template":"","meta":{"_acf_changed":false},"product_brand":[],"product_cat":[420,440,497],"product_tag":[431,443,445,468],"class_list":{"0":"post-23208","1":"product","2":"type-product","3":"status-publish","4":"has-post-thumbnail","6":"product_cat-minden-termek-hu","7":"product_cat-gabonakezeles","8":"product_cat-kiegeszitok-grain-management-hu-anyagmozgatas","9":"product_tag-dryer-hu","10":"product_tag-monitoring-hu","11":"product_tag-plc-hu","12":"product_tag-storage-hu","13":"description-off","15":"first","16":"instock","17":"shipping-taxable","18":"product-type-simple"},"acf":[],"_links":{"self":[{"href":"https:\/\/www.tornum.com\/hu\/wp-json\/wp\/v2\/product\/23208","targetHints":{"allow":["GET"]}}],"collection":[{"href":"https:\/\/www.tornum.com\/hu\/wp-json\/wp\/v2\/product"}],"about":[{"href":"https:\/\/www.tornum.com\/hu\/wp-json\/wp\/v2\/types\/product"}],"replies":[{"embeddable":true,"href":"https:\/\/www.tornum.com\/hu\/wp-json\/wp\/v2\/comments?post=23208"}],"version-history":[{"count":3,"href":"https:\/\/www.tornum.com\/hu\/wp-json\/wp\/v2\/product\/23208\/revisions"}],"predecessor-version":[{"id":50409,"href":"https:\/\/www.tornum.com\/hu\/wp-json\/wp\/v2\/product\/23208\/revisions\/50409"}],"wp:featuredmedia":[{"embeddable":true,"href":"https:\/\/www.tornum.com\/hu\/wp-json\/wp\/v2\/media\/50386"}],"wp:attachment":[{"href":"https:\/\/www.tornum.com\/hu\/wp-json\/wp\/v2\/media?parent=23208"}],"wp:term":[{"taxonomy":"product_brand","embeddable":true,"href":"https:\/\/www.tornum.com\/hu\/wp-json\/wp\/v2\/product_brand?post=23208"},{"taxonomy":"product_cat","embeddable":true,"href":"https:\/\/www.tornum.com\/hu\/wp-json\/wp\/v2\/product_cat?post=23208"},{"taxonomy":"product_tag","embeddable":true,"href":"https:\/\/www.tornum.com\/hu\/wp-json\/wp\/v2\/product_tag?post=23208"}],"curies":[{"name":"wp","href":"https:\/\/api.w.org\/{rel}","templated":true}]}}