{"id":23221,"date":"2023-05-14T22:02:05","date_gmt":"2023-05-14T22:02:05","guid":{"rendered":"https:\/\/www.tornum.com\/product\/magnets\/"},"modified":"2025-07-30T12:36:42","modified_gmt":"2025-07-30T12:36:42","slug":"magnesek","status":"publish","type":"product","link":"https:\/\/www.tornum.com\/hu\/termek\/magnesek\/","title":{"rendered":"M\u00c1GNESEK"},"content":{"rendered":"<p>A Tornum cs\u0151m\u00e1gnesek nagy kapacit\u00e1s\u00fa szabades\u00e9ses vezet\u00e9kekben sz\u0171rik ki a nemk\u00edv\u00e1natos ferrom\u00e1gneses f\u00e9mr\u00e9szecsk\u00e9ket a granul\u00e1tumokb\u00f3l, rostokb\u00f3l \u00e9s egy\u00e9b durv\u00e1bb szemcs\u00e9j\u0171 anyagokb\u00f3l. Folyamatos m\u0171k\u00f6d\u00e9st biztos\u00edt\u00f3 robusztus kialak\u00edt\u00e1s\u00fa egys\u00e9gek. A m\u00e1gnesek rendszeres tiszt\u00edt\u00e1sa eset\u00e9n nagyon magas fok\u00fa lev\u00e1laszt\u00e1st biztos\u00edtanak.<\/p>\n<p>A 60\u00b0-os k\u00fap z\u00f6kken\u0151mentes term\u00e9ny\u00e1raml\u00e1st biztos\u00edt megfelel\u0151 eloszl\u00e1s mellett. A term\u00e9ny k\u00e9t er\u0151s m\u00e1gneses mez\u0151n halad \u00e1t, ahol vezet\u0151s\u00e1vok ir\u00e1ny\u00edtj\u00e1k a m\u00e1gnesmag fel\u00e9.<\/p>\n<p>Az \u00e1lland\u00f3 cs\u0151m\u00e1gnes nagy m\u00e9ret\u0171, hengeres \u00e1lland\u00f3 m\u00e1gnesmaggal, valamint er\u0151s \u00e9s m\u00e9ly m\u00e1gneses mez\u0151vel rendelkezik. A m\u00e1gnesmag kisz\u0171ri a ferrom\u00e1gneses r\u00e9szecsk\u00e9ket a term\u00e9ny\u00e1ramb\u00f3l \u00e9s a megtiszt\u00edt\u00e1s\u00e1ig megtartja azokat.<\/p>\n<p><strong>JELLEMZ\u0150K:<\/strong><br \/>\n\u2022 A term\u00e9ny\u00e1ramot le kell \u00e1ll\u00edtani a m\u00e1gnes megtiszt\u00edt\u00e1sa idej\u00e9re<br \/>\n\u2022 Rozsdamentes ac\u00e9l h\u00e1z<br \/>\n\u2022 A fel\u00fcl k\u00fapos m\u00e1gnesmag megfelel\u0151en eloszlatja az anyagot<br \/>\n\u2022 A term\u00e9ny az optim\u00e1lis eredm\u00e9nyek \u00e9rdek\u00e9ben k\u00e9t er\u0151s m\u00e1gneses mez\u0151n halad \u00e1t<br \/>\n\u2022 A term\u00e9nycs\u00faszd\u00e1ban elhelyezett vezet\u0151s\u00e1vok az anyagot a m\u00e1gnesmag fel\u00e9 ir\u00e1ny\u00edtj\u00e1k<br \/>\n\u2022 Porrobban\u00e1s\u00e1ll\u00f3 Ex II 1\/2D v\u00e1ltozat a 94\/9\/EK sz\u00e1m\u00fa ATEX-ir\u00e1nyelvnek megfelel\u0151en<\/p>\n<h3><strong>\u00a0LEMEZM\u00c1GNESEK<\/strong><\/h3>\n<p>A lemezm\u00e1gnesek k\u00f6lts\u00e9ghat\u00e9kony, robusztus megold\u00e1sk\u00e9nt alkalmasak a nemk\u00edv\u00e1natos ferrom\u00e1gneses f\u00e9mr\u00e9szecsk\u00e9k kisz\u0171r\u00e9s\u00e9re szabadon es\u0151 term\u00e9ny\u00e1ramb\u00f3l vagy l\u00e1ncos sz\u00e1ll\u00edt\u00f3n halad\u00f3 term\u00e9nyb\u0151l, viszonylag alacsony vasszennyez\u0151d\u00e9s mellett. Er\u0151s, m\u00e9ly m\u00e1gneses mez\u0151t keltenek, ami kiragadja a vasr\u00e9szecsk\u00e9ket a term\u00e9ny\u00e1ramb\u00f3l \u00e9s biztons\u00e1gosan megtartja azokat.<\/p>\n<p>A lemezm\u00e1gnesek sz\u00e1mos szabv\u00e1nyos m\u00e9retben, ferrit vagy neod\u00edmium (Neoflux\u00ae) m\u00e1gnessel kaphat\u00f3k. A m\u00e1gnes tiszt\u00edt\u00e1sa k\u00e9zi let\u00f6rl\u00e9ssel vagy f\u00e9lautomatikusan t\u00f6rt\u00e9nik, a lev\u00e1laszt\u00f3lemezt elt\u00e1vol\u00edtva a m\u00e1gnest\u0151l.<\/p>\n<p>A l\u00e1ncos sz\u00e1ll\u00edt\u00f3 cs\u00faszdarendszer\u00e9ben is haszn\u00e1lhat\u00f3 lemezm\u00e1gnes. A l\u00e1ncos sz\u00e1ll\u00edt\u00f3 cs\u00faszd\u00e1j\u00e1n \u00e1thalad\u00f3 term\u00e9ny igen nagy sebess\u00e9geket \u00e9rhet el. Emiatt felt\u00e9tlen\u00fcl er\u0151s, Neoflux\u00ae m\u00e1gnest kell itt haszn\u00e1lni. A term\u00e9ny hozz\u00e1\u00e9r a m\u00e1gneshez vagy elhalad annak k\u00f6zel\u00e9ben, az er\u0151s m\u00e1gnes pedig mag\u00e1hoz vonzza \u00e9s biztons\u00e1gosan megtartja a vasr\u00e9szecsk\u00e9ket.<br \/>\nA lemezm\u00e1gnesek a term\u00e9ny\u00e1ram f\u00f6l\u00e9 felf\u00fcggesztve vagy a term\u00e9ny\u00e1ram al\u00e1 szerelve is elhelyezhet\u0151k.<\/p>\n<h3><strong>DOBM\u00c1GNESEK<\/strong><\/h3>\n<p>A dobm\u00e1gnesek jellemz\u0151en vassal er\u0151sen szennyezett porokhoz, granul\u00e1tumokhoz, rostokhoz \u00e9s durv\u00e1bb szemcs\u00e9j\u0171 anyagokhoz val\u00f3k. A m\u00e1gneses szepar\u00e1torok megg\u00e1tolj\u00e1k a v\u00e9gterm\u00e9k szennyez\u0151d\u00e9s\u00e9t \u00e9s a t\u00f6bbi berendez\u00e9s sz\u00fcks\u00e9gtelen k\u00e1rosod\u00e1s\u00e1t.<\/p>\n<p>A dobm\u00e1gnesek nagy kapacit\u00e1s\u00fa, szabades\u00e9ses vezet\u00e9kekben t\u00e1vol\u00edtj\u00e1k el a ferrom\u00e1gneses f\u00e9mr\u00e9szecsk\u00e9ket, p\u00e9ld\u00e1ul a vasat, ac\u00e9lt \u00e9s a gyeng\u00e9n m\u00e1gneses r\u00e9szecsk\u00e9ket, p\u00e9ld\u00e1ul a megmunk\u00e1lt rozsdamentes ac\u00e9lt.<\/p>\n<p>A dobm\u00e1gnes egy \u00e1ll\u00f3 helyzet\u0171 180\u00b0-os m\u00e1gnesszegmens, ami k\u00f6r\u00fcl egy rozsdamentes ac\u00e9ldob forog. A dobm\u00e1gnes folyamatos m\u0171k\u00f6d\u00e9s\u0171 rendszer, melyn\u00e9l a kisz\u0171rt vasr\u00e9szecsk\u00e9k elt\u00e1vol\u00edt\u00e1s\u00e1hoz nem kell meg\u00e1ll\u00edtani a term\u00e9ny\u00e1raml\u00e1st. A dobm\u00e1gnes ez\u00e9rt kifejezetten alkalmas vassal er\u0151sen szennyezett term\u00e9ny\u00e1ramokhoz.<\/p>\n","protected":false},"excerpt":{"rendered":"<p>A Tornum cs\u0151m\u00e1gnesek nagy kapacit\u00e1s\u00fa szabades\u00e9ses vezet\u00e9kekben sz\u0171rik ki a nemk\u00edv\u00e1natos ferrom\u00e1gneses f\u00e9mr\u00e9szecsk\u00e9ket a granul\u00e1tumokb\u00f3l, rostokb\u00f3l \u00e9s egy\u00e9b durv\u00e1bb szemcs\u00e9j\u0171 anyagokb\u00f3l. Folyamatos m\u0171k\u00f6d\u00e9st biztos\u00edt\u00f3 robusztus kialak\u00edt\u00e1s\u00fa egys\u00e9gek. A m\u00e1gnesek rendszeres tiszt\u00edt\u00e1sa eset\u00e9n nagyon magas fok\u00fa lev\u00e1laszt\u00e1st biztos\u00edtanak.<\/p>\n","protected":false},"featured_media":22025,"comment_status":"open","ping_status":"closed","template":"","meta":{"_acf_changed":false},"product_brand":[],"product_cat":[420,434,427,428,435,498],"product_tag":[462,499,439,454],"class_list":{"0":"post-23221","1":"product","2":"type-product","3":"status-publish","4":"has-post-thumbnail","6":"product_cat-minden-termek-hu","7":"product_cat-takarmanyok-hu","8":"product_cat-elelmiszer-hu","9":"product_cat-gabona-hu","10":"product_cat-anyagmozgatas","11":"product_cat-csorendszer-hu","12":"product_tag-cleaning-hu","13":"product_tag-pipes-hu","14":"product_tag-separation-hu","15":"product_tag-transport-hu","16":"description-off","18":"first","19":"instock","20":"shipping-taxable","21":"product-type-simple"},"acf":[],"_links":{"self":[{"href":"https:\/\/www.tornum.com\/hu\/wp-json\/wp\/v2\/product\/23221","targetHints":{"allow":["GET"]}}],"collection":[{"href":"https:\/\/www.tornum.com\/hu\/wp-json\/wp\/v2\/product"}],"about":[{"href":"https:\/\/www.tornum.com\/hu\/wp-json\/wp\/v2\/types\/product"}],"replies":[{"embeddable":true,"href":"https:\/\/www.tornum.com\/hu\/wp-json\/wp\/v2\/comments?post=23221"}],"version-history":[{"count":2,"href":"https:\/\/www.tornum.com\/hu\/wp-json\/wp\/v2\/product\/23221\/revisions"}],"predecessor-version":[{"id":23228,"href":"https:\/\/www.tornum.com\/hu\/wp-json\/wp\/v2\/product\/23221\/revisions\/23228"}],"wp:featuredmedia":[{"embeddable":true,"href":"https:\/\/www.tornum.com\/hu\/wp-json\/wp\/v2\/media\/22025"}],"wp:attachment":[{"href":"https:\/\/www.tornum.com\/hu\/wp-json\/wp\/v2\/media?parent=23221"}],"wp:term":[{"taxonomy":"product_brand","embeddable":true,"href":"https:\/\/www.tornum.com\/hu\/wp-json\/wp\/v2\/product_brand?post=23221"},{"taxonomy":"product_cat","embeddable":true,"href":"https:\/\/www.tornum.com\/hu\/wp-json\/wp\/v2\/product_cat?post=23221"},{"taxonomy":"product_tag","embeddable":true,"href":"https:\/\/www.tornum.com\/hu\/wp-json\/wp\/v2\/product_tag?post=23221"}],"curies":[{"name":"wp","href":"https:\/\/api.w.org\/{rel}","templated":true}]}}