{"id":23222,"date":"2023-06-12T11:27:56","date_gmt":"2023-06-12T11:27:56","guid":{"rendered":"https:\/\/www.tornum.com\/product\/nmc-natural-moisture-control\/"},"modified":"2025-08-01T06:54:45","modified_gmt":"2025-08-01T06:54:45","slug":"nmc-termeszetes-nedvessegszabalyozas","status":"publish","type":"product","link":"https:\/\/www.tornum.com\/hu\/termek\/nmc-termeszetes-nedvessegszabalyozas\/","title":{"rendered":"NMC &#8211; TERM\u00c9SZETES NEDVESS\u00c9GSZAB\u00c1LYOZ\u00c1S"},"content":{"rendered":"<div class=\"wpb-content-wrapper\"><p>[vc_row][vc_column width=&#8221;1\/2&#8243;][vc_column_text]A saj\u00e1t fejleszt\u00e9s\u0171 NMC &#8211; Natural Moisture Control (term\u00e9szetes nedvess\u00e9gszab\u00e1lyoz\u00e1s) vez\u00e9rl\u0151rendszer\u00fcnk teljes k\u00f6r\u0171 ellen\u0151rz\u00e9st biztos\u00edt az \u00d6n sz\u00e1r\u00edt\u00f3- vagy t\u00e1rol\u00f3sil\u00f3j\u00e1nak teljes sz\u00e1r\u00edt\u00e1si \u00e9s t\u00e1rol\u00e1si folyamat\u00e1ban. A rendszer akt\u00edvan m\u0171k\u00f6dik, hogy mind a sz\u00e1r\u00edt\u00e1st, mind a leveg\u0151ztet\u00e9st, mind a kever\u00e9st a t\u00e1rol\u00f3t\u00e9ren bel\u00fcli \u00e9s k\u00edv\u00fcli t\u00e9nyleges k\u00f6r\u00fclm\u00e9nyekhez igaz\u00edtsa. Az NMC gondos \u00e9s energiatakar\u00e9kos sz\u00e1r\u00edt\u00e1si folyamatot hoz l\u00e9tre, amely a term\u00e9st sz\u00e1ll\u00edt\u00e1sra k\u00e9sz \u00e1llapotba hozza. A teljes t\u00e1rol\u00e1si id\u0151szak alatt biztos\u00edtja a gabona min\u0151s\u00e9g\u00e9t \u00e9s \u00e9rt\u00e9k\u00e9t. [\/vc_column_text][\/vc_column][vc_column width=&#8221;1\/2&#8243;][vc_column_text]<strong>Akt\u00edv fel\u00fcgyelet<br \/>\n<\/strong><span data-contrast=\"auto\">Az NMC rendszer folyamatosan figyeli \u00e9s elemzi a telep\u00edtett \u00e9rz\u00e9kel\u0151kb\u0151l sz\u00e1rmaz\u00f3 inform\u00e1ci\u00f3kat. Elt\u00e9r\u00e9s eset\u00e9n riaszt\u00e1st ad, \u00e9s a mechanikus vez\u00e9rl\u00e9shez telep\u00edtett ventil\u00e1torok \u00e9s kever\u0151berendez\u00e9sek seg\u00edts\u00e9g\u00e9vel \u00f6n\u00e1ll\u00f3an is k\u00e9pes beavatkozni a megfelel\u0151 nedvess\u00e9gtartalom el\u00e9r\u00e9se \u00e9rdek\u00e9ben.<\/span><span data-ccp-props=\"{&quot;134233117&quot;:true,&quot;134233118&quot;:true,&quot;201341983&quot;:0,&quot;335559740&quot;:240}\">\u00a0<\/span><\/p>\n<p><strong>Alacsonyabb energiafogyaszt\u00e1s<br \/>\n<\/strong><span data-contrast=\"auto\">A rendszer figyeli a h\u0151m\u00e9rs\u00e9kletet \u00e9s a p\u00e1ratartalom szintj\u00e9t a sil\u00f3n bel\u00fcl \u00e9s k\u00edv\u00fcl egyar\u00e1nt, \u00e9s a k\u00f6r\u00fclm\u00e9nyeknek megfelel\u0151en \u00e1ll\u00edtja be a folyamatot.<\/span><span data-ccp-props=\"{&quot;134233117&quot;:true,&quot;134233118&quot;:true,&quot;201341983&quot;:0,&quot;335559740&quot;:240}\">\u00a0<\/span><\/p>\n<p><strong>Szabads\u00e1g \u00e9s id\u0151megtakar\u00edt\u00e1s<br \/>\n<\/strong><span data-contrast=\"auto\">Az NMC rendszer felh\u0151alap\u00fa, mobileszk\u00f6z\u00f6kr\u0151l \u00e9s sz\u00e1m\u00edt\u00f3g\u00e9pekr\u0151l vez\u00e9relhet\u0151 \u00e9s fel\u00fcgyelhet\u0151. Teljes k\u00f6r\u0171 ellen\u0151rz\u00e9st biztos\u00edt, b\u00e1rhol is tart\u00f3zkodik.<\/span><\/p>\n<p><strong>K\u00edm\u00e9letes sz\u00e1r\u00edt\u00e1s<br \/>\n<\/strong><span data-contrast=\"auto\">Az\u00e1ltal, hogy a sz\u00e1r\u00edt\u00e1si folyamatot a k\u00f6rnyezeti felt\u00e9telekhez igaz\u00edtja, \u00e9s csak a l\u00e9g\u00e1raml\u00e1st szab\u00e1lyozza, a rendszer a term\u00e9nyek term\u00e9szetes kisz\u00e1rad\u00e1s folyamat\u00e1t szimul\u00e1lja. Ez rendk\u00edv\u00fcl k\u00edm\u00e9letes sz\u00e1r\u00edt\u00e1st eredm\u00e9nyez, olyan hirtelen v\u00e1ltoz\u00e1sok n\u00e9lk\u00fcl, amelyek megterheln\u00e9k a term\u00e9nyeket \u00e9s ronthatn\u00e1k a min\u0151s\u00e9get.<\/span><span data-ccp-props=\"{&quot;134233117&quot;:true,&quot;134233118&quot;:true,&quot;201341983&quot;:0,&quot;335559740&quot;:240}\">\u00a0<\/span><\/p>\n<p><span data-ccp-props=\"{&quot;134233117&quot;:true,&quot;134233118&quot;:true,&quot;201341983&quot;:0,&quot;335559740&quot;:240}\">\u00a0<\/span>[\/vc_column_text][\/vc_column][\/vc_row]<\/p>\n<\/div>","protected":false},"excerpt":{"rendered":"<p><span data-contrast=\"auto\">Az NMC rendszer folyamatosan figyeli \u00e9s elemzi az \u00f6sszes telep\u00edtett \u00e9rz\u00e9kel\u0151b\u0151l sz\u00e1rmaz\u00f3 inform\u00e1ci\u00f3t. Abban az esetben, ha elt\u00e9r\u00e9seket \u00e9szlel, riaszt\u00e1st ad, \u00e9s automatikus m\u00f3don k\u00e9pes beavatkozni a rendszerbe telep\u00edtett ventil\u00e1torok \u00e9s kever\u0151berendez\u00e9sek vez\u00e9rl\u00e9s\u00e9vel a megfelel\u0151 nedvess\u00e9gtartalom el\u00e9r\u00e9se \u00e9rdek\u00e9ben.<\/span><span data-ccp-props=\"{&quot;134233117&quot;:true,&quot;134233118&quot;:true,&quot;201341983&quot;:0,&quot;335559740&quot;:240}\">\u00a0<\/span><\/p>\n","protected":false},"featured_media":53385,"comment_status":"open","ping_status":"closed","template":"","meta":{"_acf_changed":false},"product_brand":[],"product_cat":[420,428,440,500],"product_tag":[443,468],"class_list":{"0":"post-23222","1":"product","2":"type-product","3":"status-publish","4":"has-post-thumbnail","6":"product_cat-minden-termek-hu","7":"product_cat-gabona-hu","8":"product_cat-gabonakezeles","9":"product_cat-nmc-hu","10":"product_tag-monitoring-hu","11":"product_tag-storage-hu","12":"description-off","14":"first","15":"instock","16":"shipping-taxable","17":"product-type-simple"},"acf":[],"_links":{"self":[{"href":"https:\/\/www.tornum.com\/hu\/wp-json\/wp\/v2\/product\/23222","targetHints":{"allow":["GET"]}}],"collection":[{"href":"https:\/\/www.tornum.com\/hu\/wp-json\/wp\/v2\/product"}],"about":[{"href":"https:\/\/www.tornum.com\/hu\/wp-json\/wp\/v2\/types\/product"}],"replies":[{"embeddable":true,"href":"https:\/\/www.tornum.com\/hu\/wp-json\/wp\/v2\/comments?post=23222"}],"version-history":[{"count":4,"href":"https:\/\/www.tornum.com\/hu\/wp-json\/wp\/v2\/product\/23222\/revisions"}],"predecessor-version":[{"id":51097,"href":"https:\/\/www.tornum.com\/hu\/wp-json\/wp\/v2\/product\/23222\/revisions\/51097"}],"wp:featuredmedia":[{"embeddable":true,"href":"https:\/\/www.tornum.com\/hu\/wp-json\/wp\/v2\/media\/53385"}],"wp:attachment":[{"href":"https:\/\/www.tornum.com\/hu\/wp-json\/wp\/v2\/media?parent=23222"}],"wp:term":[{"taxonomy":"product_brand","embeddable":true,"href":"https:\/\/www.tornum.com\/hu\/wp-json\/wp\/v2\/product_brand?post=23222"},{"taxonomy":"product_cat","embeddable":true,"href":"https:\/\/www.tornum.com\/hu\/wp-json\/wp\/v2\/product_cat?post=23222"},{"taxonomy":"product_tag","embeddable":true,"href":"https:\/\/www.tornum.com\/hu\/wp-json\/wp\/v2\/product_tag?post=23222"}],"curies":[{"name":"wp","href":"https:\/\/api.w.org\/{rel}","templated":true}]}}