{"id":23223,"date":"2023-05-14T21:02:04","date_gmt":"2023-05-14T21:02:04","guid":{"rendered":"https:\/\/www.tornum.com\/product\/relay-cabinet\/"},"modified":"2025-07-30T12:59:25","modified_gmt":"2025-07-30T12:59:25","slug":"plc-elektromos-szekreny","status":"publish","type":"product","link":"https:\/\/www.tornum.com\/hu\/termek\/plc-elektromos-szekreny\/","title":{"rendered":"PLC ELEKTROMOS SZEKR\u00c9NY"},"content":{"rendered":"<div class=\"wpb-content-wrapper\"><p>[vc_row][vc_column width=&#8221;2\/3&#8243;][vc_column_text]A TORNUM PLC elektromos szekr\u00e9nyei testre szabottan igazodnak minden egyedi \u00fcgyf\u00e9lig\u00e9nyhez. A szekr\u00e9ny a sz\u00e1r\u00edt\u00f3berendez\u00e9s vez\u00e9rl\u00e9si funkci\u00f3j\u00e1t l\u00e1tja el, amely egy k\u00e9nyelmes \u00e9s biztons\u00e1gos helyen ker\u00fcl elhelyez\u00e9sre.<br \/>\n[\/vc_column_text][\/vc_column][vc_column width=&#8221;1\/3&#8243;][vc_column_text]<strong>FEL\u00c9P\u00cdT\u00c9S \u00c9S FUNKCI\u00d3<\/strong><br \/>\n\u2022 PLC vez\u00e9rl\u00e9s<br \/>\n\u2022 Robusztus kialak\u00edt\u00e1s[\/vc_column_text][\/vc_column][\/vc_row]<\/p>\n<\/div>","protected":false},"excerpt":{"rendered":"<p>A TORNUM PLC elektromos szekr\u00e9nyei testre szabottan igazodnak minden egyedi \u00fcgyf\u00e9lig\u00e9nyhez.<\/p>\n","protected":false},"featured_media":22139,"comment_status":"open","ping_status":"closed","template":"","meta":{"_acf_changed":false},"product_brand":[],"product_cat":[420,440,497],"product_tag":[443,444,445],"class_list":{"0":"post-23223","1":"product","2":"type-product","3":"status-publish","4":"has-post-thumbnail","6":"product_cat-minden-termek-hu","7":"product_cat-gabonakezeles","8":"product_cat-kiegeszitok-grain-management-hu-anyagmozgatas","9":"product_tag-monitoring-hu","10":"product_tag-pc-hu","11":"product_tag-plc-hu","12":"description-off","14":"first","15":"instock","16":"shipping-taxable","17":"product-type-simple"},"acf":[],"_links":{"self":[{"href":"https:\/\/www.tornum.com\/hu\/wp-json\/wp\/v2\/product\/23223","targetHints":{"allow":["GET"]}}],"collection":[{"href":"https:\/\/www.tornum.com\/hu\/wp-json\/wp\/v2\/product"}],"about":[{"href":"https:\/\/www.tornum.com\/hu\/wp-json\/wp\/v2\/types\/product"}],"replies":[{"embeddable":true,"href":"https:\/\/www.tornum.com\/hu\/wp-json\/wp\/v2\/comments?post=23223"}],"version-history":[{"count":2,"href":"https:\/\/www.tornum.com\/hu\/wp-json\/wp\/v2\/product\/23223\/revisions"}],"predecessor-version":[{"id":23236,"href":"https:\/\/www.tornum.com\/hu\/wp-json\/wp\/v2\/product\/23223\/revisions\/23236"}],"wp:featuredmedia":[{"embeddable":true,"href":"https:\/\/www.tornum.com\/hu\/wp-json\/wp\/v2\/media\/22139"}],"wp:attachment":[{"href":"https:\/\/www.tornum.com\/hu\/wp-json\/wp\/v2\/media?parent=23223"}],"wp:term":[{"taxonomy":"product_brand","embeddable":true,"href":"https:\/\/www.tornum.com\/hu\/wp-json\/wp\/v2\/product_brand?post=23223"},{"taxonomy":"product_cat","embeddable":true,"href":"https:\/\/www.tornum.com\/hu\/wp-json\/wp\/v2\/product_cat?post=23223"},{"taxonomy":"product_tag","embeddable":true,"href":"https:\/\/www.tornum.com\/hu\/wp-json\/wp\/v2\/product_tag?post=23223"}],"curies":[{"name":"wp","href":"https:\/\/api.w.org\/{rel}","templated":true}]}}