{"id":23224,"date":"2023-05-04T12:51:09","date_gmt":"2023-05-04T12:51:09","guid":{"rendered":"https:\/\/www.tornum.com\/product\/rail-loading-equipment\/"},"modified":"2025-07-30T13:07:06","modified_gmt":"2025-07-30T13:07:06","slug":"vasuti-rakodoberendezesek","status":"publish","type":"product","link":"https:\/\/www.tornum.com\/hu\/termek\/vasuti-rakodoberendezesek\/","title":{"rendered":"VAS\u00daTI RAKOD\u00d3BERENDEZ\u00c9SEK"},"content":{"rendered":"<div class=\"wpb-content-wrapper\"><p>[vc_row][vc_column width=&#8221;2\/3&#8243;][vc_column_text]<\/p>\n<div class=\"content o-stack-sm c-text\">\n<p>A Tornum vas\u00fati t\u00f6lt\u0151tart\u00e1lyai gyorsan \u00e9s hat\u00e9konyan t\u00f6ltik meg a vagonokat. A kirakod\u00f3egys\u00e9g egy \u00e1llv\u00e1nyb\u00f3l \u00e9s n\u00e9gy darab n\u00e9gyzetes tart\u00e1lyb\u00f3l \u00e1ll, amelyek teljes \u0171rtartalma 320 m3. Emellett k\u00fcl\u00f6nb\u00f6z\u0151 m\u00e9ret\u0171 hengeres t\u00f6lt\u0151tart\u00e1lyokat is k\u00edn\u00e1lunk.<\/p>\n<\/div>\n<p>[\/vc_column_text][\/vc_column][vc_column width=&#8221;1\/3&#8243;][\/vc_column][\/vc_row]<\/p>\n<\/div>","protected":false},"excerpt":{"rendered":"<div class=\"content o-stack-sm c-text\">\n<p>A Tornum vas\u00fati t\u00f6lt\u0151tart\u00e1lyai gyorsan \u00e9s hat\u00e9konyan t\u00f6ltik meg a vagonokat. A kirakod\u00f3egys\u00e9g egy \u00e1llv\u00e1nyb\u00f3l \u00e9s n\u00e9gy darab n\u00e9gyzetes tart\u00e1lyb\u00f3l \u00e1ll, amelyek teljes \u0171rtartalma 320 m3. Emellett k\u00fcl\u00f6nb\u00f6z\u0151 m\u00e9ret\u0171 hengeres t\u00f6lt\u0151tart\u00e1lyokat is k\u00edn\u00e1lunk.<\/p>\n<\/div>\n","protected":false},"featured_media":22082,"comment_status":"open","ping_status":"closed","template":"","meta":{"_acf_changed":false},"product_brand":[],"product_cat":[420,427,428,465,469],"product_tag":[452,468,454],"class_list":{"0":"post-23224","1":"product","2":"type-product","3":"status-publish","4":"has-post-thumbnail","6":"product_cat-minden-termek-hu","7":"product_cat-elelmiszer-hu","8":"product_cat-gabona-hu","9":"product_cat-tarolas","10":"product_cat-tranzittartaly-hu","11":"product_tag-bin-hu","12":"product_tag-storage-hu","13":"product_tag-transport-hu","14":"description-off","16":"first","17":"instock","18":"shipping-taxable","19":"product-type-simple"},"acf":[],"_links":{"self":[{"href":"https:\/\/www.tornum.com\/hu\/wp-json\/wp\/v2\/product\/23224","targetHints":{"allow":["GET"]}}],"collection":[{"href":"https:\/\/www.tornum.com\/hu\/wp-json\/wp\/v2\/product"}],"about":[{"href":"https:\/\/www.tornum.com\/hu\/wp-json\/wp\/v2\/types\/product"}],"replies":[{"embeddable":true,"href":"https:\/\/www.tornum.com\/hu\/wp-json\/wp\/v2\/comments?post=23224"}],"version-history":[{"count":2,"href":"https:\/\/www.tornum.com\/hu\/wp-json\/wp\/v2\/product\/23224\/revisions"}],"predecessor-version":[{"id":23240,"href":"https:\/\/www.tornum.com\/hu\/wp-json\/wp\/v2\/product\/23224\/revisions\/23240"}],"wp:featuredmedia":[{"embeddable":true,"href":"https:\/\/www.tornum.com\/hu\/wp-json\/wp\/v2\/media\/22082"}],"wp:attachment":[{"href":"https:\/\/www.tornum.com\/hu\/wp-json\/wp\/v2\/media?parent=23224"}],"wp:term":[{"taxonomy":"product_brand","embeddable":true,"href":"https:\/\/www.tornum.com\/hu\/wp-json\/wp\/v2\/product_brand?post=23224"},{"taxonomy":"product_cat","embeddable":true,"href":"https:\/\/www.tornum.com\/hu\/wp-json\/wp\/v2\/product_cat?post=23224"},{"taxonomy":"product_tag","embeddable":true,"href":"https:\/\/www.tornum.com\/hu\/wp-json\/wp\/v2\/product_tag?post=23224"}],"curies":[{"name":"wp","href":"https:\/\/api.w.org\/{rel}","templated":true}]}}