{"id":23245,"date":"2023-04-03T13:08:41","date_gmt":"2023-04-03T13:08:41","guid":{"rendered":"https:\/\/www.tornum.com\/product\/receiving-hopper\/"},"modified":"2025-07-30T13:15:16","modified_gmt":"2025-07-30T13:15:16","slug":"fogadogarat","status":"publish","type":"product","link":"https:\/\/www.tornum.com\/hu\/termek\/fogadogarat\/","title":{"rendered":"FOGAD\u00d3GARAT"},"content":{"rendered":"<div class=\"wpb-content-wrapper\"><p>[vc_row][vc_column width=&#8221;2\/3&#8243;][vc_column_text]A Tornum fogad\u00f3garatot \u00fagy fejlesztett\u00e9k ki, hogy megfeleljen a be\u00e9rkez\u0151 gabona fogad\u00e1s\u00e1t v\u00e9gz\u0151 rendszer ir\u00e1nti piaci ig\u00e9nyeknek. A talaj felett helyezkedik el, \u00edgy csak minim\u00e1lis \u00e9p\u00edt\u00e9si \u00e9s f\u00f6ldmunk\u00e1ra van sz\u00fcks\u00e9g.<\/p>\n<p>N\u00e9gy k\u00fcl\u00f6nb\u00f6z\u0151 m\u00e9retben kaphat\u00f3, a garat magass\u00e1ga v\u00e1ltoztathat\u00f3. Hab\u00e1r a sz\u00e9less\u00e9ge r\u00f6gz\u00edtett; 4,5 m. A l\u00e1ncos sz\u00e1ll\u00edt\u00f3berendez\u00e9s kapacit\u00e1sa a garat alj\u00e1n 30 tonna\/\u00f3ra \u00e9s 120 tonna\/\u00f3ra k\u00f6z\u00f6tt v\u00e1laszthat\u00f3.[\/vc_column_text][\/vc_column][vc_column width=&#8221;1\/3&#8243;][\/vc_column][\/vc_row]<\/p>\n<\/div>","protected":false},"excerpt":{"rendered":"<p>A TORNUM fogad\u00f3garat a teheraut\u00f3kr\u00f3l t\u00f6rt\u00e9n\u0151 egyszer\u0171 gabona\u00e1tv\u00e9teli ir\u00e1nti ig\u00e9nyek alapj\u00e1n lett kifejlesztve. A fogad\u00f3tart\u00e1ly a talajszint felett helyezkedik el, ami minim\u00e1lisra cs\u00f6kkenti a sz\u00fcks\u00e9ges \u00e9p\u00edt\u00e9si \u00e9s f\u00f6ldmunk\u00e1kat.<\/p>\n","protected":false},"featured_media":20813,"comment_status":"open","ping_status":"closed","template":"","meta":{"_acf_changed":false},"product_brand":[],"product_cat":[420,434,427,428,435,455,456],"product_tag":[452,431,454],"class_list":{"0":"post-23245","1":"product","2":"type-product","3":"status-publish","4":"has-post-thumbnail","6":"product_cat-minden-termek-hu","7":"product_cat-takarmanyok-hu","8":"product_cat-elelmiszer-hu","9":"product_cat-gabona-hu","10":"product_cat-anyagmozgatas","11":"product_cat-beadagolo-aknak-hu","12":"product_cat-beadagolo-aknak-storage-hu","13":"product_tag-bin-hu","14":"product_tag-dryer-hu","15":"product_tag-transport-hu","16":"pa_products-type-grain-hu","17":"description-off","19":"first","20":"instock","21":"shipping-taxable","22":"product-type-simple"},"acf":[],"_links":{"self":[{"href":"https:\/\/www.tornum.com\/hu\/wp-json\/wp\/v2\/product\/23245","targetHints":{"allow":["GET"]}}],"collection":[{"href":"https:\/\/www.tornum.com\/hu\/wp-json\/wp\/v2\/product"}],"about":[{"href":"https:\/\/www.tornum.com\/hu\/wp-json\/wp\/v2\/types\/product"}],"replies":[{"embeddable":true,"href":"https:\/\/www.tornum.com\/hu\/wp-json\/wp\/v2\/comments?post=23245"}],"version-history":[{"count":2,"href":"https:\/\/www.tornum.com\/hu\/wp-json\/wp\/v2\/product\/23245\/revisions"}],"predecessor-version":[{"id":23249,"href":"https:\/\/www.tornum.com\/hu\/wp-json\/wp\/v2\/product\/23245\/revisions\/23249"}],"wp:featuredmedia":[{"embeddable":true,"href":"https:\/\/www.tornum.com\/hu\/wp-json\/wp\/v2\/media\/20813"}],"wp:attachment":[{"href":"https:\/\/www.tornum.com\/hu\/wp-json\/wp\/v2\/media?parent=23245"}],"wp:term":[{"taxonomy":"product_brand","embeddable":true,"href":"https:\/\/www.tornum.com\/hu\/wp-json\/wp\/v2\/product_brand?post=23245"},{"taxonomy":"product_cat","embeddable":true,"href":"https:\/\/www.tornum.com\/hu\/wp-json\/wp\/v2\/product_cat?post=23245"},{"taxonomy":"product_tag","embeddable":true,"href":"https:\/\/www.tornum.com\/hu\/wp-json\/wp\/v2\/product_tag?post=23245"}],"curies":[{"name":"wp","href":"https:\/\/api.w.org\/{rel}","templated":true}]}}