{"id":23250,"date":"2023-09-04T11:17:20","date_gmt":"2023-09-04T11:17:20","guid":{"rendered":"https:\/\/www.tornum.com\/product\/round-ducts\/"},"modified":"2025-07-30T13:22:05","modified_gmt":"2025-07-30T13:22:05","slug":"kerek-csorendszerek","status":"publish","type":"product","link":"https:\/\/www.tornum.com\/hu\/termek\/kerek-csorendszerek\/","title":{"rendered":"KEREK CS\u0150RENDSZEREK"},"content":{"rendered":"<div class=\"content o-stack-sm c-text\">\n<p>A modul\u00e1ris cs\u0151vezet\u00e9k rendszereket pontos peremes illeszt\u00e9sekkel kifejezetten gabonasz\u00e1ll\u00edt\u00e1shoz \u00e9s k\u00fcl\u00f6nb\u00f6z\u0151 t\u00f6meg\u00e1ruhoz haszn\u00e1lj\u00e1k. A f\u00f3liahegeszt\u00e9ssel hegesztett hosszir\u00e1ny\u00fa cs\u00f6vek nagy m\u00e9retpontoss\u00e1got \u00e9s korr\u00f3zi\u00f3v\u00e9delmet biztos\u00edtanak. A modul\u00e1ris rendszer lehet\u0151v\u00e9 teszi a cs\u0151alkatr\u00e9szek cser\u00e9j\u00e9t, valamint azt, hogy egy m\u00e1r megl\u00e9v\u0151 cs\u0151rendszer sz\u00fcks\u00e9g szerint b\u0151v\u00edthet\u0151 legyen. A 100-400 mm \u00e1tm\u00e9r\u0151j\u0171 cs\u0151alkatr\u00e9szek gyorsan rendelkez\u00e9sre \u00e1llnak rakt\u00e1rr\u00f3l, vagy cs\u00facstehnol\u00f3gi\u00e1s berendez\u00e9seinkkel gyorsan legy\u00e1rthat\u00f3ak, \u00edgy sz\u00fcks\u00e9g eset\u00e9n k\u00f6nnyen \u00e9s gyorsan cser\u00e9lhet\u0151ek az elemek, b\u0151v\u00edthet\u0151 a rendszer.<\/p>\n<p>A cs\u0151csal\u00e1d ig\u00e9ny szerint magasabb kop\u00e1sv\u00e9delemmel is el\u00e9rhet\u0151. Ezek a cs\u00f6vek kop\u00e1s\u00e1ll\u00f3 m\u0171anyag b\u00e9l\u00e9ssel vannak ell\u00e1tva, aminek eredm\u00e9nyek\u00e9nt az \u00e9lettartamuk ak\u00e1r 10-szeres\u00e9re n\u00f6velhet\u0151. A b\u00e9l\u00e9s is n\u00e9h\u00e1ny egyszer\u0171 l\u00e9p\u00e9ssel cser\u00e9lhet\u0151.<\/p>\n<\/div>\n","protected":false},"excerpt":{"rendered":"<p>Modul\u00e1ris kerek cs\u0151rendszereink k\u00fcl\u00f6nb\u00f6z\u0151 n\u00e9vleges m\u00e9retekben, vastags\u00e1gban, \u00e1tm\u00e9r\u0151ben, horganyzott vagy festett, bel\u00fclr\u0151l nagy s\u0171r\u0171s\u00e9g\u0171 APS v\u00e9delemmel vagy an\u00e9lk\u00fcl kaphat\u00f3k. B\u00e1rmilyen mez\u0151gazdas\u00e1gi alkalmaz\u00e1si ig\u00e9nynek megfelelnek vagy ak\u00e1r, ipari vagy kereskedelmi felhaszn\u00e1l\u00e1sra is alkalmasak.<\/p>\n","protected":false},"featured_media":22097,"comment_status":"open","ping_status":"closed","template":"","meta":{"_acf_changed":false},"product_brand":[],"product_cat":[420,434,427,428,435,498],"product_tag":[499,472],"class_list":{"0":"post-23250","1":"product","2":"type-product","3":"status-publish","4":"has-post-thumbnail","6":"product_cat-minden-termek-hu","7":"product_cat-takarmanyok-hu","8":"product_cat-elelmiszer-hu","9":"product_cat-gabona-hu","10":"product_cat-anyagmozgatas","11":"product_cat-csorendszer-hu","12":"product_tag-pipes-hu","13":"product_tag-radial-fan-hu","15":"first","16":"instock","17":"shipping-taxable","18":"product-type-simple"},"acf":[],"_links":{"self":[{"href":"https:\/\/www.tornum.com\/hu\/wp-json\/wp\/v2\/product\/23250","targetHints":{"allow":["GET"]}}],"collection":[{"href":"https:\/\/www.tornum.com\/hu\/wp-json\/wp\/v2\/product"}],"about":[{"href":"https:\/\/www.tornum.com\/hu\/wp-json\/wp\/v2\/types\/product"}],"replies":[{"embeddable":true,"href":"https:\/\/www.tornum.com\/hu\/wp-json\/wp\/v2\/comments?post=23250"}],"version-history":[{"count":3,"href":"https:\/\/www.tornum.com\/hu\/wp-json\/wp\/v2\/product\/23250\/revisions"}],"predecessor-version":[{"id":29727,"href":"https:\/\/www.tornum.com\/hu\/wp-json\/wp\/v2\/product\/23250\/revisions\/29727"}],"wp:featuredmedia":[{"embeddable":true,"href":"https:\/\/www.tornum.com\/hu\/wp-json\/wp\/v2\/media\/22097"}],"wp:attachment":[{"href":"https:\/\/www.tornum.com\/hu\/wp-json\/wp\/v2\/media?parent=23250"}],"wp:term":[{"taxonomy":"product_brand","embeddable":true,"href":"https:\/\/www.tornum.com\/hu\/wp-json\/wp\/v2\/product_brand?post=23250"},{"taxonomy":"product_cat","embeddable":true,"href":"https:\/\/www.tornum.com\/hu\/wp-json\/wp\/v2\/product_cat?post=23250"},{"taxonomy":"product_tag","embeddable":true,"href":"https:\/\/www.tornum.com\/hu\/wp-json\/wp\/v2\/product_tag?post=23250"}],"curies":[{"name":"wp","href":"https:\/\/api.w.org\/{rel}","templated":true}]}}