{"id":23251,"date":"2023-05-14T20:19:26","date_gmt":"2023-05-14T20:19:26","guid":{"rendered":"https:\/\/www.tornum.com\/product\/screw-auger\/"},"modified":"2025-07-31T05:30:59","modified_gmt":"2025-07-31T05:30:59","slug":"szallitocsiga","status":"publish","type":"product","link":"https:\/\/www.tornum.com\/hu\/termek\/szallitocsiga\/","title":{"rendered":"SZ\u00c1LL\u00cdT\u00d3CSIGA"},"content":{"rendered":"<p>A TORNUM sz\u00e1ll\u00edt\u00f3csiga szemcs\u00e9s \u00e9s por\u00edtott anyagok, p\u00e9ld\u00e1ul gabona, takarm\u00e1ny, granul\u00e1tum \u00e9s fapellet sz\u00e1ll\u00edt\u00e1s\u00e1ra alkalmazhat\u00f3. A v\u00edzszintest\u0151l a f\u00fcgg\u0151legesig t\u00f6bbf\u00e9le d\u0151l\u00e9ssz\u00f6gben haszn\u00e1lhat\u00f3. A csig\u00e1k a sz\u00fcks\u00e9ges anyaghoz \u00e9s kapacit\u00e1shoz igaz\u00edthat\u00f3k.<\/p>\n<p>Csig\u00e1s sz\u00e1ll\u00edt\u00f3szalagunk elve egy k\u00f6z\u00e9ps\u0151 tengely\u0171 spir\u00e1lis csavar, amelynek egy ac\u00e9lcs\u0151ben m\u0171k\u00f6dik. A cs\u0151rendszer r\u00f6gz\u00edtett szabv\u00e1ny hossz\u00fas\u00e1g\u00fa cs\u00f6vek kombin\u00e1ci\u00f3j\u00e1b\u00f3l \u00e1ll, amelyeket \u00fagy szerelnek \u00f6ssze, hogy a k\u00edv\u00e1nt hossz\u00fas\u00e1g\u00fa komplett sz\u00e1ll\u00edt\u00f3szalagot alkossanak.<\/p>\n<p>A meghajt\u00e1snak k\u00e9t f\u0151 t\u00edpusa l\u00e9tezik; Vagy az \u00fagynevezett k\u00f6zvetlen meghajt\u00e1s, ahol a motor k\u00f6zvetlen\u00fcl a csig\u00e1hoz van csatlakoztatva, \u00e9s csak egy tengelykapcsol\u00f3 van k\u00f6zte, vagy a ny\u00edlt \u00e1tt\u00e9tel\u0171 meghajt\u00e1s l\u00e1nc- vagy \u00e9ksz\u00edjhajt\u00e1ssal.<\/p>\n<p>A spir\u00e1l egy ac\u00e9l spir\u00e1lb\u00f3l \u00e1ll, cs\u0151szer\u0171 ac\u00e9lmaggal. A spir\u00e1l f\u0151csoportonk\u00e9nt k\u00fcl\u00f6nb\u00f6z\u0151 \u00e1tm\u00e9r\u0151vel kaphat\u00f3. A spir\u00e1l oszt\u00e1s\u00e1t \u00e9s \u00e1tm\u00e9r\u0151j\u00e9t az anyagt\u00edpusnak \u00e9s a k\u00edv\u00e1nt teljes\u00edtm\u00e9nynek megfelel\u0151en kell kiv\u00e1lasztani. A k\u00fcls\u0151 cs\u0151 horganyzott ac\u00e9lb\u00f3l k\u00e9sz\u00fcl. A spir\u00e1l \u00e9s a k\u00fcls\u0151 cs\u0151 egy\u00fctt egy \u00fagynevezett hosszabb\u00edt\u00f3t alkot.<\/p>\n","protected":false},"excerpt":{"rendered":"<p>A TORNUM sz\u00e1ll\u00edt\u00f3csiga szemcs\u00e9s \u00e9s por\u00edtott anyagok, p\u00e9ld\u00e1ul gabona, takarm\u00e1ny, granul\u00e1tum \u00e9s fapellet sz\u00e1ll\u00edt\u00e1s\u00e1ra alkalmazhat\u00f3. A v\u00edzszintest\u0151l a f\u00fcgg\u0151legesig t\u00f6bbf\u00e9le d\u0151l\u00e9ssz\u00f6gben haszn\u00e1lhat\u00f3. A csig\u00e1k a sz\u00fcks\u00e9ges anyaghoz \u00e9s kapacit\u00e1shoz igaz\u00edthat\u00f3k.<\/p>\n","protected":false},"featured_media":21163,"comment_status":"open","ping_status":"closed","template":"","meta":{"_acf_changed":false},"product_brand":[],"product_cat":[420,434,427,428,435,474],"product_tag":[468,454],"class_list":{"0":"post-23251","1":"product","2":"type-product","3":"status-publish","4":"has-post-thumbnail","6":"product_cat-minden-termek-hu","7":"product_cat-takarmanyok-hu","8":"product_cat-elelmiszer-hu","9":"product_cat-gabona-hu","10":"product_cat-anyagmozgatas","11":"product_cat-szallitocsiga-hu","12":"product_tag-storage-hu","13":"product_tag-transport-hu","14":"description-off","16":"first","17":"instock","18":"shipping-taxable","19":"product-type-simple"},"acf":[],"_links":{"self":[{"href":"https:\/\/www.tornum.com\/hu\/wp-json\/wp\/v2\/product\/23251","targetHints":{"allow":["GET"]}}],"collection":[{"href":"https:\/\/www.tornum.com\/hu\/wp-json\/wp\/v2\/product"}],"about":[{"href":"https:\/\/www.tornum.com\/hu\/wp-json\/wp\/v2\/types\/product"}],"replies":[{"embeddable":true,"href":"https:\/\/www.tornum.com\/hu\/wp-json\/wp\/v2\/comments?post=23251"}],"version-history":[{"count":3,"href":"https:\/\/www.tornum.com\/hu\/wp-json\/wp\/v2\/product\/23251\/revisions"}],"predecessor-version":[{"id":30439,"href":"https:\/\/www.tornum.com\/hu\/wp-json\/wp\/v2\/product\/23251\/revisions\/30439"}],"wp:featuredmedia":[{"embeddable":true,"href":"https:\/\/www.tornum.com\/hu\/wp-json\/wp\/v2\/media\/21163"}],"wp:attachment":[{"href":"https:\/\/www.tornum.com\/hu\/wp-json\/wp\/v2\/media?parent=23251"}],"wp:term":[{"taxonomy":"product_brand","embeddable":true,"href":"https:\/\/www.tornum.com\/hu\/wp-json\/wp\/v2\/product_brand?post=23251"},{"taxonomy":"product_cat","embeddable":true,"href":"https:\/\/www.tornum.com\/hu\/wp-json\/wp\/v2\/product_cat?post=23251"},{"taxonomy":"product_tag","embeddable":true,"href":"https:\/\/www.tornum.com\/hu\/wp-json\/wp\/v2\/product_tag?post=23251"}],"curies":[{"name":"wp","href":"https:\/\/api.w.org\/{rel}","templated":true}]}}