{"id":23252,"date":"2023-05-04T11:19:47","date_gmt":"2023-05-04T11:19:47","guid":{"rendered":"https:\/\/www.tornum.com\/product\/self-discharging-bin-st\/"},"modified":"2025-07-14T07:26:43","modified_gmt":"2025-07-14T07:26:43","slug":"st-onurito-tartaly","status":"publish","type":"product","link":"https:\/\/www.tornum.com\/hu\/termek\/st-onurito-tartaly\/","title":{"rendered":"ST \u00d6N\u00dcR\u00cdT\u0150 TART\u00c1LY"},"content":{"rendered":"<div class=\"wpb-content-wrapper\"><p>[vc_row][vc_column width=&#8221;2\/3&#8243;][vc_column_text]A Tornum ST \u00f6n\u00fcr\u00edt\u0151 tart\u00e1ly kifejezetten gabona t\u00e1rol\u00e1s\u00e1ra lett kialak\u00edtva, \u00e9s sz\u00e1mos k\u00fcl\u00f6nb\u00f6z\u0151 m\u00e9retben kaphat\u00f3. A f\u00f6ld\u00f6n \u00f6sszeszerelhet\u0151 szekci\u00f3k egy\u00fctt fel\u00e1ll\u00edthat\u00f3k.[\/vc_column_text][\/vc_column][vc_column width=&#8221;1\/3&#8243;][vc_column_text]<strong>JELLEMZ\u0150K<\/strong><br \/>\n\u2022 T\u0171zihorganyzott ac\u00e9lb\u00f3l k\u00e9sz\u00fclt<br \/>\n\u2022 Minden szekci\u00f3 505 mm magass\u00e1g\u00fa<br \/>\n\u2022 A f\u0151 t\u00f6lcs\u00e9rre szerelt szekci\u00f3k seg\u00edts\u00e9g\u00e9vel m\u00e9rete megn\u00f6velhet\u0151<br \/>\n\u2022 A sima bels\u0151 r\u00e9sz megk\u00f6nny\u00edti a tiszt\u00edt\u00e1st, \u00e9s nedves gabon\u00e1hoz is alkalmass\u00e1 teszi<br \/>\n\u2022 A kialak\u00edt\u00e1s sz\u00e1mos \u00f6sszeszerel\u00e9si m\u00f3dra ad lehet\u0151s\u00e9get, amellyel id\u0151 takar\u00edthat\u00f3 meg<br \/>\n\u2022 Kimeneti ny\u00edl\u00e1s m\u00e9rete: 200 x 200mm<br \/>\n\u2022 A t\u00f6lcs\u00e9r n\u00e9gysz\u00f6gletes l\u00e1bakkal rendelkezik, elemei csavaroz\u00e1ssal szerelhet\u0151k<\/p>\n<p><strong>KIEG\u00c9SZ\u00cdT\u0150K<\/strong><br \/>\n\u2022 Ellen\u0151rz\u0151 ny\u00edl\u00e1s padl\u00f3ra szerelt biztons\u00e1gi r\u00e1ccsal<br \/>\n\u2022 Kondicion\u00e1l\u00f3 csatorna<br \/>\n\u2022 Szintjelz\u0151<br \/>\n\u2022 H\u0151m\u00e9rs\u00e9klet-figyel\u00e9s<br \/>\n\u2022 Kimeneti csatlakoz\u00e1s<br \/>\n\u2022 V\u00e1laszfal<br \/>\n[\/vc_column_text][\/vc_column][\/vc_row]<\/p>\n<\/div>","protected":false},"excerpt":{"rendered":"<p>A Tornum ST \u00f6n\u00fcr\u00edt\u0151 tart\u00e1ly kifejezetten gabona t\u00e1rol\u00e1s\u00e1ra lett kialak\u00edtva, \u00e9s sz\u00e1mos k\u00fcl\u00f6nb\u00f6z\u0151 m\u00e9retben kaphat\u00f3. A f\u00f6ld\u00f6n \u00f6sszeszerelhet\u0151 szekci\u00f3k egy\u00fctt fel\u00e1ll\u00edthat\u00f3k.<\/p>\n","protected":false},"featured_media":21325,"comment_status":"open","ping_status":"closed","template":"","meta":{"_acf_changed":false},"product_brand":[],"product_cat":[420,427,465,501],"product_tag":[452,468,454],"class_list":{"0":"post-23252","1":"product","2":"type-product","3":"status-publish","4":"has-post-thumbnail","6":"product_cat-minden-termek-hu","7":"product_cat-elelmiszer-hu","8":"product_cat-tarolas","9":"product_cat-onurito-tartaly-hu","10":"product_tag-bin-hu","11":"product_tag-storage-hu","12":"product_tag-transport-hu","13":"description-off","15":"first","16":"instock","17":"shipping-taxable","18":"product-type-simple"},"acf":[],"_links":{"self":[{"href":"https:\/\/www.tornum.com\/hu\/wp-json\/wp\/v2\/product\/23252","targetHints":{"allow":["GET"]}}],"collection":[{"href":"https:\/\/www.tornum.com\/hu\/wp-json\/wp\/v2\/product"}],"about":[{"href":"https:\/\/www.tornum.com\/hu\/wp-json\/wp\/v2\/types\/product"}],"replies":[{"embeddable":true,"href":"https:\/\/www.tornum.com\/hu\/wp-json\/wp\/v2\/comments?post=23252"}],"version-history":[{"count":2,"href":"https:\/\/www.tornum.com\/hu\/wp-json\/wp\/v2\/product\/23252\/revisions"}],"predecessor-version":[{"id":23264,"href":"https:\/\/www.tornum.com\/hu\/wp-json\/wp\/v2\/product\/23252\/revisions\/23264"}],"wp:featuredmedia":[{"embeddable":true,"href":"https:\/\/www.tornum.com\/hu\/wp-json\/wp\/v2\/media\/21325"}],"wp:attachment":[{"href":"https:\/\/www.tornum.com\/hu\/wp-json\/wp\/v2\/media?parent=23252"}],"wp:term":[{"taxonomy":"product_brand","embeddable":true,"href":"https:\/\/www.tornum.com\/hu\/wp-json\/wp\/v2\/product_brand?post=23252"},{"taxonomy":"product_cat","embeddable":true,"href":"https:\/\/www.tornum.com\/hu\/wp-json\/wp\/v2\/product_cat?post=23252"},{"taxonomy":"product_tag","embeddable":true,"href":"https:\/\/www.tornum.com\/hu\/wp-json\/wp\/v2\/product_tag?post=23252"}],"curies":[{"name":"wp","href":"https:\/\/api.w.org\/{rel}","templated":true}]}}