{"id":23269,"date":"2023-05-14T20:04:48","date_gmt":"2023-05-14T20:04:48","guid":{"rendered":"https:\/\/www.tornum.com\/product\/spirogyre-sweep-auger\/"},"modified":"2025-07-31T05:44:04","modified_gmt":"2025-07-31T05:44:04","slug":"spirogyre-uritocsiga","status":"publish","type":"product","link":"https:\/\/www.tornum.com\/hu\/termek\/spirogyre-uritocsiga\/","title":{"rendered":"SPIROGYRE \u00dcR\u00cdT\u0150CSIGA"},"content":{"rendered":"<p><strong>MORILLON SPIROGYRE \u00dcR\u00cdT\u0150CSIGA<\/strong><\/p>\n<p>A Tornum \u00e1ltal forgalmazott Morillon Spirogyre egy robusztus \u00fcr\u00edt\u0151csiga, ami megfelel az ipari haszn\u00e1lat k\u00f6vetelm\u00e9nyeinek. 5\u201335 m\u00e9teres \u00e1tm\u00e9r\u0151j\u0171 sil\u00f3khoz haszn\u00e1lhat\u00f3.<\/p>\n<p>A Spirogyre k\u00e9tf\u00e9le v\u00e1ltozatban kaphat\u00f3: az S fels\u0151 csigahajt\u00e1sos motorral, az SCD pedig a biztons\u00e1gosabb m\u0171k\u00f6d\u00e9st \u00e9s a szervizel\u00e9shez t\u00f6rt\u00e9n\u0151 k\u00f6nny\u0171 hozz\u00e1f\u00e9r\u00e9st biztos\u00edt\u00f3 als\u00f3 motorral.<\/p>\n<p>A sil\u00f3ban a csiga el\u0151rehalad\u00e1sa gum\u00edrozott szegment\u00e1lt ker\u00e9kkel felszerelt hajt\u00e1ssal biztos\u00edthat\u00f3. A Spirogyre \u00fcr\u00edt\u0151csig\u00e1k \u00f6tf\u00e9le m\u00e9retben kaphat\u00f3k, 25\u2013300 tonna\/\u00f3ra kapacit\u00e1ssal.<\/p>\n","protected":false},"excerpt":{"rendered":"<p>A Tornum \u00e1ltal forgalmazott Morillon Spirogyre egy robusztus \u00fcr\u00edt\u0151csiga, ami megfelel az ipari haszn\u00e1lat k\u00f6vetelm\u00e9nyeinek. 5\u201335 m\u00e9teres \u00e1tm\u00e9r\u0151j\u0171 sil\u00f3khoz haszn\u00e1lhat\u00f3.<\/p>\n","protected":false},"featured_media":22031,"comment_status":"open","ping_status":"closed","template":"","meta":{"_acf_changed":false},"product_brand":[],"product_cat":[420,428,435,473,474,502],"product_tag":[468,454],"class_list":{"0":"post-23269","1":"product","2":"type-product","3":"status-publish","4":"has-post-thumbnail","6":"product_cat-minden-termek-hu","7":"product_cat-gabona-hu","8":"product_cat-anyagmozgatas","9":"product_cat-silokiereszto-hu","10":"product_cat-szallitocsiga-hu","11":"product_cat-urito-szallitoszalag-hu","12":"product_tag-storage-hu","13":"product_tag-transport-hu","14":"description-off","16":"first","17":"instock","18":"shipping-taxable","19":"product-type-simple"},"acf":[],"_links":{"self":[{"href":"https:\/\/www.tornum.com\/hu\/wp-json\/wp\/v2\/product\/23269","targetHints":{"allow":["GET"]}}],"collection":[{"href":"https:\/\/www.tornum.com\/hu\/wp-json\/wp\/v2\/product"}],"about":[{"href":"https:\/\/www.tornum.com\/hu\/wp-json\/wp\/v2\/types\/product"}],"replies":[{"embeddable":true,"href":"https:\/\/www.tornum.com\/hu\/wp-json\/wp\/v2\/comments?post=23269"}],"version-history":[{"count":2,"href":"https:\/\/www.tornum.com\/hu\/wp-json\/wp\/v2\/product\/23269\/revisions"}],"predecessor-version":[{"id":23276,"href":"https:\/\/www.tornum.com\/hu\/wp-json\/wp\/v2\/product\/23269\/revisions\/23276"}],"wp:featuredmedia":[{"embeddable":true,"href":"https:\/\/www.tornum.com\/hu\/wp-json\/wp\/v2\/media\/22031"}],"wp:attachment":[{"href":"https:\/\/www.tornum.com\/hu\/wp-json\/wp\/v2\/media?parent=23269"}],"wp:term":[{"taxonomy":"product_brand","embeddable":true,"href":"https:\/\/www.tornum.com\/hu\/wp-json\/wp\/v2\/product_brand?post=23269"},{"taxonomy":"product_cat","embeddable":true,"href":"https:\/\/www.tornum.com\/hu\/wp-json\/wp\/v2\/product_cat?post=23269"},{"taxonomy":"product_tag","embeddable":true,"href":"https:\/\/www.tornum.com\/hu\/wp-json\/wp\/v2\/product_tag?post=23269"}],"curies":[{"name":"wp","href":"https:\/\/api.w.org\/{rel}","templated":true}]}}