{"id":23270,"date":"2023-05-14T20:02:43","date_gmt":"2023-05-14T20:02:43","guid":{"rendered":"https:\/\/www.tornum.com\/product\/sweep-auger-cst\/"},"modified":"2025-07-31T05:52:05","modified_gmt":"2025-07-31T05:52:05","slug":"cst-kitarolocsiga","status":"publish","type":"product","link":"https:\/\/www.tornum.com\/hu\/termek\/cst-kitarolocsiga\/","title":{"rendered":"CST KIT\u00c1ROL\u00d3CSIGA"},"content":{"rendered":"<h3>CST KIT\u00c1ROL\u00d3CSIGA<\/h3>\n<p>A CST kit\u00e1rol\u00f3csig\u00e1kat k\u00fcl\u00f6nf\u00e9le \u00e1tm\u00e9r\u0151j\u0171 sil\u00f3khoz gy\u00e1rtj\u00e1k \u00e9s a sil\u00f3ba t\u00f6rt\u00e9n\u0151 \u00e1lland\u00f3 elhelyez\u00e9sre, majd tart\u00f3s \u00fczemeltet\u00e9sre k\u00e9sz\u00fclnek, szabadon \u00e1raml\u00f3 szemcs\u00e9s anyagok mozgat\u00e1s\u00e1ra. H\u00e1rom elhelyez\u00e9s lehets\u00e9ges; a k\u00f6zvetlen\u00fcl kapcsol\u00f3d\u00f3 motoros hajt\u00f3m\u0171 be\u00e9p\u00edthet\u0151 a sil\u00f3ba, vagy tov\u00e1bbi k\u00f6lts\u00e9g\u00e9rt a sil\u00f3 alatti t\u00e9rbe.<\/p>\n<p><strong>CST KIT\u00c1ROL\u00d3CSIGA<\/strong><br \/>\nEz a lejt\u0151s fedel\u0171 kompakt, \u00e1lland\u00f3 \u00fczem\u0171 kit\u00e1rol\u00f3csiga k\u00f6zvetlen\u00fcl kapcsol\u00f3d\u00f3 motoros hajt\u00f3m\u0171vel, cs\u00fasz\u00f3gy\u0171r\u0171vel \u00e9s j\u00e1r\u00f3lemezes halad\u00e1ssal, 30-50t\/h kapacit\u00e1ssal kaphat\u00f3, \u00e9s az FP06-FP18 sil\u00f3khoz illeszkedik. Tov\u00e1bbi k\u00f6lts\u00e9g\u00e9rt ATEX-szabv\u00e1ny\u00fa is beszerezhet\u0151. A lejt\u0151s burkolat \u00e9s a v\u00e1zkeret horganyzott.<\/p>\n<p><strong>CSTF KIT\u00c1ROL\u00d3CSIGA<\/strong><br \/>\nH\u00e1rom elhelyez\u00e9s lehets\u00e9ges; a k\u00f6zvetlen\u00fcl kapcsol\u00f3d\u00f3 motoros hajt\u00f3m\u0171 be\u00e9p\u00edthet\u0151 a sil\u00f3ba, vagy tov\u00e1bbi k\u00f6lts\u00e9g\u00e9rt a sil\u00f3 alatti t\u00e9rbe.<br \/>\nA CSTF folyamatos \u00fczem\u0171 kit\u00e1rol\u00f3csiga festett lejt\u0151s fed\u00e9llel, csavark\u00f6t\u00e9s\u0171 peremes csatlakoz\u00e1sokkal, k\u00f6zvetlen\u00fcl kapcsol\u00f3d\u00f3 motoros hajt\u00f3m\u0171vel, cs\u00fasz\u00f3gy\u0171r\u0171vel \u00e9s j\u00e1r\u00f3lemezes halad\u00e1ssal, 30-50t\/h kapacit\u00e1ssal kaphat\u00f3, \u00e9s az FP18-FP26 sil\u00f3khoz illeszkedik. Tov\u00e1bbi k\u00f6lts\u00e9g\u00e9rt ATEX-szabv\u00e1ny\u00fa is beszerezhet\u0151. A v\u00e1zkeret horganyzott.<\/p>\n<p><strong>CSTFR \/ CSTFRH KIT\u00c1ROL\u00d3CSIGA<\/strong><br \/>\nA hajt\u00f3m\u0171 vastagon festett k\u00f6zponti tart\u00f3v\u00e1zra van szerelve; ATEX-v\u00e1ltozat is kaphat\u00f3. A nagyobb ig\u00e9nybev\u00e9telekre k\u00e9sz\u00fclt CSTFR kit\u00e1rol\u00f3csiga kapacit\u00e1sa szint\u00e9n 30-50t\/h, \u00e9s az FP20-FP26 sil\u00f3khoz illeszkedik. K\u00e9r\u00e9sre ATEX-szabv\u00e1ny\u00fa hajt\u00f3m\u0171vel sz\u00e1ll\u00edtjuk. A kifejezetten h\u00e1ntolatlan rizshez k\u00e9sz\u00fclt CSTFRH kit\u00e1rol\u00f3csiga hasonl\u00f3 meghajt\u00e1ssal rendelkezik, a halad\u00e1shoz pedig gumiabroncsos kerekeket haszn\u00e1l.<\/p>\n","protected":false},"excerpt":{"rendered":"<p>A CST kit\u00e1rol\u00f3csig\u00e1kat k\u00fcl\u00f6nf\u00e9le \u00e1tm\u00e9r\u0151j\u0171 sil\u00f3khoz gy\u00e1rtj\u00e1k \u00e9s a sil\u00f3ba t\u00f6rt\u00e9n\u0151 \u00e1lland\u00f3 elhelyez\u00e9sre, majd tart\u00f3s \u00fczemeltet\u00e9sre k\u00e9sz\u00fclnek, szabadon \u00e1raml\u00f3 szemcs\u00e9s anyagok mozgat\u00e1s\u00e1ra. H\u00e1rom elhelyez\u00e9s lehets\u00e9ges; a k\u00f6zvetlen\u00fcl kapcsol\u00f3d\u00f3 motoros hajt\u00f3m\u0171 be\u00e9p\u00edthet\u0151 a sil\u00f3ba, vagy tov\u00e1bbi k\u00f6lts\u00e9g\u00e9rt a sil\u00f3 alatti t\u00e9rbe.<\/p>\n","protected":false},"featured_media":21129,"comment_status":"open","ping_status":"closed","template":"","meta":{"_acf_changed":false},"product_brand":[],"product_cat":[420,428,435,474,502],"product_tag":[468,454],"class_list":{"0":"post-23270","1":"product","2":"type-product","3":"status-publish","4":"has-post-thumbnail","6":"product_cat-minden-termek-hu","7":"product_cat-gabona-hu","8":"product_cat-anyagmozgatas","9":"product_cat-szallitocsiga-hu","10":"product_cat-urito-szallitoszalag-hu","11":"product_tag-storage-hu","12":"product_tag-transport-hu","13":"description-off","15":"first","16":"instock","17":"shipping-taxable","18":"product-type-simple"},"acf":[],"_links":{"self":[{"href":"https:\/\/www.tornum.com\/hu\/wp-json\/wp\/v2\/product\/23270","targetHints":{"allow":["GET"]}}],"collection":[{"href":"https:\/\/www.tornum.com\/hu\/wp-json\/wp\/v2\/product"}],"about":[{"href":"https:\/\/www.tornum.com\/hu\/wp-json\/wp\/v2\/types\/product"}],"replies":[{"embeddable":true,"href":"https:\/\/www.tornum.com\/hu\/wp-json\/wp\/v2\/comments?post=23270"}],"version-history":[{"count":2,"href":"https:\/\/www.tornum.com\/hu\/wp-json\/wp\/v2\/product\/23270\/revisions"}],"predecessor-version":[{"id":23280,"href":"https:\/\/www.tornum.com\/hu\/wp-json\/wp\/v2\/product\/23270\/revisions\/23280"}],"wp:featuredmedia":[{"embeddable":true,"href":"https:\/\/www.tornum.com\/hu\/wp-json\/wp\/v2\/media\/21129"}],"wp:attachment":[{"href":"https:\/\/www.tornum.com\/hu\/wp-json\/wp\/v2\/media?parent=23270"}],"wp:term":[{"taxonomy":"product_brand","embeddable":true,"href":"https:\/\/www.tornum.com\/hu\/wp-json\/wp\/v2\/product_brand?post=23270"},{"taxonomy":"product_cat","embeddable":true,"href":"https:\/\/www.tornum.com\/hu\/wp-json\/wp\/v2\/product_cat?post=23270"},{"taxonomy":"product_tag","embeddable":true,"href":"https:\/\/www.tornum.com\/hu\/wp-json\/wp\/v2\/product_tag?post=23270"}],"curies":[{"name":"wp","href":"https:\/\/api.w.org\/{rel}","templated":true}]}}