{"id":23271,"date":"2023-05-14T20:07:50","date_gmt":"2023-05-14T20:07:50","guid":{"rendered":"https:\/\/www.tornum.com\/product\/sweep-conveyor-ktis\/"},"modified":"2025-07-09T14:04:58","modified_gmt":"2025-07-09T14:04:58","slug":"ktis-urito-szallitoszalag","status":"publish","type":"product","link":"https:\/\/www.tornum.com\/hu\/termek\/ktis-urito-szallitoszalag\/","title":{"rendered":"KTIS \u00dcR\u00cdT\u0150 SZ\u00c1LL\u00cdT\u00d3SZALAG"},"content":{"rendered":"<h3>SKANDIA KTIS SEPR\u0150R\u00c9DLER<\/h3>\n<p>A KTIS sepr\u0151r\u00e9dler a sil\u00f3b\u00f3l sz\u00e1ll\u00edtja ki az term\u00e9nyt a sil\u00f3 alatt elhelyezked\u0151 l\u00e1ncos sz\u00e1ll\u00edt\u00f3ra. Z\u00e1rt kialak\u00edt\u00e1ssal is m\u0171k\u00f6dtethet\u0151, \u00e9s mivel sepr\u0171vel is rendelkezik, csak eleny\u00e9sz\u0151 mennyis\u00e9g\u0171 gabona marad a sil\u00f3ban.<\/p>\n<p align=\"left\">A KTIS horganyzott anyagb\u00f3l k\u00e9sz\u00fclt, az EU g\u00e9p\u00e9szeti ir\u00e1nyelvei alapj\u00e1n. A KTIS II. kateg\u00f3ri\u00e1j\u00fa 0D\/OD l\u00e1ncos sz\u00e1ll\u00edt\u00f3nak min\u0151s\u00fcl, amely alkalmas nem oszt\u00e1lyozott por\u00e1llag\u00fa \u00e9s szemcs\u00e9s anyagok sz\u00e1ll\u00edt\u00e1s\u00e1ra.<\/p>\n<p align=\"left\">A KTIS sepr\u0151r\u00e9dler a sil\u00f3b\u00f3l, a sil\u00f3 alatt elhelyezett l\u00e1ncos sz\u00e1ll\u00edt\u00f3 megt\u00e1pl\u00e1l\u00e1s\u00e1ra lett tervezve. A n\u00e9vleges kapacit\u00e1sok 15%-os nedvess\u00e9gtartalm\u00fa \u00e9s 750 kg\/m\u00b3 \u00f6mlesztett s\u0171r\u0171s\u00e9g\u0171 gabon\u00e1ra vonatkoznak. A kapacit\u00e1sra gyakorolt hat\u00e1s ar\u00e1nya megegyezik a hajt\u00f3m\u0171 fordulatsz\u00e1m\u00e1nak v\u00e1ltoz\u00e1saival. A g\u00e9p bek\u00f6t\u00e9se dugasszal szerelt k\u00e1bellel t\u00f6rt\u00e9nik. K\u00fcl\u00f6n tartoz\u00e9kk\u00e9nt k\u00f6zponti cs\u00fasz\u00f3gy\u0171r\u0171 is v\u00e1s\u00e1rolhat\u00f3.<\/p>\n","protected":false},"excerpt":{"rendered":"<p>A KTIS sepr\u0151r\u00e9dler a sil\u00f3b\u00f3l sz\u00e1ll\u00edtja ki az term\u00e9nyt a sil\u00f3 alatt elhelyezked\u0151 l\u00e1ncos sz\u00e1ll\u00edt\u00f3ra. Z\u00e1rt kialak\u00edt\u00e1ssal is m\u0171k\u00f6dtethet\u0151, \u00e9s mivel sepr\u0171vel is rendelkezik, csak eleny\u00e9sz\u0151 mennyis\u00e9g\u0171 gabona marad a sil\u00f3ban.<\/p>\n","protected":false},"featured_media":21145,"comment_status":"open","ping_status":"closed","template":"","meta":{"_acf_changed":false},"product_brand":[],"product_cat":[420,428,435,487,473,502],"product_tag":[468,454],"class_list":{"0":"post-23271","1":"product","2":"type-product","3":"status-publish","4":"has-post-thumbnail","6":"product_cat-minden-termek-hu","7":"product_cat-gabona-hu","8":"product_cat-anyagmozgatas","9":"product_cat-szallitoberendezesek-hu","10":"product_cat-silokiereszto-hu","11":"product_cat-urito-szallitoszalag-hu","12":"product_tag-storage-hu","13":"product_tag-transport-hu","14":"description-off","16":"first","17":"instock","18":"shipping-taxable","19":"product-type-simple"},"acf":[],"_links":{"self":[{"href":"https:\/\/www.tornum.com\/hu\/wp-json\/wp\/v2\/product\/23271","targetHints":{"allow":["GET"]}}],"collection":[{"href":"https:\/\/www.tornum.com\/hu\/wp-json\/wp\/v2\/product"}],"about":[{"href":"https:\/\/www.tornum.com\/hu\/wp-json\/wp\/v2\/types\/product"}],"replies":[{"embeddable":true,"href":"https:\/\/www.tornum.com\/hu\/wp-json\/wp\/v2\/comments?post=23271"}],"version-history":[{"count":2,"href":"https:\/\/www.tornum.com\/hu\/wp-json\/wp\/v2\/product\/23271\/revisions"}],"predecessor-version":[{"id":23284,"href":"https:\/\/www.tornum.com\/hu\/wp-json\/wp\/v2\/product\/23271\/revisions\/23284"}],"wp:featuredmedia":[{"embeddable":true,"href":"https:\/\/www.tornum.com\/hu\/wp-json\/wp\/v2\/media\/21145"}],"wp:attachment":[{"href":"https:\/\/www.tornum.com\/hu\/wp-json\/wp\/v2\/media?parent=23271"}],"wp:term":[{"taxonomy":"product_brand","embeddable":true,"href":"https:\/\/www.tornum.com\/hu\/wp-json\/wp\/v2\/product_brand?post=23271"},{"taxonomy":"product_cat","embeddable":true,"href":"https:\/\/www.tornum.com\/hu\/wp-json\/wp\/v2\/product_cat?post=23271"},{"taxonomy":"product_tag","embeddable":true,"href":"https:\/\/www.tornum.com\/hu\/wp-json\/wp\/v2\/product_tag?post=23271"}],"curies":[{"name":"wp","href":"https:\/\/api.w.org\/{rel}","templated":true}]}}