{"id":23272,"date":"2023-05-14T20:09:44","date_gmt":"2023-05-14T20:09:44","guid":{"rendered":"https:\/\/www.tornum.com\/product\/sweep-out\/"},"modified":"2024-05-15T11:02:48","modified_gmt":"2024-05-15T11:02:48","slug":"sweep-out-kihordocsiga","status":"publish","type":"product","link":"https:\/\/www.tornum.com\/hu\/termek\/sweep-out-kihordocsiga\/","title":{"rendered":"SWEEP OUT KIHORD\u00d3CSIGA"},"content":{"rendered":"<h3>SWEEP OUT KIHORD\u00d3CSIGA<\/h3>\n<p>A Sweep Out gabonat\u00e1rol\u00f3 sil\u00f3k ki\u00fcr\u00edt\u00e9s\u00e9hez val\u00f3 hordozhat\u00f3 \u00fcr\u00edt\u0151csiga. A Sweep Out Sv\u00e9dorsz\u00e1gban k\u00e9sz\u00fcl, \u00e9s c\u00e9lszer\u0171en kialak\u00edtott robusztus konstrukci\u00f3val rendelkezik. Kialak\u00edt\u00e1sa felhaszn\u00e1l\u00f3bar\u00e1t, hordoz\u00f3foganty\u00faja pedig megk\u00f6nny\u00edti a sil\u00f3k k\u00f6z\u00f6tti mozgat\u00e1st. Maxim\u00e1lis kapacit\u00e1sa: 25 tonna\/\u00f3ra.<\/p>\n<p><strong>SZERKEZET \u00c9S FUNKCI\u00d3<\/strong><br \/>\n\u2022 K\u00f6zvetlen\u00fcl felszerelt hajt\u00f3m\u0171ves motor hajtja (kik\u00fcsz\u00f6b\u00f6lve a karbantart\u00e1st \u00e9s a t\u0171zvesz\u00e9lyt)<br \/>\n\u2022 4\u201315 m\u00e9ter \u00e1tm\u00e9r\u0151j\u0171 sil\u00f3khoz kaphat\u00f3, a m\u00e9retei mindenf\u00e9le kerek sil\u00f3hoz hozz\u00e1igaz\u00edthat\u00f3k<\/p>\n","protected":false},"excerpt":{"rendered":"<p>A Sweep Out gabonat\u00e1rol\u00f3 sil\u00f3k ki\u00fcr\u00edt\u00e9s\u00e9hez val\u00f3 hordozhat\u00f3 \u00fcr\u00edt\u0151csiga. A Sweep Out Sv\u00e9dorsz\u00e1gban k\u00e9sz\u00fcl, \u00e9s c\u00e9lszer\u0171en kialak\u00edtott robusztus konstrukci\u00f3val rendelkezik. Kialak\u00edt\u00e1sa felhaszn\u00e1l\u00f3bar\u00e1t, hordoz\u00f3foganty\u00faja pedig megk\u00f6nny\u00edti a sil\u00f3k k\u00f6z\u00f6tti mozgat\u00e1st. Maxim\u00e1lis kapacit\u00e1sa: 25 tonna\/\u00f3ra.<\/p>\n","protected":false},"featured_media":21153,"comment_status":"open","ping_status":"closed","template":"","meta":{"_acf_changed":false},"product_brand":[],"product_cat":[420,428,435,473,474,502],"product_tag":[468,454],"class_list":{"0":"post-23272","1":"product","2":"type-product","3":"status-publish","4":"has-post-thumbnail","6":"product_cat-minden-termek-hu","7":"product_cat-gabona-hu","8":"product_cat-anyagmozgatas","9":"product_cat-silokiereszto-hu","10":"product_cat-szallitocsiga-hu","11":"product_cat-urito-szallitoszalag-hu","12":"product_tag-storage-hu","13":"product_tag-transport-hu","14":"description-off","16":"first","17":"instock","18":"shipping-taxable","19":"product-type-simple"},"acf":[],"_links":{"self":[{"href":"https:\/\/www.tornum.com\/hu\/wp-json\/wp\/v2\/product\/23272","targetHints":{"allow":["GET"]}}],"collection":[{"href":"https:\/\/www.tornum.com\/hu\/wp-json\/wp\/v2\/product"}],"about":[{"href":"https:\/\/www.tornum.com\/hu\/wp-json\/wp\/v2\/types\/product"}],"replies":[{"embeddable":true,"href":"https:\/\/www.tornum.com\/hu\/wp-json\/wp\/v2\/comments?post=23272"}],"version-history":[{"count":2,"href":"https:\/\/www.tornum.com\/hu\/wp-json\/wp\/v2\/product\/23272\/revisions"}],"predecessor-version":[{"id":23288,"href":"https:\/\/www.tornum.com\/hu\/wp-json\/wp\/v2\/product\/23272\/revisions\/23288"}],"wp:featuredmedia":[{"embeddable":true,"href":"https:\/\/www.tornum.com\/hu\/wp-json\/wp\/v2\/media\/21153"}],"wp:attachment":[{"href":"https:\/\/www.tornum.com\/hu\/wp-json\/wp\/v2\/media?parent=23272"}],"wp:term":[{"taxonomy":"product_brand","embeddable":true,"href":"https:\/\/www.tornum.com\/hu\/wp-json\/wp\/v2\/product_brand?post=23272"},{"taxonomy":"product_cat","embeddable":true,"href":"https:\/\/www.tornum.com\/hu\/wp-json\/wp\/v2\/product_cat?post=23272"},{"taxonomy":"product_tag","embeddable":true,"href":"https:\/\/www.tornum.com\/hu\/wp-json\/wp\/v2\/product_tag?post=23272"}],"curies":[{"name":"wp","href":"https:\/\/api.w.org\/{rel}","templated":true}]}}